{"id":1438,"date":"2017-01-19T11:01:12","date_gmt":"2017-01-19T11:01:12","guid":{"rendered":"http:\/\/pronas.proinas.net\/producto\/pipe-clean\/"},"modified":"2022-04-07T23:00:15","modified_gmt":"2022-04-07T23:00:15","slug":"pipe-clean","status":"publish","type":"product","link":"https:\/\/www.proinas.com\/en\/product\/pipe-clean\/","title":{"rendered":"PIPE CLEAN"},"content":{"rendered":"<p style=\"text-align: justify;\"><b>Limpiador de alcantarillas, desag\u00fces\u00a0y drenajes en polvo<\/b><\/p>\n<ul>\n<li style=\"text-align: justify;\">Es un compuesto especialmente formulado para limpiar, de manera r\u00e1pida y segura, l\u00edneas de desag\u00fces y drenajes industriales afectados por acumulaciones de grasas y aceites.<\/li>\n<li style=\"text-align: justify;\">Calienta y afloja residuos y grasa en drenajes sin ser inflamable ni explosivo.<\/li>\n<\/ul>\n<p style=\"text-align: center;\"><a href=\"https:\/\/www.proinas.com\/wp-content\/uploads\/2022\/03\/PIPE_CLEAN_Ficha_Comercial-protegido.pdf\" target=\"_blank\" rel=\"noopener noreferrer\">FICHA COMERCIAL<\/a><\/p>\n<p style=\"text-align: center;\"><a href=\"http:\/\/www.proinas.com\/en\/contact-us\/\">FICHA T\u00c9CNICA<\/a><\/p>\n<p style=\"text-align: center;\"><a href=\"http:\/\/www.proinas.com\/en\/contact-us\/\">FICHA SEGURIDAD<\/a><\/p>","protected":false},"excerpt":{"rendered":"<p>Limpiador de alcantarillas, desag\u00fces\u00a0y drenajes en polvo Es un compuesto especialmente formulado para limpiar, de manera r\u00e1pida y segura, l\u00edneas de desag\u00fces y drenajes industriales afectados por acumulaciones de grasas y aceites. Calienta y afloja residuos y grasa en drenajes sin ser inflamable ni explosivo. FICHA COMERCIAL FICHA T\u00c9CNICA FICHA SEGURIDAD<\/p>","protected":false},"featured_media":3347,"template":"","meta":[],"product_brand":[],"product_cat":[175,154,163,15],"product_tag":[],"class_list":{"0":"post-1438","1":"product","2":"type-product","3":"status-publish","4":"has-post-thumbnail","6":"product_cat-biodesincrustantes-alimentos","7":"product_cat-biodesincrustantes-industrial","8":"product_cat-biodesincrustantes-institucional","9":"product_cat-biodesincrustantes","11":"first","12":"instock","13":"taxable","14":"shipping-taxable","15":"product-type-simple"},"_links":{"self":[{"href":"https:\/\/www.proinas.com\/en\/wp-json\/wp\/v2\/product\/1438","targetHints":{"allow":["GET"]}}],"collection":[{"href":"https:\/\/www.proinas.com\/en\/wp-json\/wp\/v2\/product"}],"about":[{"href":"https:\/\/www.proinas.com\/en\/wp-json\/wp\/v2\/types\/product"}],"wp:featuredmedia":[{"embeddable":true,"href":"https:\/\/www.proinas.com\/en\/wp-json\/wp\/v2\/media\/3347"}],"wp:attachment":[{"href":"https:\/\/www.proinas.com\/en\/wp-json\/wp\/v2\/media?parent=1438"}],"wp:term":[{"taxonomy":"product_brand","embeddable":true,"href":"https:\/\/www.proinas.com\/en\/wp-json\/wp\/v2\/product_brand?post=1438"},{"taxonomy":"product_cat","embeddable":true,"href":"https:\/\/www.proinas.com\/en\/wp-json\/wp\/v2\/product_cat?post=1438"},{"taxonomy":"product_tag","embeddable":true,"href":"https:\/\/www.proinas.com\/en\/wp-json\/wp\/v2\/product_tag?post=1438"}],"curies":[{"name":"wp","href":"https:\/\/api.w.org\/{rel}","templated":true}]}}