{"id":1440,"date":"2017-01-19T11:07:10","date_gmt":"2017-01-19T11:07:10","guid":{"rendered":"http:\/\/pronas.proinas.net\/producto\/sant-enzyme\/"},"modified":"2023-09-21T16:11:58","modified_gmt":"2023-09-21T16:11:58","slug":"sant-enzyme","status":"publish","type":"product","link":"https:\/\/www.proinas.com\/en\/product\/sant-enzyme\/","title":{"rendered":"SANT ENZYME"},"content":{"rendered":"<p style=\"text-align: justify;\"><strong>Neutralizador \u00e9nzimatico para malos olores.<\/strong><\/p>\n<ul>\n<li style=\"text-align: justify;\">Consiste en un l\u00edquido de suspensi\u00f3n bacteria que promueve la descomposici\u00f3n de materia org\u00e1nica, grasa, carbohidratos, aguas negras y sucias evitando el uso de \u00e1cidos, productos alcalinos o solventes que puedan ser perjudiciales.<\/li>\n<li style=\"text-align: justify;\">Puede usarse con seguridad en alfombras, tapetes,\u00a0tapicer\u00eda, recubrimientos de paredes y dem\u00e1s\u00a0superficies resistentes al agua.<\/li>\n<\/ul>\n<p style=\"text-align: center;\"><a href=\"https:\/\/www.proinas.com\/wp-content\/uploads\/2022\/03\/SANT_ENZYNE_Ficha_Comercial-protegido.pdf\" target=\"_blank\" rel=\"noopener noreferrer\">FICHA COMERCIAL<\/a><\/p>\n<p style=\"text-align: center;\"><a href=\"http:\/\/www.proinas.com\/en\/contact-us\/\">FICHA T\u00c9CNICA<\/a><\/p>\n<p style=\"text-align: center;\"><a href=\"http:\/\/www.proinas.com\/en\/contact-us\/\">FICHA SEGURIDAD<\/a><\/p>","protected":false},"excerpt":{"rendered":"<p>Neutralizador \u00e9nzimatico para malos olores. Consiste en un l\u00edquido de suspensi\u00f3n bacteria que promueve la descomposici\u00f3n de materia org\u00e1nica, grasa, carbohidratos, aguas negras y sucias evitando el uso de \u00e1cidos, productos alcalinos o solventes que puedan ser perjudiciales. Puede usarse con seguridad en alfombras, tapetes,\u00a0tapicer\u00eda, recubrimientos de paredes y dem\u00e1s\u00a0superficies resistentes al agua. FICHA COMERCIAL [&hellip;]<\/p>","protected":false},"featured_media":3347,"template":"","meta":[],"product_brand":[],"product_cat":[176,155,165,16],"product_tag":[],"class_list":{"0":"post-1440","1":"product","2":"type-product","3":"status-publish","4":"has-post-thumbnail","6":"product_cat-biodesinfectantes-alimentos","7":"product_cat-biodesinfectantes-industrial","8":"product_cat-biodesinfectantes-institucional","9":"product_cat-biodesinfectantes-y-sanitizadores","11":"first","12":"instock","13":"taxable","14":"shipping-taxable","15":"product-type-simple"},"_links":{"self":[{"href":"https:\/\/www.proinas.com\/en\/wp-json\/wp\/v2\/product\/1440","targetHints":{"allow":["GET"]}}],"collection":[{"href":"https:\/\/www.proinas.com\/en\/wp-json\/wp\/v2\/product"}],"about":[{"href":"https:\/\/www.proinas.com\/en\/wp-json\/wp\/v2\/types\/product"}],"wp:featuredmedia":[{"embeddable":true,"href":"https:\/\/www.proinas.com\/en\/wp-json\/wp\/v2\/media\/3347"}],"wp:attachment":[{"href":"https:\/\/www.proinas.com\/en\/wp-json\/wp\/v2\/media?parent=1440"}],"wp:term":[{"taxonomy":"product_brand","embeddable":true,"href":"https:\/\/www.proinas.com\/en\/wp-json\/wp\/v2\/product_brand?post=1440"},{"taxonomy":"product_cat","embeddable":true,"href":"https:\/\/www.proinas.com\/en\/wp-json\/wp\/v2\/product_cat?post=1440"},{"taxonomy":"product_tag","embeddable":true,"href":"https:\/\/www.proinas.com\/en\/wp-json\/wp\/v2\/product_tag?post=1440"}],"curies":[{"name":"wp","href":"https:\/\/api.w.org\/{rel}","templated":true}]}}