{"id":1442,"date":"2017-01-19T11:11:43","date_gmt":"2017-01-19T11:11:43","guid":{"rendered":"http:\/\/pronas.proinas.net\/producto\/santdina\/"},"modified":"2022-04-07T22:57:57","modified_gmt":"2022-04-07T22:57:57","slug":"santdina","status":"publish","type":"product","link":"https:\/\/www.proinas.com\/en\/product\/santdina\/","title":{"rendered":"SANTDINA"},"content":{"rendered":"<p style=\"text-align: justify;\"><strong>Desinfectante a base de Biguanidina Polim\u00e9rica.<\/strong><\/p>\n<ul>\n<li style=\"text-align: justify;\">Es un excelente desinfectante en base de biguanidinas polim\u00e9ricas, tenso activos, secuestrantes y desodorizantes mezclados en una soluci\u00f3n acuosa resistente a diluci\u00f3n en aguas duras.<\/li>\n<li style=\"text-align: justify;\">El\u00a0alto desempe\u00f1o de SANTDINA sumado a su baja\u00a0toxicidad hace de este producto una excelente opci\u00f3n para\u00a0las industrias alimenticia, frigor\u00edfica, l\u00e1ctea, farmac\u00e9utica y\u00a0cosm\u00e9tica Tambi\u00e9n es usado en la desinfecci\u00f3n de sectores\u00a0de cr\u00eda intensiva de aves, cerdos y vacunos en las cuales el\u00a0hacinamiento crea un ambiente propicio para el desarrollo de\u00a0enfermedades.<\/li>\n<\/ul>\n<p style=\"text-align: center;\"><a href=\"http:\/\/proinas.com\/wp-content\/uploads\/2017\/01\/SANTDINA_Ficha_Comercial.pdf\" target=\"_blank\" rel=\"noopener noreferrer\">FICHA COMERCIAL<\/a><\/p>\n<p style=\"text-align: center;\"><a href=\"http:\/\/www.proinas.com\/en\/contact-us\/\">FICHA T\u00c9CNICA<\/a><\/p>\n<p style=\"text-align: center;\"><a href=\"http:\/\/www.proinas.com\/en\/contact-us\/\">FICHA SEGURIDAD<\/a><\/p>","protected":false},"excerpt":{"rendered":"<p>Desinfectante a base de Biguanidina Polim\u00e9rica. Es un excelente desinfectante en base de biguanidinas polim\u00e9ricas, tenso activos, secuestrantes y desodorizantes mezclados en una soluci\u00f3n acuosa resistente a diluci\u00f3n en aguas duras. El\u00a0alto desempe\u00f1o de SANTDINA sumado a su baja\u00a0toxicidad hace de este producto una excelente opci\u00f3n para\u00a0las industrias alimenticia, frigor\u00edfica, l\u00e1ctea, farmac\u00e9utica y\u00a0cosm\u00e9tica Tambi\u00e9n es [&hellip;]<\/p>","protected":false},"featured_media":3347,"template":"","meta":[],"product_brand":[],"product_cat":[16],"product_tag":[],"class_list":{"0":"post-1442","1":"product","2":"type-product","3":"status-publish","4":"has-post-thumbnail","6":"product_cat-biodesinfectantes-y-sanitizadores","8":"first","9":"instock","10":"taxable","11":"shipping-taxable","12":"product-type-simple"},"_links":{"self":[{"href":"https:\/\/www.proinas.com\/en\/wp-json\/wp\/v2\/product\/1442","targetHints":{"allow":["GET"]}}],"collection":[{"href":"https:\/\/www.proinas.com\/en\/wp-json\/wp\/v2\/product"}],"about":[{"href":"https:\/\/www.proinas.com\/en\/wp-json\/wp\/v2\/types\/product"}],"wp:featuredmedia":[{"embeddable":true,"href":"https:\/\/www.proinas.com\/en\/wp-json\/wp\/v2\/media\/3347"}],"wp:attachment":[{"href":"https:\/\/www.proinas.com\/en\/wp-json\/wp\/v2\/media?parent=1442"}],"wp:term":[{"taxonomy":"product_brand","embeddable":true,"href":"https:\/\/www.proinas.com\/en\/wp-json\/wp\/v2\/product_brand?post=1442"},{"taxonomy":"product_cat","embeddable":true,"href":"https:\/\/www.proinas.com\/en\/wp-json\/wp\/v2\/product_cat?post=1442"},{"taxonomy":"product_tag","embeddable":true,"href":"https:\/\/www.proinas.com\/en\/wp-json\/wp\/v2\/product_tag?post=1442"}],"curies":[{"name":"wp","href":"https:\/\/api.w.org\/{rel}","templated":true}]}}