{"id":1444,"date":"2017-01-19T11:13:35","date_gmt":"2017-01-19T11:13:35","guid":{"rendered":"http:\/\/pronas.proinas.net\/producto\/santibath\/"},"modified":"2022-04-07T22:57:33","modified_gmt":"2022-04-07T22:57:33","slug":"santibath","status":"publish","type":"product","link":"https:\/\/www.proinas.com\/en\/product\/santibath\/","title":{"rendered":"SANTIBATH"},"content":{"rendered":"<p style=\"text-align: justify;\"><strong>Desintegrador org\u00e1nico para ba\u00f1os port\u00e1tiles.<\/strong><\/p>\n<ul>\n<li style=\"text-align: justify;\">Producto qu\u00edmico de base acuosa dise\u00f1ado espec\u00edficamente para la desintegraci\u00f3n y control de malos olores de desechos org\u00e1nicos en ba\u00f1os, orinales y pozos.<\/li>\n<li style=\"text-align: justify;\">Desintegra r\u00e1pidamente el material org\u00e1nico.<\/li>\n<li style=\"text-align: justify;\">Elimina el mal olor por su acci\u00f3n desinfectante.<\/li>\n<li style=\"text-align: justify;\">Imprime y mantiene un color agradable al agua\u00a0de los ba\u00f1os.<\/li>\n<\/ul>\n<p style=\"text-align: center;\"><a href=\"https:\/\/www.proinas.com\/wp-content\/uploads\/2022\/03\/SANTIBATH_Ficha_Comercial-protegido.pdf\" target=\"_blank\" rel=\"noopener noreferrer\">FICHA COMERCIAL<\/a><\/p>\n<p style=\"text-align: center;\"><a href=\"http:\/\/www.proinas.com\/en\/contact-us\/\">FICHA T\u00c9CNICA<\/a><\/p>\n<p style=\"text-align: center;\"><a href=\"http:\/\/www.proinas.com\/en\/contact-us\/\">FICHA SEGURIDAD<\/a><\/p>","protected":false},"excerpt":{"rendered":"<p>Desintegrador org\u00e1nico para ba\u00f1os port\u00e1tiles. Producto qu\u00edmico de base acuosa dise\u00f1ado espec\u00edficamente para la desintegraci\u00f3n y control de malos olores de desechos org\u00e1nicos en ba\u00f1os, orinales y pozos. Desintegra r\u00e1pidamente el material org\u00e1nico. Elimina el mal olor por su acci\u00f3n desinfectante. Imprime y mantiene un color agradable al agua\u00a0de los ba\u00f1os. FICHA COMERCIAL FICHA T\u00c9CNICA [&hellip;]<\/p>","protected":false},"featured_media":3347,"template":"","meta":[],"product_brand":[],"product_cat":[176,155,165,16],"product_tag":[],"class_list":{"0":"post-1444","1":"product","2":"type-product","3":"status-publish","4":"has-post-thumbnail","6":"product_cat-biodesinfectantes-alimentos","7":"product_cat-biodesinfectantes-industrial","8":"product_cat-biodesinfectantes-institucional","9":"product_cat-biodesinfectantes-y-sanitizadores","11":"first","12":"instock","13":"taxable","14":"shipping-taxable","15":"product-type-simple"},"_links":{"self":[{"href":"https:\/\/www.proinas.com\/en\/wp-json\/wp\/v2\/product\/1444","targetHints":{"allow":["GET"]}}],"collection":[{"href":"https:\/\/www.proinas.com\/en\/wp-json\/wp\/v2\/product"}],"about":[{"href":"https:\/\/www.proinas.com\/en\/wp-json\/wp\/v2\/types\/product"}],"wp:featuredmedia":[{"embeddable":true,"href":"https:\/\/www.proinas.com\/en\/wp-json\/wp\/v2\/media\/3347"}],"wp:attachment":[{"href":"https:\/\/www.proinas.com\/en\/wp-json\/wp\/v2\/media?parent=1444"}],"wp:term":[{"taxonomy":"product_brand","embeddable":true,"href":"https:\/\/www.proinas.com\/en\/wp-json\/wp\/v2\/product_brand?post=1444"},{"taxonomy":"product_cat","embeddable":true,"href":"https:\/\/www.proinas.com\/en\/wp-json\/wp\/v2\/product_cat?post=1444"},{"taxonomy":"product_tag","embeddable":true,"href":"https:\/\/www.proinas.com\/en\/wp-json\/wp\/v2\/product_tag?post=1444"}],"curies":[{"name":"wp","href":"https:\/\/api.w.org\/{rel}","templated":true}]}}