{"id":1455,"date":"2017-01-19T11:15:09","date_gmt":"2017-01-19T11:15:09","guid":{"rendered":"http:\/\/pronas.proinas.net\/producto\/santicide\/"},"modified":"2022-04-07T22:57:07","modified_gmt":"2022-04-07T22:57:07","slug":"santicide-15","status":"publish","type":"product","link":"https:\/\/www.proinas.com\/en\/product\/santicide-15\/","title":{"rendered":"SANTICIDE 15%"},"content":{"rendered":"<p style=\"text-align: justify;\"><strong>Desinfectante a base de \u00c1cido Perac\u00e9tico al 15%. Fungicida, Virucida y Bactericida.<\/strong><\/p>\n<ul>\n<li style=\"text-align: justify;\">Es un bactericida y fungicida a base de \u00e1cido perac\u00e9tico y per\u00f3xido de hidr\u00f3geno, combinaci\u00f3n que reacciona con la prote\u00edna celular del microorganismo, y mediante un efecto de reacci\u00f3n sobre todos los componentes proteicos del mismo terminan por destruirlo.<\/li>\n<li style=\"text-align: justify;\">Es muy efectivo contra un gran espectro de microorganismos, tales como bacterias\u00a0aerobias y anaerobias, esporas bacterianas, levaduras, mohos y sus esporas, as\u00ed como tambi\u00e9n\u00a0algas y virus Por sus caracter\u00edsticas y beneficios.<\/li>\n<\/ul>\n<p style=\"text-align: center;\"><a href=\"https:\/\/www.proinas.com\/wp-content\/uploads\/2022\/03\/SANTICIDE_15_Ficha_Comercial-protegido.pdf\" target=\"_blank\" rel=\"noopener noreferrer\">FICHA COMERCIAL<\/a><\/p>\n<p style=\"text-align: center;\"><a href=\"http:\/\/www.proinas.com\/en\/contact-us\/\">FICHA T\u00c9CNICA<\/a><\/p>\n<p style=\"text-align: center;\"><a href=\"http:\/\/www.proinas.com\/en\/contact-us\/\">FICHA\u00a0SEGURIDAD<\/a><\/p>","protected":false},"excerpt":{"rendered":"<p>Desinfectante a base de \u00c1cido Perac\u00e9tico al 15%. Fungicida, Virucida y Bactericida. Es un bactericida y fungicida a base de \u00e1cido perac\u00e9tico y per\u00f3xido de hidr\u00f3geno, combinaci\u00f3n que reacciona con la prote\u00edna celular del microorganismo, y mediante un efecto de reacci\u00f3n sobre todos los componentes proteicos del mismo terminan por destruirlo. Es muy efectivo contra [&hellip;]<\/p>","protected":false},"featured_media":3347,"template":"","meta":[],"product_brand":[],"product_cat":[176,16],"product_tag":[],"class_list":{"0":"post-1455","1":"product","2":"type-product","3":"status-publish","4":"has-post-thumbnail","6":"product_cat-biodesinfectantes-alimentos","7":"product_cat-biodesinfectantes-y-sanitizadores","9":"first","10":"instock","11":"taxable","12":"shipping-taxable","13":"product-type-simple"},"_links":{"self":[{"href":"https:\/\/www.proinas.com\/en\/wp-json\/wp\/v2\/product\/1455","targetHints":{"allow":["GET"]}}],"collection":[{"href":"https:\/\/www.proinas.com\/en\/wp-json\/wp\/v2\/product"}],"about":[{"href":"https:\/\/www.proinas.com\/en\/wp-json\/wp\/v2\/types\/product"}],"wp:featuredmedia":[{"embeddable":true,"href":"https:\/\/www.proinas.com\/en\/wp-json\/wp\/v2\/media\/3347"}],"wp:attachment":[{"href":"https:\/\/www.proinas.com\/en\/wp-json\/wp\/v2\/media?parent=1455"}],"wp:term":[{"taxonomy":"product_brand","embeddable":true,"href":"https:\/\/www.proinas.com\/en\/wp-json\/wp\/v2\/product_brand?post=1455"},{"taxonomy":"product_cat","embeddable":true,"href":"https:\/\/www.proinas.com\/en\/wp-json\/wp\/v2\/product_cat?post=1455"},{"taxonomy":"product_tag","embeddable":true,"href":"https:\/\/www.proinas.com\/en\/wp-json\/wp\/v2\/product_tag?post=1455"}],"curies":[{"name":"wp","href":"https:\/\/api.w.org\/{rel}","templated":true}]}}