{"id":1488,"date":"2017-01-19T11:19:01","date_gmt":"2017-01-19T11:19:01","guid":{"rendered":"http:\/\/pronas.proinas.net\/producto\/santikuat\/"},"modified":"2022-04-07T22:56:22","modified_gmt":"2022-04-07T22:56:22","slug":"santikuat","status":"publish","type":"product","link":"https:\/\/www.proinas.com\/en\/product\/santikuat\/","title":{"rendered":"SANTIKUAT"},"content":{"rendered":"<p style=\"text-align: justify;\"><strong>Limpiador l\u00edquido germicida y bactericida a base de Amonio Cuaternario.<\/strong><\/p>\n<ul>\n<li style=\"text-align: justify;\">Desinfecta las superficies que entran en contacto\u00a0con el proceso de alimentos, empaque de carnes y\u00a0equipos de lecher\u00edas sin necesidad de ser enjuagado.<\/li>\n<li style=\"text-align: justify;\">La acci\u00f3n penetrante y emulsificante mantiene la\u00a0suciedad en suspensi\u00f3n.<\/li>\n<li style=\"text-align: justify;\">Efectivo\u00a0en la limpieza y desinfecci\u00f3n de cualquier superficie donde pueda usarse agua\u00a0com\u00fan \u00daselo en pisos, paredes, obras de madera, saunas, muebles, equipos, ba\u00f1os,\u00a0cocinas, cielos rasos, hospitales, cl\u00ednicas, plantas industriales, escuelas, restaurantes,\u00a0etc es altamente efectivo tambi\u00e9n en m\u00e1rmol y terrazo<\/li>\n<\/ul>\n<p style=\"text-align: center;\"><a href=\"https:\/\/www.proinas.com\/wp-content\/uploads\/2022\/03\/SANTIKUAT_Ficha_Comercial-protegido.pdf\" target=\"_blank\" rel=\"noopener noreferrer\">FICHA COMERCIAL<\/a><\/p>\n<p style=\"text-align: center;\"><a href=\"http:\/\/www.proinas.com\/en\/contact-us\/\">FICHA T\u00c9CNICA<\/a><\/p>\n<p style=\"text-align: center;\"><a href=\"http:\/\/www.proinas.com\/en\/contact-us\/\">FICHA SEGURIDAD<\/a><\/p>","protected":false},"excerpt":{"rendered":"<p>Limpiador l\u00edquido germicida y bactericida a base de Amonio Cuaternario. Desinfecta las superficies que entran en contacto\u00a0con el proceso de alimentos, empaque de carnes y\u00a0equipos de lecher\u00edas sin necesidad de ser enjuagado. La acci\u00f3n penetrante y emulsificante mantiene la\u00a0suciedad en suspensi\u00f3n. Efectivo\u00a0en la limpieza y desinfecci\u00f3n de cualquier superficie donde pueda usarse agua\u00a0com\u00fan \u00daselo en [&hellip;]<\/p>","protected":false},"featured_media":3347,"template":"","meta":[],"product_brand":[],"product_cat":[176,155,165,16],"product_tag":[],"class_list":{"0":"post-1488","1":"product","2":"type-product","3":"status-publish","4":"has-post-thumbnail","6":"product_cat-biodesinfectantes-alimentos","7":"product_cat-biodesinfectantes-industrial","8":"product_cat-biodesinfectantes-institucional","9":"product_cat-biodesinfectantes-y-sanitizadores","11":"first","12":"instock","13":"taxable","14":"shipping-taxable","15":"product-type-simple"},"_links":{"self":[{"href":"https:\/\/www.proinas.com\/en\/wp-json\/wp\/v2\/product\/1488","targetHints":{"allow":["GET"]}}],"collection":[{"href":"https:\/\/www.proinas.com\/en\/wp-json\/wp\/v2\/product"}],"about":[{"href":"https:\/\/www.proinas.com\/en\/wp-json\/wp\/v2\/types\/product"}],"wp:featuredmedia":[{"embeddable":true,"href":"https:\/\/www.proinas.com\/en\/wp-json\/wp\/v2\/media\/3347"}],"wp:attachment":[{"href":"https:\/\/www.proinas.com\/en\/wp-json\/wp\/v2\/media?parent=1488"}],"wp:term":[{"taxonomy":"product_brand","embeddable":true,"href":"https:\/\/www.proinas.com\/en\/wp-json\/wp\/v2\/product_brand?post=1488"},{"taxonomy":"product_cat","embeddable":true,"href":"https:\/\/www.proinas.com\/en\/wp-json\/wp\/v2\/product_cat?post=1488"},{"taxonomy":"product_tag","embeddable":true,"href":"https:\/\/www.proinas.com\/en\/wp-json\/wp\/v2\/product_tag?post=1488"}],"curies":[{"name":"wp","href":"https:\/\/api.w.org\/{rel}","templated":true}]}}