{"id":1491,"date":"2017-01-19T11:20:44","date_gmt":"2017-01-19T11:20:44","guid":{"rendered":"http:\/\/pronas.proinas.net\/producto\/santikuat-five\/"},"modified":"2022-04-07T22:55:53","modified_gmt":"2022-04-07T22:55:53","slug":"santikuat-five","status":"publish","type":"product","link":"https:\/\/www.proinas.com\/en\/product\/santikuat-five\/","title":{"rendered":"SANTIKUAT FIVE"},"content":{"rendered":"<p style=\"text-align: justify;\"><strong>Desinfectante l\u00edquido base Amonio Cuaternario de 5ta generaci\u00f3n.<\/strong><\/p>\n<ul>\n<li style=\"text-align: justify;\">Es un poderoso desinfectante en base de amonio cuaternario de quinta generaci\u00f3n, tenso activos, secuestrantes y desodorizantes mezclados en una soluci\u00f3n acuosa resistente a diluci\u00f3n en aguas duras.<\/li>\n<li style=\"text-align: justify;\">Desinfectante de amplio espectro, efectivo contra bacterias Gran Positivas Y Gran\u00a0Negativas, Virus, Levaduras, Mohos y Hongos.<\/li>\n<li style=\"text-align: justify;\">SANTIKUAT\u00a0FIVE esta aprobado por la FDA para uso indirecto con alimentos, como\u00a0sanitizante en las superficies en contacto con alimentos, equipos procesadoras de\u00a0alimentos y utensilios Es un producto liquido, lo cual facilita su diluci\u00f3n.<\/li>\n<\/ul>\n<p style=\"text-align: center;\"><a href=\"https:\/\/www.proinas.com\/wp-content\/uploads\/2022\/03\/SANTIKUAT_FIVE_Ficha_Comercial-protegido.pdf\" target=\"_blank\" rel=\"noopener noreferrer\">FICHA COMERCIAL<\/a><\/p>\n<p style=\"text-align: center;\"><a href=\"http:\/\/www.proinas.com\/en\/contact-us\/\">FICHA T\u00c9CNICA<\/a><\/p>\n<p style=\"text-align: center;\"><a href=\"http:\/\/www.proinas.com\/en\/contact-us\/\">FICHA SEGURIDAD<\/a><\/p>","protected":false},"excerpt":{"rendered":"<p>Desinfectante l\u00edquido base Amonio Cuaternario de 5ta generaci\u00f3n. Es un poderoso desinfectante en base de amonio cuaternario de quinta generaci\u00f3n, tenso activos, secuestrantes y desodorizantes mezclados en una soluci\u00f3n acuosa resistente a diluci\u00f3n en aguas duras. Desinfectante de amplio espectro, efectivo contra bacterias Gran Positivas Y Gran\u00a0Negativas, Virus, Levaduras, Mohos y Hongos. SANTIKUAT\u00a0FIVE esta aprobado [&hellip;]<\/p>","protected":false},"featured_media":3347,"template":"","meta":[],"product_brand":[],"product_cat":[176,155,165,16],"product_tag":[],"class_list":{"0":"post-1491","1":"product","2":"type-product","3":"status-publish","4":"has-post-thumbnail","6":"product_cat-biodesinfectantes-alimentos","7":"product_cat-biodesinfectantes-industrial","8":"product_cat-biodesinfectantes-institucional","9":"product_cat-biodesinfectantes-y-sanitizadores","11":"first","12":"instock","13":"taxable","14":"shipping-taxable","15":"product-type-simple"},"_links":{"self":[{"href":"https:\/\/www.proinas.com\/en\/wp-json\/wp\/v2\/product\/1491","targetHints":{"allow":["GET"]}}],"collection":[{"href":"https:\/\/www.proinas.com\/en\/wp-json\/wp\/v2\/product"}],"about":[{"href":"https:\/\/www.proinas.com\/en\/wp-json\/wp\/v2\/types\/product"}],"wp:featuredmedia":[{"embeddable":true,"href":"https:\/\/www.proinas.com\/en\/wp-json\/wp\/v2\/media\/3347"}],"wp:attachment":[{"href":"https:\/\/www.proinas.com\/en\/wp-json\/wp\/v2\/media?parent=1491"}],"wp:term":[{"taxonomy":"product_brand","embeddable":true,"href":"https:\/\/www.proinas.com\/en\/wp-json\/wp\/v2\/product_brand?post=1491"},{"taxonomy":"product_cat","embeddable":true,"href":"https:\/\/www.proinas.com\/en\/wp-json\/wp\/v2\/product_cat?post=1491"},{"taxonomy":"product_tag","embeddable":true,"href":"https:\/\/www.proinas.com\/en\/wp-json\/wp\/v2\/product_tag?post=1491"}],"curies":[{"name":"wp","href":"https:\/\/api.w.org\/{rel}","templated":true}]}}