{"id":1494,"date":"2017-01-19T11:29:42","date_gmt":"2017-01-19T11:29:42","guid":{"rendered":"http:\/\/pronas.proinas.net\/producto\/mini-porthion\/"},"modified":"2022-04-07T22:53:35","modified_gmt":"2022-04-07T22:53:35","slug":"mini-porthion","status":"publish","type":"product","link":"https:\/\/www.proinas.com\/en\/product\/mini-porthion\/","title":{"rendered":"MINI PORTHION"},"content":{"rendered":"<p style=\"text-align: justify;\"><strong>Dispensador de litro.<\/strong><\/p>\n<p style=\"text-align: justify;\">&#8211; Bomba dispensadora de jab\u00f3n l\u00edquido para manos.<\/p>\n<p style=\"text-align: center;\"><a href=\"\/wp-content\/uploads\/2017\/tec\/MINI PORTHION_tec.pdf\" target=\"_blank\" rel=\"noopener noreferrer\">FICHA T\u00c9CNICA<\/a><\/p>\n<p style=\"text-align: center;\"><a href=\"\/wp-content\/uploads\/2017\/com\/MINI PORTHION_com.pdf\" target=\"_blank\" rel=\"noopener noreferrer\">FICHA COMERCIAL<\/a><\/p>","protected":false},"excerpt":{"rendered":"<p>Dispensador de litro. &#8211; Bomba dispensadora de jab\u00f3n l\u00edquido para manos. FICHA T\u00c9CNICA FICHA COMERCIAL<\/p>","protected":false},"featured_media":3347,"template":"","meta":[],"product_brand":[],"product_cat":[133],"product_tag":[],"class_list":{"0":"post-1494","1":"product","2":"type-product","3":"status-publish","4":"has-post-thumbnail","6":"product_cat-dispensadores","8":"first","9":"instock","10":"taxable","11":"shipping-taxable","12":"product-type-simple"},"_links":{"self":[{"href":"https:\/\/www.proinas.com\/en\/wp-json\/wp\/v2\/product\/1494","targetHints":{"allow":["GET"]}}],"collection":[{"href":"https:\/\/www.proinas.com\/en\/wp-json\/wp\/v2\/product"}],"about":[{"href":"https:\/\/www.proinas.com\/en\/wp-json\/wp\/v2\/types\/product"}],"wp:featuredmedia":[{"embeddable":true,"href":"https:\/\/www.proinas.com\/en\/wp-json\/wp\/v2\/media\/3347"}],"wp:attachment":[{"href":"https:\/\/www.proinas.com\/en\/wp-json\/wp\/v2\/media?parent=1494"}],"wp:term":[{"taxonomy":"product_brand","embeddable":true,"href":"https:\/\/www.proinas.com\/en\/wp-json\/wp\/v2\/product_brand?post=1494"},{"taxonomy":"product_cat","embeddable":true,"href":"https:\/\/www.proinas.com\/en\/wp-json\/wp\/v2\/product_cat?post=1494"},{"taxonomy":"product_tag","embeddable":true,"href":"https:\/\/www.proinas.com\/en\/wp-json\/wp\/v2\/product_tag?post=1494"}],"curies":[{"name":"wp","href":"https:\/\/api.w.org\/{rel}","templated":true}]}}