{"id":1501,"date":"2017-01-19T11:38:52","date_gmt":"2017-01-19T11:38:52","guid":{"rendered":"http:\/\/pronas.proinas.net\/producto\/plastisant\/"},"modified":"2022-04-07T22:51:49","modified_gmt":"2022-04-07T22:51:49","slug":"plasti-sant","status":"publish","type":"product","link":"https:\/\/www.proinas.com\/en\/product\/plasti-sant\/","title":{"rendered":"PLASTI SANT"},"content":{"rendered":"<p style=\"text-align: justify;\"><strong>Cubierta protectora concentrada.<\/strong><\/p>\n<ul>\n<li style=\"text-align: justify;\">Preserva, protege, impermeabiliza; deja una pel\u00edcula resistente, transparente y flexible.<\/li>\n<li style=\"text-align: justify;\">Protege superficies pintadas en exteriores; reduce la decoloraci\u00f3n; protege contra manchas y salpicaduras.<\/li>\n<li style=\"text-align: justify;\">Se puede utilizar en sistemas de encendido automotriz, bater\u00edas para radios, TV y equipo electr\u00f3nico y avisos exteriores.<\/li>\n<li style=\"text-align: justify;\">Autorizado por el INVIMA para su uso en plantas de procesamiento de carnes y aves.<\/li>\n<li style=\"text-align: justify;\">Alta rigidez diel\u00e9ctrica; sella conexiones; protege partes expuestas al ambiente; previene la formaci\u00f3n de arco el\u00e9ctrico.<\/li>\n<\/ul>\n<p style=\"text-align: center;\"><a href=\"https:\/\/www.proinas.com\/wp-content\/uploads\/2022\/03\/PLASTISANT_AEROSOL_Ficha_Comercial-protegido.pdf\" target=\"_blank\" rel=\"noopener noreferrer\">FICHA COMERCIAL<\/a><\/p>\n<p style=\"text-align: center;\"><a href=\"http:\/\/www.proinas.com\/en\/contact-us\/\" target=\"_blank\" rel=\"noopener noreferrer\">FICHA T\u00c9CNICA<\/a><\/p>\n<p style=\"text-align: center;\"><a href=\"http:\/\/www.proinas.com\/en\/contact-us\/\" target=\"_blank\" rel=\"noopener noreferrer\">FICHA SEGURIDAD<\/a><\/p>","protected":false},"excerpt":{"rendered":"<p>Cubierta protectora concentrada. Preserva, protege, impermeabiliza; deja una pel\u00edcula resistente, transparente y flexible. Protege superficies pintadas en exteriores; reduce la decoloraci\u00f3n; protege contra manchas y salpicaduras. Se puede utilizar en sistemas de encendido automotriz, bater\u00edas para radios, TV y equipo electr\u00f3nico y avisos exteriores. Autorizado por el INVIMA para su uso en plantas de procesamiento [&hellip;]<\/p>","protected":false},"featured_media":3347,"template":"","meta":[],"product_brand":[],"product_cat":[138,24,180,160,168],"product_tag":[],"class_list":{"0":"post-1501","1":"product","2":"type-product","3":"status-publish","4":"has-post-thumbnail","6":"product_cat-aerosoles","7":"product_cat-limpiadores-dielectricos-electronicos","8":"product_cat-limpiadores-dielectricos-y-electronicos-alimentos","9":"product_cat-limpiadores-dielectricos-y-electronicos-industrial","10":"product_cat-limpiadores-dielectricos-y-electronicos-institucional","12":"first","13":"instock","14":"taxable","15":"shipping-taxable","16":"product-type-simple"},"_links":{"self":[{"href":"https:\/\/www.proinas.com\/en\/wp-json\/wp\/v2\/product\/1501","targetHints":{"allow":["GET"]}}],"collection":[{"href":"https:\/\/www.proinas.com\/en\/wp-json\/wp\/v2\/product"}],"about":[{"href":"https:\/\/www.proinas.com\/en\/wp-json\/wp\/v2\/types\/product"}],"wp:featuredmedia":[{"embeddable":true,"href":"https:\/\/www.proinas.com\/en\/wp-json\/wp\/v2\/media\/3347"}],"wp:attachment":[{"href":"https:\/\/www.proinas.com\/en\/wp-json\/wp\/v2\/media?parent=1501"}],"wp:term":[{"taxonomy":"product_brand","embeddable":true,"href":"https:\/\/www.proinas.com\/en\/wp-json\/wp\/v2\/product_brand?post=1501"},{"taxonomy":"product_cat","embeddable":true,"href":"https:\/\/www.proinas.com\/en\/wp-json\/wp\/v2\/product_cat?post=1501"},{"taxonomy":"product_tag","embeddable":true,"href":"https:\/\/www.proinas.com\/en\/wp-json\/wp\/v2\/product_tag?post=1501"}],"curies":[{"name":"wp","href":"https:\/\/api.w.org\/{rel}","templated":true}]}}