{"id":1504,"date":"2017-01-19T11:49:23","date_gmt":"2017-01-19T11:49:23","guid":{"rendered":"http:\/\/pronas.proinas.net\/producto\/santidress-g\/"},"modified":"2022-04-07T22:50:33","modified_gmt":"2022-04-07T22:50:33","slug":"santidress-g","status":"publish","type":"product","link":"https:\/\/www.proinas.com\/en\/product\/santidress-g\/","title":{"rendered":"SANTIDRESS G"},"content":{"rendered":"<p style=\"text-align: justify;\"><strong>Desengransante industrial para suciedades fuertes.<\/strong><\/p>\n<ul>\n<li style=\"text-align: justify;\">Es una soluci\u00f3n acuosa que consta de agentes desengrasantes que no son agresivos para las prendas y elementos humectantes que incrementan la acci\u00f3n del limpiador.<\/li>\n<li style=\"text-align: justify;\">Elimina gran cantidad de grasas, aceites, manchas, colorantes, y dem\u00e1s suciedades pertinaces.<\/li>\n<li style=\"text-align: justify;\">Presenta elementos que generan un volumen controlado de espuma.<\/li>\n<\/ul>\n<p style=\"text-align: center;\"><a href=\"https:\/\/www.proinas.com\/wp-content\/uploads\/2022\/03\/SANTIDRESS_G_Ficha_Comercial-protegido.pdf\" target=\"_blank\" rel=\"noopener noreferrer\">FICHA COMERCIAL<\/a><\/p>\n<p style=\"text-align: center;\"><a href=\"http:\/\/www.proinas.com\/en\/contact-us\/\">FICHA T\u00c9CNICA<\/a><\/p>\n<p style=\"text-align: center;\"><a href=\"http:\/\/www.proinas.com\/en\/contact-us\/\">FICHA SEGURIDAD<\/a><\/p>","protected":false},"excerpt":{"rendered":"<p>Desengransante industrial para suciedades fuertes. Es una soluci\u00f3n acuosa que consta de agentes desengrasantes que no son agresivos para las prendas y elementos humectantes que incrementan la acci\u00f3n del limpiador. Elimina gran cantidad de grasas, aceites, manchas, colorantes, y dem\u00e1s suciedades pertinaces. Presenta elementos que generan un volumen controlado de espuma. FICHA COMERCIAL FICHA T\u00c9CNICA [&hellip;]<\/p>","protected":false},"featured_media":3347,"template":"","meta":[],"product_brand":[],"product_cat":[173,162,22],"product_tag":[],"class_list":{"0":"post-1504","1":"product","2":"type-product","3":"status-publish","4":"has-post-thumbnail","6":"product_cat-lavanderia-alimentos","7":"product_cat-lavanderia-institucional","8":"product_cat-biotratamiento-para-lavanderia","10":"first","11":"instock","12":"taxable","13":"shipping-taxable","14":"product-type-simple"},"_links":{"self":[{"href":"https:\/\/www.proinas.com\/en\/wp-json\/wp\/v2\/product\/1504","targetHints":{"allow":["GET"]}}],"collection":[{"href":"https:\/\/www.proinas.com\/en\/wp-json\/wp\/v2\/product"}],"about":[{"href":"https:\/\/www.proinas.com\/en\/wp-json\/wp\/v2\/types\/product"}],"wp:featuredmedia":[{"embeddable":true,"href":"https:\/\/www.proinas.com\/en\/wp-json\/wp\/v2\/media\/3347"}],"wp:attachment":[{"href":"https:\/\/www.proinas.com\/en\/wp-json\/wp\/v2\/media?parent=1504"}],"wp:term":[{"taxonomy":"product_brand","embeddable":true,"href":"https:\/\/www.proinas.com\/en\/wp-json\/wp\/v2\/product_brand?post=1504"},{"taxonomy":"product_cat","embeddable":true,"href":"https:\/\/www.proinas.com\/en\/wp-json\/wp\/v2\/product_cat?post=1504"},{"taxonomy":"product_tag","embeddable":true,"href":"https:\/\/www.proinas.com\/en\/wp-json\/wp\/v2\/product_tag?post=1504"}],"curies":[{"name":"wp","href":"https:\/\/api.w.org\/{rel}","templated":true}]}}