{"id":1505,"date":"2017-01-19T11:51:04","date_gmt":"2017-01-19T11:51:04","guid":{"rendered":"http:\/\/pronas.proinas.net\/producto\/santidress-oxi\/"},"modified":"2022-04-07T22:49:47","modified_gmt":"2022-04-07T22:49:47","slug":"santidress-oxy","status":"publish","type":"product","link":"https:\/\/www.proinas.com\/en\/product\/santidress-oxy\/","title":{"rendered":"SANTIDRESS OXY"},"content":{"rendered":"<p style=\"text-align: justify;\"><strong>Blanqueador oxigenado para todo tipo de prendas.<\/strong><\/p>\n<ul>\n<li style=\"text-align: justify;\">Es un blanqueador estabilizado de efectivo a altas temperaturas, basado en per\u00f3xido de hidr\u00f3geno. Este producto puede ser aplicado a todo tipo de ropa excepto nil\u00f3n incluso prendas de color.<\/li>\n<li style=\"text-align: justify;\">Se puede utilizar con la mayor\u00eda de los colores, disminuye el ciclo de lavado y sanitiza, es efectivo para manchas de sangre, grasas y alimentos.<\/li>\n<\/ul>\n<p style=\"text-align: center;\"><a href=\"https:\/\/www.proinas.com\/wp-content\/uploads\/2022\/03\/SANTIDRESS_OXY_Ficha_Comercial-2-protegido.pdf\" target=\"_blank\" rel=\"noopener noreferrer\">FICHA COMERCIAL<\/a><\/p>\n<p style=\"text-align: center;\"><a href=\"http:\/\/www.proinas.com\/en\/contact-us\/\">FICHA T\u00c9CNICA<\/a><\/p>\n<p style=\"text-align: center;\"><a href=\"http:\/\/www.proinas.com\/en\/contact-us\/\">FICHA SEGURIDAD<\/a><\/p>","protected":false},"excerpt":{"rendered":"<p>Blanqueador oxigenado para todo tipo de prendas. Es un blanqueador estabilizado de efectivo a altas temperaturas, basado en per\u00f3xido de hidr\u00f3geno. Este producto puede ser aplicado a todo tipo de ropa excepto nil\u00f3n incluso prendas de color. Se puede utilizar con la mayor\u00eda de los colores, disminuye el ciclo de lavado y sanitiza, es efectivo [&hellip;]<\/p>","protected":false},"featured_media":3347,"template":"","meta":[],"product_brand":[],"product_cat":[173,162,22],"product_tag":[],"class_list":{"0":"post-1505","1":"product","2":"type-product","3":"status-publish","4":"has-post-thumbnail","6":"product_cat-lavanderia-alimentos","7":"product_cat-lavanderia-institucional","8":"product_cat-biotratamiento-para-lavanderia","10":"first","11":"instock","12":"taxable","13":"shipping-taxable","14":"product-type-simple"},"_links":{"self":[{"href":"https:\/\/www.proinas.com\/en\/wp-json\/wp\/v2\/product\/1505","targetHints":{"allow":["GET"]}}],"collection":[{"href":"https:\/\/www.proinas.com\/en\/wp-json\/wp\/v2\/product"}],"about":[{"href":"https:\/\/www.proinas.com\/en\/wp-json\/wp\/v2\/types\/product"}],"wp:featuredmedia":[{"embeddable":true,"href":"https:\/\/www.proinas.com\/en\/wp-json\/wp\/v2\/media\/3347"}],"wp:attachment":[{"href":"https:\/\/www.proinas.com\/en\/wp-json\/wp\/v2\/media?parent=1505"}],"wp:term":[{"taxonomy":"product_brand","embeddable":true,"href":"https:\/\/www.proinas.com\/en\/wp-json\/wp\/v2\/product_brand?post=1505"},{"taxonomy":"product_cat","embeddable":true,"href":"https:\/\/www.proinas.com\/en\/wp-json\/wp\/v2\/product_cat?post=1505"},{"taxonomy":"product_tag","embeddable":true,"href":"https:\/\/www.proinas.com\/en\/wp-json\/wp\/v2\/product_tag?post=1505"}],"curies":[{"name":"wp","href":"https:\/\/api.w.org\/{rel}","templated":true}]}}