{"id":1506,"date":"2017-01-19T11:55:09","date_gmt":"2017-01-19T11:55:09","guid":{"rendered":"http:\/\/pronas.proinas.net\/producto\/santidress-p\/"},"modified":"2022-04-07T22:48:28","modified_gmt":"2022-04-07T22:48:28","slug":"santidress-p","status":"publish","type":"product","link":"https:\/\/www.proinas.com\/en\/product\/santidress-p\/","title":{"rendered":"SANTIDRESS P"},"content":{"rendered":"<p style=\"text-align: justify;\"><strong>Hidratante y acondicionador textil para planchado.<\/strong><\/p>\n<ul>\n<li style=\"text-align: justify;\">Acondicionado liquido en base a tenso activos cati\u00f3nicos, siliconas concentradas, estabilizantes de emulsi\u00f3n y agradable fragancia de aplicaci\u00f3n en lavander\u00edas y tintorer\u00edas como adictivo pre planchado.<\/li>\n<li style=\"text-align: justify;\">Deja una fragancia agradable y perdurable.<\/li>\n<li style=\"text-align: justify;\">\u00daselo en ropa blanca y de colores firmes. Adecuado para prendas finas y dem\u00e1s como s\u00e1banas, manteles, colchas, toallas, ropa de diario, batas, overoles, medias, etc.<\/li>\n<\/ul>\n<p style=\"text-align: center;\"><a href=\"https:\/\/www.proinas.com\/wp-content\/uploads\/2022\/03\/SANTIDRESS_P_Ficha_Comercial-protegido.pdf\" target=\"_blank\" rel=\"noopener noreferrer\">FICHA COMERCIAL<\/a><\/p>\n<p style=\"text-align: center;\"><a href=\"http:\/\/www.proinas.com\/en\/contact-us\/\">FICHA T\u00c9CNICA<\/a><\/p>\n<p style=\"text-align: center;\"><a href=\"http:\/\/www.proinas.com\/en\/contact-us\/\">FICHA SEGURIDAD<\/a><\/p>","protected":false},"excerpt":{"rendered":"<p>Hidratante y acondicionador textil para planchado. Acondicionado liquido en base a tenso activos cati\u00f3nicos, siliconas concentradas, estabilizantes de emulsi\u00f3n y agradable fragancia de aplicaci\u00f3n en lavander\u00edas y tintorer\u00edas como adictivo pre planchado. Deja una fragancia agradable y perdurable. \u00daselo en ropa blanca y de colores firmes. Adecuado para prendas finas y dem\u00e1s como s\u00e1banas, manteles, [&hellip;]<\/p>","protected":false},"featured_media":3347,"template":"","meta":[],"product_brand":[],"product_cat":[173,162,22],"product_tag":[],"class_list":{"0":"post-1506","1":"product","2":"type-product","3":"status-publish","4":"has-post-thumbnail","6":"product_cat-lavanderia-alimentos","7":"product_cat-lavanderia-institucional","8":"product_cat-biotratamiento-para-lavanderia","10":"first","11":"instock","12":"taxable","13":"shipping-taxable","14":"product-type-simple"},"_links":{"self":[{"href":"https:\/\/www.proinas.com\/en\/wp-json\/wp\/v2\/product\/1506","targetHints":{"allow":["GET"]}}],"collection":[{"href":"https:\/\/www.proinas.com\/en\/wp-json\/wp\/v2\/product"}],"about":[{"href":"https:\/\/www.proinas.com\/en\/wp-json\/wp\/v2\/types\/product"}],"wp:featuredmedia":[{"embeddable":true,"href":"https:\/\/www.proinas.com\/en\/wp-json\/wp\/v2\/media\/3347"}],"wp:attachment":[{"href":"https:\/\/www.proinas.com\/en\/wp-json\/wp\/v2\/media?parent=1506"}],"wp:term":[{"taxonomy":"product_brand","embeddable":true,"href":"https:\/\/www.proinas.com\/en\/wp-json\/wp\/v2\/product_brand?post=1506"},{"taxonomy":"product_cat","embeddable":true,"href":"https:\/\/www.proinas.com\/en\/wp-json\/wp\/v2\/product_cat?post=1506"},{"taxonomy":"product_tag","embeddable":true,"href":"https:\/\/www.proinas.com\/en\/wp-json\/wp\/v2\/product_tag?post=1506"}],"curies":[{"name":"wp","href":"https:\/\/api.w.org\/{rel}","templated":true}]}}