{"id":1507,"date":"2017-01-19T11:56:32","date_gmt":"2017-01-19T11:56:32","guid":{"rendered":"http:\/\/pronas.proinas.net\/producto\/santidress-s\/"},"modified":"2022-04-07T22:48:02","modified_gmt":"2022-04-07T22:48:02","slug":"santidress-s","status":"publish","type":"product","link":"https:\/\/www.proinas.com\/en\/product\/santidress-s\/","title":{"rendered":"SANTIDRESS S"},"content":{"rendered":"<p style=\"text-align: justify;\"><strong>Suavizante y acondicionador textil.<\/strong><\/p>\n<ul>\n<li style=\"text-align: justify;\">Suavizante acondicionador de telas que deja una agradable fragancia. A base de tenso activos cati\u00f3nicos y no i\u00f3nicos de amplia aplicaci\u00f3n para telas.<\/li>\n<\/ul>\n<p style=\"text-align: center;\"><a href=\"https:\/\/www.proinas.com\/wp-content\/uploads\/2022\/03\/SANTIDRESS_S_Ficha_Comercial-protegido.pdf\" target=\"_blank\" rel=\"noopener noreferrer\">FICHA COMERCIAL<\/a><\/p>\n<p style=\"text-align: center;\"><a href=\"http:\/\/www.proinas.com\/en\/contact-us\/\">FICHA T\u00c9CNICA<\/a><\/p>\n<p style=\"text-align: center;\"><a href=\"http:\/\/www.proinas.com\/en\/contact-us\/\">FICHA SEGURIDAD<\/a><\/p>","protected":false},"excerpt":{"rendered":"<p>Suavizante y acondicionador textil. Suavizante acondicionador de telas que deja una agradable fragancia. A base de tenso activos cati\u00f3nicos y no i\u00f3nicos de amplia aplicaci\u00f3n para telas. FICHA COMERCIAL FICHA T\u00c9CNICA FICHA SEGURIDAD<\/p>","protected":false},"featured_media":3347,"template":"","meta":[],"product_brand":[],"product_cat":[173,162,22],"product_tag":[],"class_list":{"0":"post-1507","1":"product","2":"type-product","3":"status-publish","4":"has-post-thumbnail","6":"product_cat-lavanderia-alimentos","7":"product_cat-lavanderia-institucional","8":"product_cat-biotratamiento-para-lavanderia","10":"first","11":"instock","12":"taxable","13":"shipping-taxable","14":"product-type-simple"},"_links":{"self":[{"href":"https:\/\/www.proinas.com\/en\/wp-json\/wp\/v2\/product\/1507","targetHints":{"allow":["GET"]}}],"collection":[{"href":"https:\/\/www.proinas.com\/en\/wp-json\/wp\/v2\/product"}],"about":[{"href":"https:\/\/www.proinas.com\/en\/wp-json\/wp\/v2\/types\/product"}],"wp:featuredmedia":[{"embeddable":true,"href":"https:\/\/www.proinas.com\/en\/wp-json\/wp\/v2\/media\/3347"}],"wp:attachment":[{"href":"https:\/\/www.proinas.com\/en\/wp-json\/wp\/v2\/media?parent=1507"}],"wp:term":[{"taxonomy":"product_brand","embeddable":true,"href":"https:\/\/www.proinas.com\/en\/wp-json\/wp\/v2\/product_brand?post=1507"},{"taxonomy":"product_cat","embeddable":true,"href":"https:\/\/www.proinas.com\/en\/wp-json\/wp\/v2\/product_cat?post=1507"},{"taxonomy":"product_tag","embeddable":true,"href":"https:\/\/www.proinas.com\/en\/wp-json\/wp\/v2\/product_tag?post=1507"}],"curies":[{"name":"wp","href":"https:\/\/api.w.org\/{rel}","templated":true}]}}