{"id":1510,"date":"2017-01-19T12:02:25","date_gmt":"2017-01-19T12:02:25","guid":{"rendered":"http:\/\/pronas.proinas.net\/producto\/santidress-solvent\/"},"modified":"2022-04-07T22:46:02","modified_gmt":"2022-04-07T22:46:02","slug":"santidress-solvent","status":"publish","type":"product","link":"https:\/\/www.proinas.com\/en\/product\/santidress-solvent\/","title":{"rendered":"SANTIDRESS SOLVENT"},"content":{"rendered":"<p style=\"text-align: justify;\"><strong>Solvente textil para grasa dif\u00edcil.<\/strong><\/p>\n<ul>\n<li style=\"text-align: justify;\">Es una soluci\u00f3n acuosa que consta de agentes desengrasantes no abrasivos y solventes para el lavado de prendas.<\/li>\n<li style=\"text-align: justify;\">Desengrasante l\u00edquido complemento l\u00edquido\u00a0para lavander\u00edas donde se hace necesaria la\u00a0remoci\u00f3n de grasa y manchas persistentes.<\/li>\n<li style=\"text-align: justify;\">No contiene elementos abrasivos.<\/li>\n<li style=\"text-align: justify;\">Presenta un control en la generaci\u00f3n de\u00a0espuma.<\/li>\n<\/ul>\n<p style=\"text-align: center;\"><a href=\"https:\/\/www.proinas.com\/wp-content\/uploads\/2022\/03\/SANTIDRESS_SOLVENT_Ficha_Comercial-protegido.pdf\" target=\"_blank\" rel=\"noopener noreferrer\">FICHA COMERCIAL<\/a><\/p>\n<p style=\"text-align: center;\"><a href=\"http:\/\/www.proinas.com\/en\/contact-us\/\">FICHA T\u00c9CNICA<\/a><\/p>\n<p style=\"text-align: center;\"><a href=\"http:\/\/www.proinas.com\/en\/contact-us\/\">FICHA SEGURIDAD<\/a><\/p>","protected":false},"excerpt":{"rendered":"<p>Solvente textil para grasa dif\u00edcil. Es una soluci\u00f3n acuosa que consta de agentes desengrasantes no abrasivos y solventes para el lavado de prendas. Desengrasante l\u00edquido complemento l\u00edquido\u00a0para lavander\u00edas donde se hace necesaria la\u00a0remoci\u00f3n de grasa y manchas persistentes. No contiene elementos abrasivos. Presenta un control en la generaci\u00f3n de\u00a0espuma. FICHA COMERCIAL FICHA T\u00c9CNICA FICHA SEGURIDAD<\/p>","protected":false},"featured_media":3347,"template":"","meta":[],"product_brand":[],"product_cat":[173,162,22],"product_tag":[],"class_list":{"0":"post-1510","1":"product","2":"type-product","3":"status-publish","4":"has-post-thumbnail","6":"product_cat-lavanderia-alimentos","7":"product_cat-lavanderia-institucional","8":"product_cat-biotratamiento-para-lavanderia","10":"first","11":"instock","12":"taxable","13":"shipping-taxable","14":"product-type-simple"},"_links":{"self":[{"href":"https:\/\/www.proinas.com\/en\/wp-json\/wp\/v2\/product\/1510","targetHints":{"allow":["GET"]}}],"collection":[{"href":"https:\/\/www.proinas.com\/en\/wp-json\/wp\/v2\/product"}],"about":[{"href":"https:\/\/www.proinas.com\/en\/wp-json\/wp\/v2\/types\/product"}],"wp:featuredmedia":[{"embeddable":true,"href":"https:\/\/www.proinas.com\/en\/wp-json\/wp\/v2\/media\/3347"}],"wp:attachment":[{"href":"https:\/\/www.proinas.com\/en\/wp-json\/wp\/v2\/media?parent=1510"}],"wp:term":[{"taxonomy":"product_brand","embeddable":true,"href":"https:\/\/www.proinas.com\/en\/wp-json\/wp\/v2\/product_brand?post=1510"},{"taxonomy":"product_cat","embeddable":true,"href":"https:\/\/www.proinas.com\/en\/wp-json\/wp\/v2\/product_cat?post=1510"},{"taxonomy":"product_tag","embeddable":true,"href":"https:\/\/www.proinas.com\/en\/wp-json\/wp\/v2\/product_tag?post=1510"}],"curies":[{"name":"wp","href":"https:\/\/api.w.org\/{rel}","templated":true}]}}