{"id":1511,"date":"2017-01-19T12:04:48","date_gmt":"2017-01-19T12:04:48","guid":{"rendered":"http:\/\/pronas.proinas.net\/producto\/glassant\/"},"modified":"2023-09-21T16:11:48","modified_gmt":"2023-09-21T16:11:48","slug":"glassant","status":"publish","type":"product","link":"https:\/\/www.proinas.com\/en\/product\/glassant\/","title":{"rendered":"GLASSANT"},"content":{"rendered":"<p style=\"text-align: justify;\"><strong>Capa protectora microsc\u00f3pica para vidrios.<\/strong><\/p>\n<ul>\n<li style=\"text-align: justify;\">Brilla y protege las superficies, reduciendo el tiempo y el costo de mantenimiento.<\/li>\n<li style=\"text-align: justify;\">Deja una capa protectora, invisible y duradera.<\/li>\n<li style=\"text-align: justify;\">Repele la suciedad, polvo y holl\u00edn.<\/li>\n<li style=\"text-align: justify;\">Resistente a las ralladuras, marcas, manchas de humo y agua.<\/li>\n<li style=\"text-align: justify;\">No deja residuos, pel\u00edculas pegajosas ni dep\u00f3sitos.<\/li>\n<li style=\"text-align: justify;\">No tiene olor, no produce gases t\u00f3xicos ni permite acumulaciones.<\/li>\n<li style=\"text-align: justify;\">Efectivo en climas c\u00e1lidos y fr\u00edos.<\/li>\n<li style=\"text-align: justify;\">No se amarillenta con el tiempo o con la aplicaci\u00f3n de nuevas capas.<\/li>\n<\/ul>\n<p style=\"text-align: center;\"><a href=\"https:\/\/www.proinas.com\/wp-content\/uploads\/2022\/03\/GLASSANT_Ficha_Comercial-protegido.pdf\" target=\"_blank\" rel=\"noopener noreferrer\">FICHA COMERCIAL<\/a><\/p>\n<p style=\"text-align: center;\"><a href=\"http:\/\/www.proinas.com\/en\/contact-us\/\" target=\"_blank\" rel=\"noopener noreferrer\">FICHA T\u00c9CNICA<\/a><\/p>\n<p style=\"text-align: center;\"><a href=\"http:\/\/www.proinas.com\/en\/contact-us\/\" target=\"_blank\" rel=\"noopener noreferrer\">FICHA SEGURIDAD<\/a><\/p>","protected":false},"excerpt":{"rendered":"<p>Capa protectora microsc\u00f3pica para vidrios. Brilla y protege las superficies, reduciendo el tiempo y el costo de mantenimiento. Deja una capa protectora, invisible y duradera. Repele la suciedad, polvo y holl\u00edn. Resistente a las ralladuras, marcas, manchas de humo y agua. No deja residuos, pel\u00edculas pegajosas ni dep\u00f3sitos. No tiene olor, no produce gases t\u00f3xicos [&hellip;]<\/p>","protected":false},"featured_media":3347,"template":"","meta":[],"product_brand":[],"product_cat":[138,23,179,159,167],"product_tag":[],"class_list":{"0":"post-1511","1":"product","2":"type-product","3":"status-publish","4":"has-post-thumbnail","6":"product_cat-aerosoles","7":"product_cat-limpiadores","8":"product_cat-limpiadores-alimentos","9":"product_cat-limpiadores-industrial","10":"product_cat-limpiadores-institucional","12":"first","13":"instock","14":"taxable","15":"shipping-taxable","16":"product-type-simple"},"_links":{"self":[{"href":"https:\/\/www.proinas.com\/en\/wp-json\/wp\/v2\/product\/1511","targetHints":{"allow":["GET"]}}],"collection":[{"href":"https:\/\/www.proinas.com\/en\/wp-json\/wp\/v2\/product"}],"about":[{"href":"https:\/\/www.proinas.com\/en\/wp-json\/wp\/v2\/types\/product"}],"wp:featuredmedia":[{"embeddable":true,"href":"https:\/\/www.proinas.com\/en\/wp-json\/wp\/v2\/media\/3347"}],"wp:attachment":[{"href":"https:\/\/www.proinas.com\/en\/wp-json\/wp\/v2\/media?parent=1511"}],"wp:term":[{"taxonomy":"product_brand","embeddable":true,"href":"https:\/\/www.proinas.com\/en\/wp-json\/wp\/v2\/product_brand?post=1511"},{"taxonomy":"product_cat","embeddable":true,"href":"https:\/\/www.proinas.com\/en\/wp-json\/wp\/v2\/product_cat?post=1511"},{"taxonomy":"product_tag","embeddable":true,"href":"https:\/\/www.proinas.com\/en\/wp-json\/wp\/v2\/product_tag?post=1511"}],"curies":[{"name":"wp","href":"https:\/\/api.w.org\/{rel}","templated":true}]}}