{"id":1516,"date":"2017-01-19T12:06:46","date_gmt":"2017-01-19T12:06:46","guid":{"rendered":"http:\/\/pronas.proinas.net\/producto\/carsant\/"},"modified":"2022-04-07T22:45:16","modified_gmt":"2022-04-07T22:45:16","slug":"car-sant","status":"publish","type":"product","link":"https:\/\/www.proinas.com\/en\/product\/car-sant\/","title":{"rendered":"CAR SANT"},"content":{"rendered":"<p style=\"text-align: justify;\"><strong>Shampoo industrial para el lavado de veh\u00edculos.<\/strong><\/p>\n<ul>\n<li style=\"text-align: justify;\">Desaloja la grasa, suciedad de carretera, mugre pesada, aceite, manchas de gasolina, manchas vegetales e insectos.<\/li>\n<li style=\"text-align: justify;\">Es biodegradable.<\/li>\n<li style=\"text-align: justify;\">No requiere restregar o brillar despu\u00e9s del enjuague.<\/li>\n<li style=\"text-align: justify;\">Se disuelve de manera inmediata.<\/li>\n<li style=\"text-align: justify;\">Su acci\u00f3n espumante permite una mayor penetraci\u00f3n para mejor limpieza.<\/li>\n<li style=\"text-align: justify;\">No remueve la cera del brillado.<\/li>\n<li style=\"text-align: justify;\">De acci\u00f3n r\u00e1pida para mayor cantidad de veh\u00edculos lavados por hora.<\/li>\n<\/ul>\n<p style=\"text-align: center;\"><a href=\"http:\/\/proinas.com\/wp-content\/uploads\/2017\/01\/CAR_SANT_Ficha_Comercial.pdf\" target=\"_blank\" rel=\"noopener noreferrer\">FICHA COMERCIAL<\/a><\/p>\n<p style=\"text-align: center;\"><a href=\"http:\/\/www.proinas.com\/en\/contact-us\/\">FICHA T\u00c9CNICA<\/a><\/p>\n<p style=\"text-align: center;\"><a href=\"http:\/\/www.proinas.com\/en\/contact-us\/\">FICHA SEGURIDAD<\/a><\/p>","protected":false},"excerpt":{"rendered":"<p>Shampoo industrial para el lavado de veh\u00edculos. Desaloja la grasa, suciedad de carretera, mugre pesada, aceite, manchas de gasolina, manchas vegetales e insectos. Es biodegradable. No requiere restregar o brillar despu\u00e9s del enjuague. Se disuelve de manera inmediata. Su acci\u00f3n espumante permite una mayor penetraci\u00f3n para mejor limpieza. No remueve la cera del brillado. De [&hellip;]<\/p>","protected":false},"featured_media":3347,"template":"","meta":[],"product_brand":[],"product_cat":[13,121],"product_tag":[],"class_list":{"0":"post-1516","1":"product","2":"type-product","3":"status-publish","4":"has-post-thumbnail","6":"product_cat-biodesengrasantes","7":"product_cat-tienda","9":"first","10":"instock","11":"taxable","12":"shipping-taxable","13":"purchasable","14":"product-type-simple"},"_links":{"self":[{"href":"https:\/\/www.proinas.com\/en\/wp-json\/wp\/v2\/product\/1516","targetHints":{"allow":["GET"]}}],"collection":[{"href":"https:\/\/www.proinas.com\/en\/wp-json\/wp\/v2\/product"}],"about":[{"href":"https:\/\/www.proinas.com\/en\/wp-json\/wp\/v2\/types\/product"}],"wp:featuredmedia":[{"embeddable":true,"href":"https:\/\/www.proinas.com\/en\/wp-json\/wp\/v2\/media\/3347"}],"wp:attachment":[{"href":"https:\/\/www.proinas.com\/en\/wp-json\/wp\/v2\/media?parent=1516"}],"wp:term":[{"taxonomy":"product_brand","embeddable":true,"href":"https:\/\/www.proinas.com\/en\/wp-json\/wp\/v2\/product_brand?post=1516"},{"taxonomy":"product_cat","embeddable":true,"href":"https:\/\/www.proinas.com\/en\/wp-json\/wp\/v2\/product_cat?post=1516"},{"taxonomy":"product_tag","embeddable":true,"href":"https:\/\/www.proinas.com\/en\/wp-json\/wp\/v2\/product_tag?post=1516"}],"curies":[{"name":"wp","href":"https:\/\/api.w.org\/{rel}","templated":true}]}}