{"id":1532,"date":"2017-01-19T20:07:45","date_gmt":"2017-01-19T20:07:45","guid":{"rendered":"http:\/\/pronas.proinas.net\/producto\/motor-sant-citrico\/"},"modified":"2022-04-07T22:44:52","modified_gmt":"2022-04-07T22:44:52","slug":"motor-sant-citrico","status":"publish","type":"product","link":"https:\/\/www.proinas.com\/en\/product\/motor-sant-citrico\/","title":{"rendered":"MOTOR SANT CITRICO"},"content":{"rendered":"<p style=\"text-align: justify;\"><strong>Desengrasante diel\u00e9ctrico con aroma.<\/strong><\/p>\n<ul>\n<li style=\"text-align: justify;\">Es una mezcla de solventes alif\u00e1ticos y solventes c\u00edtricos naturales qu\u00edmica mente balanceados para la limpieza de equipos el\u00e9ctricos aun en funcionamiento. No contiene compuestos clorados o florados. No deja residuos despu\u00e9s del secado.<\/li>\n<\/ul>\n<p style=\"text-align: center;\"><a href=\"\/wp-content\/uploads\/2017\/com\/MOTOR SANT CITRICO_com.pdf\" target=\"_blank\" rel=\"noopener noreferrer\">FICHA COMERCIAL<\/a><\/p>\n<p style=\"text-align: center;\"><a href=\"http:\/\/www.proinas.com\/en\/contact-us\/\">FICHA T\u00c9CNICA<\/a><\/p>\n<p style=\"text-align: center;\"><a href=\"http:\/\/www.proinas.com\/en\/contact-us\/\">FICHA SEGURIDAD<\/a><\/p>","protected":false},"excerpt":{"rendered":"<p>Desengrasante diel\u00e9ctrico con aroma. Es una mezcla de solventes alif\u00e1ticos y solventes c\u00edtricos naturales qu\u00edmica mente balanceados para la limpieza de equipos el\u00e9ctricos aun en funcionamiento. No contiene compuestos clorados o florados. No deja residuos despu\u00e9s del secado. FICHA COMERCIAL FICHA T\u00c9CNICA FICHA SEGURIDAD<\/p>","protected":false},"featured_media":3347,"template":"","meta":[],"product_brand":[],"product_cat":[24,180,160,168],"product_tag":[],"class_list":{"0":"post-1532","1":"product","2":"type-product","3":"status-publish","4":"has-post-thumbnail","6":"product_cat-limpiadores-dielectricos-electronicos","7":"product_cat-limpiadores-dielectricos-y-electronicos-alimentos","8":"product_cat-limpiadores-dielectricos-y-electronicos-industrial","9":"product_cat-limpiadores-dielectricos-y-electronicos-institucional","11":"first","12":"instock","13":"taxable","14":"shipping-taxable","15":"product-type-simple"},"_links":{"self":[{"href":"https:\/\/www.proinas.com\/en\/wp-json\/wp\/v2\/product\/1532","targetHints":{"allow":["GET"]}}],"collection":[{"href":"https:\/\/www.proinas.com\/en\/wp-json\/wp\/v2\/product"}],"about":[{"href":"https:\/\/www.proinas.com\/en\/wp-json\/wp\/v2\/types\/product"}],"wp:featuredmedia":[{"embeddable":true,"href":"https:\/\/www.proinas.com\/en\/wp-json\/wp\/v2\/media\/3347"}],"wp:attachment":[{"href":"https:\/\/www.proinas.com\/en\/wp-json\/wp\/v2\/media?parent=1532"}],"wp:term":[{"taxonomy":"product_brand","embeddable":true,"href":"https:\/\/www.proinas.com\/en\/wp-json\/wp\/v2\/product_brand?post=1532"},{"taxonomy":"product_cat","embeddable":true,"href":"https:\/\/www.proinas.com\/en\/wp-json\/wp\/v2\/product_cat?post=1532"},{"taxonomy":"product_tag","embeddable":true,"href":"https:\/\/www.proinas.com\/en\/wp-json\/wp\/v2\/product_tag?post=1532"}],"curies":[{"name":"wp","href":"https:\/\/api.w.org\/{rel}","templated":true}]}}