{"id":1534,"date":"2017-01-19T20:16:20","date_gmt":"2017-01-19T20:16:20","guid":{"rendered":"http:\/\/pronas.proinas.net\/producto\/motor-sant\/"},"modified":"2022-04-07T22:43:58","modified_gmt":"2022-04-07T22:43:58","slug":"motor-sant-aerosol","status":"publish","type":"product","link":"https:\/\/www.proinas.com\/en\/product\/motor-sant-aerosol\/","title":{"rendered":"MOTOR SANT AEROSOL"},"content":{"rendered":"<p style=\"text-align: justify;\"><strong>Solvente industrial diel\u00e9ctrico en aerosol.<\/strong><\/p>\n<ul>\n<li style=\"text-align: justify;\">Desengrasa motores desmantelados o en funcionamiento.<\/li>\n<li style=\"text-align: justify;\">Posee una constante diel\u00e9ctrica de 25000 voltios.<\/li>\n<li style=\"text-align: justify;\">Su evaporaci\u00f3n autorregulada previene contra la condensaci\u00f3n de humedad y no deja residuos.<\/li>\n<li style=\"text-align: justify;\">No requiere desarmar la bobina de refrigeraci\u00f3n ya que la gravedad espec\u00edfica de este producto es m\u00e1s alta que la del agua en las ranuras.<\/li>\n<li style=\"text-align: justify;\">Use MOTOR SANT para puntos de contacto; encajes y cojinete; limpieza de herramientas y piezas delicadas de relojes; engranajes de los medidores de agua; sistema de refrigeraci\u00f3n, acondicionadores de agua, limpieza de maquinaria y motores de los molinos para papel y madera; motores en plantas de tratamiento de agua; maquinaria en plantas embotelladoras; colocadores de bolos en su funcionamiento; etc.<\/li>\n<\/ul>\n<p style=\"text-align: center;\"><a href=\"https:\/\/www.proinas.com\/wp-content\/uploads\/2022\/03\/MOTORSANT_AEROSOL_Ficha_Comercial-protegido.pdf\" target=\"_blank\" rel=\"noopener noreferrer\">FICHA COMERCIAL<\/a><\/p>\n<p style=\"text-align: center;\"><a href=\"http:\/\/www.proinas.com\/en\/contact-us\/\" target=\"_blank\" rel=\"noopener noreferrer\">FICHA T\u00c9CNICA<\/a><\/p>\n<p style=\"text-align: center;\"><a href=\"http:\/\/www.proinas.com\/en\/contact-us\/\" target=\"_blank\" rel=\"noopener noreferrer\">FICHA SEGURIDAD<\/a><\/p>\n<p style=\"text-align: center;\"><a href=\"https:\/\/www.youtube.com\/watch?v=i7fXVT7qM-Q\" target=\"_blank\" rel=\"noopener noreferrer\">V\u00cdDEO DEMOSTRACI\u00d3N<\/a><\/p>","protected":false},"excerpt":{"rendered":"<p>Solvente industrial diel\u00e9ctrico en aerosol. Desengrasa motores desmantelados o en funcionamiento. Posee una constante diel\u00e9ctrica de 25000 voltios. Su evaporaci\u00f3n autorregulada previene contra la condensaci\u00f3n de humedad y no deja residuos. No requiere desarmar la bobina de refrigeraci\u00f3n ya que la gravedad espec\u00edfica de este producto es m\u00e1s alta que la del agua en las [&hellip;]<\/p>","protected":false},"featured_media":3347,"template":"","meta":[],"product_brand":[],"product_cat":[138,24,180,160,168],"product_tag":[],"class_list":{"0":"post-1534","1":"product","2":"type-product","3":"status-publish","4":"has-post-thumbnail","6":"product_cat-aerosoles","7":"product_cat-limpiadores-dielectricos-electronicos","8":"product_cat-limpiadores-dielectricos-y-electronicos-alimentos","9":"product_cat-limpiadores-dielectricos-y-electronicos-industrial","10":"product_cat-limpiadores-dielectricos-y-electronicos-institucional","12":"first","13":"instock","14":"taxable","15":"shipping-taxable","16":"product-type-simple"},"_links":{"self":[{"href":"https:\/\/www.proinas.com\/en\/wp-json\/wp\/v2\/product\/1534","targetHints":{"allow":["GET"]}}],"collection":[{"href":"https:\/\/www.proinas.com\/en\/wp-json\/wp\/v2\/product"}],"about":[{"href":"https:\/\/www.proinas.com\/en\/wp-json\/wp\/v2\/types\/product"}],"wp:featuredmedia":[{"embeddable":true,"href":"https:\/\/www.proinas.com\/en\/wp-json\/wp\/v2\/media\/3347"}],"wp:attachment":[{"href":"https:\/\/www.proinas.com\/en\/wp-json\/wp\/v2\/media?parent=1534"}],"wp:term":[{"taxonomy":"product_brand","embeddable":true,"href":"https:\/\/www.proinas.com\/en\/wp-json\/wp\/v2\/product_brand?post=1534"},{"taxonomy":"product_cat","embeddable":true,"href":"https:\/\/www.proinas.com\/en\/wp-json\/wp\/v2\/product_cat?post=1534"},{"taxonomy":"product_tag","embeddable":true,"href":"https:\/\/www.proinas.com\/en\/wp-json\/wp\/v2\/product_tag?post=1534"}],"curies":[{"name":"wp","href":"https:\/\/api.w.org\/{rel}","templated":true}]}}