{"id":1536,"date":"2017-01-19T20:31:05","date_gmt":"2017-01-19T20:31:05","guid":{"rendered":"http:\/\/pronas.proinas.net\/producto\/qwik-sant-nf\/"},"modified":"2022-04-07T22:42:15","modified_gmt":"2022-04-07T22:42:15","slug":"qwik-sant-nf","status":"publish","type":"product","link":"https:\/\/www.proinas.com\/en\/product\/qwik-sant-nf\/","title":{"rendered":"QWIK SANT"},"content":{"rendered":"<p style=\"text-align: justify;\"><strong>Limpiador desengrasante para equipos el\u00e9ctricos y electr\u00f3nicos.<\/strong><\/p>\n<ul>\n<li style=\"text-align: justify;\">Limpia todos los circuitos electr\u00f3nicos sin da\u00f1ar sus componentes. Es seguro en casi todos los materiales.<\/li>\n<li style=\"text-align: justify;\">Se evapora r\u00e1pidamente sin dejar residuos.<\/li>\n<li style=\"text-align: justify;\">No da\u00f1a la capa de ozono.<\/li>\n<li style=\"text-align: justify;\">No contiene solventes fluorinados o clorados.<\/li>\n<li style=\"text-align: justify;\">No condensa la humedad.<\/li>\n<li style=\"text-align: justify;\">Use en radio, televisi\u00f3n, compa\u00f1\u00edas el\u00e9ctricas y electr\u00f3nicas, concesionarios automotrices, empresas de transporte, municipalidades, servicios p\u00fablicos, equipos electr\u00f3nicos, tableros de control, y otros equipos similares.<\/li>\n<\/ul>\n<p style=\"text-align: center;\"><a href=\"https:\/\/www.proinas.com\/wp-content\/uploads\/2022\/03\/QWIK_SANT_AEROSOL_Ficha_Comercial-protegido.pdf\" target=\"_blank\" rel=\"noopener noreferrer\">FICHA COMERCIAL<\/a><\/p>\n<p style=\"text-align: center;\"><a href=\"http:\/\/www.proinas.com\/en\/contact-us\/\" target=\"_blank\" rel=\"noopener noreferrer\">FICHA T\u00c9CNICA<\/a><\/p>\n<p style=\"text-align: center;\"><a href=\"http:\/\/www.proinas.com\/en\/contact-us\/\" target=\"_blank\" rel=\"noopener noreferrer\">FICHA SEGURIDAD<\/a><\/p>","protected":false},"excerpt":{"rendered":"<p>Limpiador desengrasante para equipos el\u00e9ctricos y electr\u00f3nicos. Limpia todos los circuitos electr\u00f3nicos sin da\u00f1ar sus componentes. Es seguro en casi todos los materiales. Se evapora r\u00e1pidamente sin dejar residuos. No da\u00f1a la capa de ozono. No contiene solventes fluorinados o clorados. No condensa la humedad. Use en radio, televisi\u00f3n, compa\u00f1\u00edas el\u00e9ctricas y electr\u00f3nicas, concesionarios automotrices, [&hellip;]<\/p>","protected":false},"featured_media":3347,"template":"","meta":[],"product_brand":[],"product_cat":[138,24,180,160,168],"product_tag":[],"class_list":{"0":"post-1536","1":"product","2":"type-product","3":"status-publish","4":"has-post-thumbnail","6":"product_cat-aerosoles","7":"product_cat-limpiadores-dielectricos-electronicos","8":"product_cat-limpiadores-dielectricos-y-electronicos-alimentos","9":"product_cat-limpiadores-dielectricos-y-electronicos-industrial","10":"product_cat-limpiadores-dielectricos-y-electronicos-institucional","12":"first","13":"instock","14":"taxable","15":"shipping-taxable","16":"product-type-simple"},"_links":{"self":[{"href":"https:\/\/www.proinas.com\/en\/wp-json\/wp\/v2\/product\/1536","targetHints":{"allow":["GET"]}}],"collection":[{"href":"https:\/\/www.proinas.com\/en\/wp-json\/wp\/v2\/product"}],"about":[{"href":"https:\/\/www.proinas.com\/en\/wp-json\/wp\/v2\/types\/product"}],"wp:featuredmedia":[{"embeddable":true,"href":"https:\/\/www.proinas.com\/en\/wp-json\/wp\/v2\/media\/3347"}],"wp:attachment":[{"href":"https:\/\/www.proinas.com\/en\/wp-json\/wp\/v2\/media?parent=1536"}],"wp:term":[{"taxonomy":"product_brand","embeddable":true,"href":"https:\/\/www.proinas.com\/en\/wp-json\/wp\/v2\/product_brand?post=1536"},{"taxonomy":"product_cat","embeddable":true,"href":"https:\/\/www.proinas.com\/en\/wp-json\/wp\/v2\/product_cat?post=1536"},{"taxonomy":"product_tag","embeddable":true,"href":"https:\/\/www.proinas.com\/en\/wp-json\/wp\/v2\/product_tag?post=1536"}],"curies":[{"name":"wp","href":"https:\/\/api.w.org\/{rel}","templated":true}]}}