{"id":1538,"date":"2017-01-19T20:34:31","date_gmt":"2017-01-19T20:34:31","guid":{"rendered":"http:\/\/pronas.proinas.net\/producto\/dish\/"},"modified":"2022-04-07T22:41:32","modified_gmt":"2022-04-07T22:41:32","slug":"dish","status":"publish","type":"product","link":"https:\/\/www.proinas.com\/en\/product\/dish\/","title":{"rendered":"DISH"},"content":{"rendered":"<p style=\"text-align: justify;\"><strong>Jab\u00f3n para loza y cristales.<\/strong><\/p>\n<ul>\n<li style=\"text-align: justify;\">Es una mezcla de agentes limpiadores, biscozantes, tenso activos y estabilizadores de espuma en soluci\u00f3n acuosa.<\/li>\n<li style=\"text-align: justify;\">Es suave con sus manos, no contiene ingredientes fuertes o irritantes.<\/li>\n<li style=\"text-align: justify;\">Penetra emulsifica la grasa y part\u00edculas de alimentos.<\/li>\n<li style=\"text-align: justify;\">Los residuos jabonosos son mantenidos en suspensi\u00f3n para f\u00e1cil enjuague.<\/li>\n<li style=\"text-align: justify;\">Biodegradable.<\/li>\n<li style=\"text-align: justify;\">Se disuelve hasta en 30 partes de agua.<\/li>\n<li style=\"text-align: justify;\">Desinfectante con suave olor a c\u00edtrico.<\/li>\n<\/ul>\n<p style=\"text-align: center;\"><a href=\"https:\/\/www.proinas.com\/wp-content\/uploads\/2022\/03\/DISH_Ficha_Comercial-protegido.pdf\" target=\"_blank\" rel=\"noopener noreferrer\">FICHA COMERCIAL<\/a><\/p>\n<p style=\"text-align: center;\"><a href=\"http:\/\/www.proinas.com\/en\/contact-us\/\">FICHA T\u00c9CNICA<\/a><\/p>\n<p style=\"text-align: center;\"><a href=\"http:\/\/www.proinas.com\/en\/contact-us\/\">FICHA SEGURIDAD<\/a><\/p>","protected":false},"excerpt":{"rendered":"<p>Jab\u00f3n para loza y cristales. Es una mezcla de agentes limpiadores, biscozantes, tenso activos y estabilizadores de espuma en soluci\u00f3n acuosa. Es suave con sus manos, no contiene ingredientes fuertes o irritantes. Penetra emulsifica la grasa y part\u00edculas de alimentos. Los residuos jabonosos son mantenidos en suspensi\u00f3n para f\u00e1cil enjuague. Biodegradable. Se disuelve hasta en [&hellip;]<\/p>","protected":false},"featured_media":3347,"template":"","meta":[],"product_brand":[],"product_cat":[25,174],"product_tag":[],"class_list":{"0":"post-1538","1":"product","2":"type-product","3":"status-publish","4":"has-post-thumbnail","6":"product_cat-linea-azul","7":"product_cat-linea-azul-alimentos","9":"first","10":"instock","11":"taxable","12":"shipping-taxable","13":"product-type-simple"},"_links":{"self":[{"href":"https:\/\/www.proinas.com\/en\/wp-json\/wp\/v2\/product\/1538","targetHints":{"allow":["GET"]}}],"collection":[{"href":"https:\/\/www.proinas.com\/en\/wp-json\/wp\/v2\/product"}],"about":[{"href":"https:\/\/www.proinas.com\/en\/wp-json\/wp\/v2\/types\/product"}],"wp:featuredmedia":[{"embeddable":true,"href":"https:\/\/www.proinas.com\/en\/wp-json\/wp\/v2\/media\/3347"}],"wp:attachment":[{"href":"https:\/\/www.proinas.com\/en\/wp-json\/wp\/v2\/media?parent=1538"}],"wp:term":[{"taxonomy":"product_brand","embeddable":true,"href":"https:\/\/www.proinas.com\/en\/wp-json\/wp\/v2\/product_brand?post=1538"},{"taxonomy":"product_cat","embeddable":true,"href":"https:\/\/www.proinas.com\/en\/wp-json\/wp\/v2\/product_cat?post=1538"},{"taxonomy":"product_tag","embeddable":true,"href":"https:\/\/www.proinas.com\/en\/wp-json\/wp\/v2\/product_tag?post=1538"}],"curies":[{"name":"wp","href":"https:\/\/api.w.org\/{rel}","templated":true}]}}