{"id":1543,"date":"2017-01-19T20:41:50","date_gmt":"2017-01-19T20:41:50","guid":{"rendered":"http:\/\/pronas.proinas.net\/producto\/power-clean\/"},"modified":"2022-04-07T22:39:40","modified_gmt":"2022-04-07T22:39:40","slug":"power-clean","status":"publish","type":"product","link":"https:\/\/www.proinas.com\/en\/product\/power-clean\/","title":{"rendered":"POWER CLEAN"},"content":{"rendered":"<p style=\"text-align: justify;\"><strong>Desengrasante biodegradable industrial.<\/strong><\/p>\n<ul>\n<li style=\"text-align: justify;\">Es un producto desengrasante que consiste en una mezcla de agentes penetrante solubilizadores e inhibidores de corrosi\u00f3n.<\/li>\n<li style=\"text-align: justify;\">Limpia r\u00e1pidamente y permite la remoci\u00f3n de\u00a0grasa, aceite, cera, carb\u00f3n, tinta, colorantes,\u00a0moho y otros tipos de suciedad sin dejar residuos\u00a0aceitosos o pel\u00edcula jabonosa.<\/li>\n<\/ul>\n<p style=\"text-align: center;\"><a href=\"http:\/\/proinas.com\/wp-content\/uploads\/2017\/01\/POWER_CLEAN_Ficha_Comercial.pdf\" target=\"_blank\" rel=\"noopener noreferrer\">FICHA COMERCIAL<\/a><\/p>\n<p style=\"text-align: center;\"><a href=\"http:\/\/www.proinas.com\/en\/contact-us\/\">FICHA T\u00c9CNICA<\/a><\/p>\n<p style=\"text-align: center;\"><a href=\"http:\/\/www.proinas.com\/en\/contact-us\/\">FICHA SEGURIDAD<\/a><\/p>","protected":false},"excerpt":{"rendered":"<p>Desengrasante biodegradable industrial. Es un producto desengrasante que consiste en una mezcla de agentes penetrante solubilizadores e inhibidores de corrosi\u00f3n. Limpia r\u00e1pidamente y permite la remoci\u00f3n de\u00a0grasa, aceite, cera, carb\u00f3n, tinta, colorantes,\u00a0moho y otros tipos de suciedad sin dejar residuos\u00a0aceitosos o pel\u00edcula jabonosa. FICHA COMERCIAL FICHA T\u00c9CNICA FICHA SEGURIDAD<\/p>","protected":false},"featured_media":3347,"template":"","meta":[],"product_brand":[],"product_cat":[25],"product_tag":[],"class_list":{"0":"post-1543","1":"product","2":"type-product","3":"status-publish","4":"has-post-thumbnail","6":"product_cat-linea-azul","8":"first","9":"instock","10":"taxable","11":"shipping-taxable","12":"product-type-simple"},"_links":{"self":[{"href":"https:\/\/www.proinas.com\/en\/wp-json\/wp\/v2\/product\/1543","targetHints":{"allow":["GET"]}}],"collection":[{"href":"https:\/\/www.proinas.com\/en\/wp-json\/wp\/v2\/product"}],"about":[{"href":"https:\/\/www.proinas.com\/en\/wp-json\/wp\/v2\/types\/product"}],"wp:featuredmedia":[{"embeddable":true,"href":"https:\/\/www.proinas.com\/en\/wp-json\/wp\/v2\/media\/3347"}],"wp:attachment":[{"href":"https:\/\/www.proinas.com\/en\/wp-json\/wp\/v2\/media?parent=1543"}],"wp:term":[{"taxonomy":"product_brand","embeddable":true,"href":"https:\/\/www.proinas.com\/en\/wp-json\/wp\/v2\/product_brand?post=1543"},{"taxonomy":"product_cat","embeddable":true,"href":"https:\/\/www.proinas.com\/en\/wp-json\/wp\/v2\/product_cat?post=1543"},{"taxonomy":"product_tag","embeddable":true,"href":"https:\/\/www.proinas.com\/en\/wp-json\/wp\/v2\/product_tag?post=1543"}],"curies":[{"name":"wp","href":"https:\/\/api.w.org\/{rel}","templated":true}]}}