{"id":1545,"date":"2017-01-19T20:45:58","date_gmt":"2017-01-19T20:45:58","guid":{"rendered":"http:\/\/pronas.proinas.net\/producto\/suavisant\/"},"modified":"2022-04-07T22:38:49","modified_gmt":"2022-04-07T22:38:49","slug":"suavisant","status":"publish","type":"product","link":"https:\/\/www.proinas.com\/en\/product\/suavisant\/","title":{"rendered":"SUAVISANT"},"content":{"rendered":"<p style=\"text-align: justify;\"><strong>Suavisante textil.<\/strong><\/p>\n<ul>\n<li style=\"text-align: justify;\">Suavizante y acondicionador que transmite a la prenda una agradable fragancia y una sensaci\u00f3n de limpieza, frescura y suavidad. A base de tenso activos cati\u00f3nicos y no i\u00f3nicos biodegradables de amplia aplicaci\u00f3n para telas.<\/li>\n<\/ul>\n<p style=\"text-align: center;\"><a href=\"http:\/\/proinas.com\/wp-content\/uploads\/2017\/01\/SUAVISANT_Ficha_Comercial.pdf\" target=\"_blank\" rel=\"noopener noreferrer\">FICHA COMERCIAL<\/a><\/p>\n<p style=\"text-align: center;\"><a href=\"http:\/\/www.proinas.com\/en\/contact-us\/\">FICHA T\u00c9CNICA<\/a><\/p>\n<p style=\"text-align: center;\"><a href=\"http:\/\/www.proinas.com\/en\/contact-us\/\">FICHA SEGURIDAD<\/a><\/p>","protected":false},"excerpt":{"rendered":"<p>Suavisante textil. Suavizante y acondicionador que transmite a la prenda una agradable fragancia y una sensaci\u00f3n de limpieza, frescura y suavidad. A base de tenso activos cati\u00f3nicos y no i\u00f3nicos biodegradables de amplia aplicaci\u00f3n para telas. FICHA COMERCIAL FICHA T\u00c9CNICA FICHA SEGURIDAD<\/p>","protected":false},"featured_media":3347,"template":"","meta":[],"product_brand":[],"product_cat":[25],"product_tag":[],"class_list":{"0":"post-1545","1":"product","2":"type-product","3":"status-publish","4":"has-post-thumbnail","6":"product_cat-linea-azul","8":"first","9":"instock","10":"taxable","11":"shipping-taxable","12":"product-type-simple"},"_links":{"self":[{"href":"https:\/\/www.proinas.com\/en\/wp-json\/wp\/v2\/product\/1545","targetHints":{"allow":["GET"]}}],"collection":[{"href":"https:\/\/www.proinas.com\/en\/wp-json\/wp\/v2\/product"}],"about":[{"href":"https:\/\/www.proinas.com\/en\/wp-json\/wp\/v2\/types\/product"}],"wp:featuredmedia":[{"embeddable":true,"href":"https:\/\/www.proinas.com\/en\/wp-json\/wp\/v2\/media\/3347"}],"wp:attachment":[{"href":"https:\/\/www.proinas.com\/en\/wp-json\/wp\/v2\/media?parent=1545"}],"wp:term":[{"taxonomy":"product_brand","embeddable":true,"href":"https:\/\/www.proinas.com\/en\/wp-json\/wp\/v2\/product_brand?post=1545"},{"taxonomy":"product_cat","embeddable":true,"href":"https:\/\/www.proinas.com\/en\/wp-json\/wp\/v2\/product_cat?post=1545"},{"taxonomy":"product_tag","embeddable":true,"href":"https:\/\/www.proinas.com\/en\/wp-json\/wp\/v2\/product_tag?post=1545"}],"curies":[{"name":"wp","href":"https:\/\/api.w.org\/{rel}","templated":true}]}}