{"id":1546,"date":"2017-01-19T20:47:31","date_gmt":"2017-01-19T20:47:31","guid":{"rendered":"http:\/\/pronas.proinas.net\/producto\/super-max\/"},"modified":"2022-04-07T22:20:18","modified_gmt":"2022-04-07T22:20:18","slug":"super-max","status":"publish","type":"product","link":"https:\/\/www.proinas.com\/en\/product\/super-max\/","title":{"rendered":"SUPER MAX"},"content":{"rendered":"<p style=\"text-align: justify;\"><strong>Limpiador Desincrustante.<\/strong><\/p>\n<ul>\n<li style=\"text-align: justify;\">Es un producto desmanchado de PH acido, \u00fatil en la limpieza de porcelana, cer\u00e1mica, granito pulido, gravilla, etc.<\/li>\n<li style=\"text-align: justify;\">Quita herrumbre y corrosi\u00f3n.<\/li>\n<li style=\"text-align: justify;\">Quita el exceso de cal y arena de los ladrillos en\u00a0exteriores de edificios y obras en construcci\u00f3n.<\/li>\n<\/ul>\n<p style=\"text-align: center;\"><a href=\"http:\/\/proinas.com\/wp-content\/uploads\/2017\/01\/SUPER_MAX_Ficha_Comercial.pdf\" target=\"_blank\" rel=\"noopener noreferrer\">FICHA COMERCIAL<\/a><\/p>\n<p style=\"text-align: center;\"><a href=\"http:\/\/www.proinas.com\/en\/contact-us\/\">FICHA T\u00c9CNICA<\/a><\/p>\n<p style=\"text-align: center;\"><a href=\"http:\/\/www.proinas.com\/en\/contact-us\/\">FICHA SEGURIDAD<\/a><\/p>","protected":false},"excerpt":{"rendered":"<p>Limpiador Desincrustante. Es un producto desmanchado de PH acido, \u00fatil en la limpieza de porcelana, cer\u00e1mica, granito pulido, gravilla, etc. Quita herrumbre y corrosi\u00f3n. Quita el exceso de cal y arena de los ladrillos en\u00a0exteriores de edificios y obras en construcci\u00f3n. FICHA COMERCIAL FICHA T\u00c9CNICA FICHA SEGURIDAD<\/p>","protected":false},"featured_media":3347,"template":"","meta":[],"product_brand":[],"product_cat":[25],"product_tag":[],"class_list":{"0":"post-1546","1":"product","2":"type-product","3":"status-publish","4":"has-post-thumbnail","6":"product_cat-linea-azul","8":"first","9":"instock","10":"taxable","11":"shipping-taxable","12":"product-type-simple"},"_links":{"self":[{"href":"https:\/\/www.proinas.com\/en\/wp-json\/wp\/v2\/product\/1546","targetHints":{"allow":["GET"]}}],"collection":[{"href":"https:\/\/www.proinas.com\/en\/wp-json\/wp\/v2\/product"}],"about":[{"href":"https:\/\/www.proinas.com\/en\/wp-json\/wp\/v2\/types\/product"}],"wp:featuredmedia":[{"embeddable":true,"href":"https:\/\/www.proinas.com\/en\/wp-json\/wp\/v2\/media\/3347"}],"wp:attachment":[{"href":"https:\/\/www.proinas.com\/en\/wp-json\/wp\/v2\/media?parent=1546"}],"wp:term":[{"taxonomy":"product_brand","embeddable":true,"href":"https:\/\/www.proinas.com\/en\/wp-json\/wp\/v2\/product_brand?post=1546"},{"taxonomy":"product_cat","embeddable":true,"href":"https:\/\/www.proinas.com\/en\/wp-json\/wp\/v2\/product_cat?post=1546"},{"taxonomy":"product_tag","embeddable":true,"href":"https:\/\/www.proinas.com\/en\/wp-json\/wp\/v2\/product_tag?post=1546"}],"curies":[{"name":"wp","href":"https:\/\/api.w.org\/{rel}","templated":true}]}}