{"id":1547,"date":"2017-01-19T20:48:41","date_gmt":"2017-01-19T20:48:41","guid":{"rendered":"http:\/\/pronas.proinas.net\/producto\/ultra-dress\/"},"modified":"2022-04-07T22:19:46","modified_gmt":"2022-04-07T22:19:46","slug":"ultra-dress","status":"publish","type":"product","link":"https:\/\/www.proinas.com\/en\/product\/ultra-dress\/","title":{"rendered":"ULTRA DRESS"},"content":{"rendered":"<p style=\"text-align: justify;\"><strong>Detergente liquido textil.<\/strong><\/p>\n<ul>\n<li style=\"text-align: justify;\">Mezcla de tenso activos biodegradables y agentes secuestrantes que permiten la humectaci\u00f3n r\u00e1pida y limpieza de las fibras.<\/li>\n<\/ul>\n<p style=\"text-align: center;\"><a href=\"http:\/\/proinas.net\/wp-content\/uploads\/2017\/01\/ULTRA_DRESS_Ficha_Comercial.pptx\" target=\"_blank\" rel=\"noopener noreferrer\">FICHA COMERCIAL<\/a><\/p>\n<p style=\"text-align: center;\"><a href=\"http:\/\/www.proinas.com\/en\/contact-us\/\">FICHA T\u00c9CNICA<\/a><\/p>\n<p style=\"text-align: center;\"><a href=\"http:\/\/www.proinas.com\/en\/contact-us\/\">FICHA COMERCIAL<\/a><\/p>","protected":false},"excerpt":{"rendered":"<p>Detergente liquido textil. Mezcla de tenso activos biodegradables y agentes secuestrantes que permiten la humectaci\u00f3n r\u00e1pida y limpieza de las fibras. FICHA COMERCIAL FICHA T\u00c9CNICA FICHA COMERCIAL<\/p>","protected":false},"featured_media":3347,"template":"","meta":[],"product_brand":[],"product_cat":[25],"product_tag":[],"class_list":{"0":"post-1547","1":"product","2":"type-product","3":"status-publish","4":"has-post-thumbnail","6":"product_cat-linea-azul","8":"first","9":"instock","10":"taxable","11":"shipping-taxable","12":"product-type-simple"},"_links":{"self":[{"href":"https:\/\/www.proinas.com\/en\/wp-json\/wp\/v2\/product\/1547","targetHints":{"allow":["GET"]}}],"collection":[{"href":"https:\/\/www.proinas.com\/en\/wp-json\/wp\/v2\/product"}],"about":[{"href":"https:\/\/www.proinas.com\/en\/wp-json\/wp\/v2\/types\/product"}],"wp:featuredmedia":[{"embeddable":true,"href":"https:\/\/www.proinas.com\/en\/wp-json\/wp\/v2\/media\/3347"}],"wp:attachment":[{"href":"https:\/\/www.proinas.com\/en\/wp-json\/wp\/v2\/media?parent=1547"}],"wp:term":[{"taxonomy":"product_brand","embeddable":true,"href":"https:\/\/www.proinas.com\/en\/wp-json\/wp\/v2\/product_brand?post=1547"},{"taxonomy":"product_cat","embeddable":true,"href":"https:\/\/www.proinas.com\/en\/wp-json\/wp\/v2\/product_cat?post=1547"},{"taxonomy":"product_tag","embeddable":true,"href":"https:\/\/www.proinas.com\/en\/wp-json\/wp\/v2\/product_tag?post=1547"}],"curies":[{"name":"wp","href":"https:\/\/api.w.org\/{rel}","templated":true}]}}