{"id":1549,"date":"2017-01-19T20:52:06","date_gmt":"2017-01-19T20:52:06","guid":{"rendered":"http:\/\/pronas.proinas.net\/producto\/grasa-multiproposito\/"},"modified":"2022-04-07T22:19:16","modified_gmt":"2022-04-07T22:19:16","slug":"multi-grase","status":"publish","type":"product","link":"https:\/\/www.proinas.com\/en\/product\/multi-grase\/","title":{"rendered":"MULTI GRASE"},"content":{"rendered":"<p style=\"text-align: justify;\"><strong>Marca: SANT.<\/strong><\/p>\n<p style=\"text-align: justify;\">&#8211; Descripci\u00f3n: Resistencia al lavado, absorci\u00f3n de agua, resistencia a la corrosi\u00f3n, resistencia a las proyecciones.<\/p>\n<p style=\"text-align: justify;\">&#8211; Aplicaciones: Engrase Industrial.<\/p>\n<p style=\"text-align: justify;\">&#8211; Existencia: 32 Canecas 16 Kilos.<\/p>\n<p style=\"text-align: center;\"><a href=\"\/wp-content\/uploads\/2017\/com\/Grasa Multiprop\u00f3sito_com.pdf\" target=\"_blank\" rel=\"noopener noreferrer\">FICHA COMERCIAL<\/a><\/p>","protected":false},"excerpt":{"rendered":"<p>Marca: SANT. &#8211; Descripci\u00f3n: Resistencia al lavado, absorci\u00f3n de agua, resistencia a la corrosi\u00f3n, resistencia a las proyecciones. &#8211; Aplicaciones: Engrase Industrial. &#8211; Existencia: 32 Canecas 16 Kilos. FICHA COMERCIAL<\/p>","protected":false},"featured_media":3347,"template":"","meta":[],"product_brand":[],"product_cat":[151,26],"product_tag":[],"class_list":{"0":"post-1549","1":"product","2":"type-product","3":"status-publish","4":"has-post-thumbnail","6":"product_cat-antiadherentes-y-lubricantes-industrial","7":"product_cat-lubricantes-y-aceites","9":"first","10":"instock","11":"taxable","12":"shipping-taxable","13":"product-type-simple"},"_links":{"self":[{"href":"https:\/\/www.proinas.com\/en\/wp-json\/wp\/v2\/product\/1549","targetHints":{"allow":["GET"]}}],"collection":[{"href":"https:\/\/www.proinas.com\/en\/wp-json\/wp\/v2\/product"}],"about":[{"href":"https:\/\/www.proinas.com\/en\/wp-json\/wp\/v2\/types\/product"}],"wp:featuredmedia":[{"embeddable":true,"href":"https:\/\/www.proinas.com\/en\/wp-json\/wp\/v2\/media\/3347"}],"wp:attachment":[{"href":"https:\/\/www.proinas.com\/en\/wp-json\/wp\/v2\/media?parent=1549"}],"wp:term":[{"taxonomy":"product_brand","embeddable":true,"href":"https:\/\/www.proinas.com\/en\/wp-json\/wp\/v2\/product_brand?post=1549"},{"taxonomy":"product_cat","embeddable":true,"href":"https:\/\/www.proinas.com\/en\/wp-json\/wp\/v2\/product_cat?post=1549"},{"taxonomy":"product_tag","embeddable":true,"href":"https:\/\/www.proinas.com\/en\/wp-json\/wp\/v2\/product_tag?post=1549"}],"curies":[{"name":"wp","href":"https:\/\/api.w.org\/{rel}","templated":true}]}}