{"id":1550,"date":"2017-01-19T20:53:57","date_gmt":"2017-01-19T20:53:57","guid":{"rendered":"http:\/\/pronas.proinas.net\/producto\/oil-sant\/"},"modified":"2022-04-07T22:18:46","modified_gmt":"2022-04-07T22:18:46","slug":"oil-sant","status":"publish","type":"product","link":"https:\/\/www.proinas.com\/en\/product\/oil-sant\/","title":{"rendered":"OIL SANT"},"content":{"rendered":"<p style=\"text-align: justify;\"><strong>Aceite de corte no soluble para maquinado roseado\/fresado.<\/strong><\/p>\n<ul>\n<li style=\"text-align: justify;\">Aumenta la vida \u00fatil del buril y herramienta usada, define el acabado del maquinado, excelente lubricidad y propiedades de extrema presi\u00f3n.<\/li>\n<li style=\"text-align: justify;\">Protege contra la herrumbre y la corrosi\u00f3n del equipo.<\/li>\n<li style=\"text-align: justify;\">Act\u00faa como refrigerante para eliminar el calor que se produce en la herramienta de corte y la pieza que se est\u00e1 procesando.<\/li>\n<li style=\"text-align: justify;\">Arrastra las virutas durante la operaci\u00f3n.<\/li>\n<li style=\"text-align: justify;\">Se recomienda para trabajo pesado, en Fileteadoras, rociadoras, esmeriles, tornos, fresadoras en operaci\u00f3n sobre el metal.<\/li>\n<\/ul>\n<p style=\"text-align: center;\"><a href=\"http:\/\/proinas.net\/wp-content\/uploads\/2017\/01\/OIL_SANT_Ficha_Comercial.pdf\" target=\"_blank\" rel=\"noopener noreferrer\">FICHA COMERCIAL<\/a><\/p>","protected":false},"excerpt":{"rendered":"<p>Aceite de corte no soluble para maquinado roseado\/fresado. Aumenta la vida \u00fatil del buril y herramienta usada, define el acabado del maquinado, excelente lubricidad y propiedades de extrema presi\u00f3n. Protege contra la herrumbre y la corrosi\u00f3n del equipo. Act\u00faa como refrigerante para eliminar el calor que se produce en la herramienta de corte y la [&hellip;]<\/p>","protected":false},"featured_media":3347,"template":"","meta":[],"product_brand":[],"product_cat":[151,26],"product_tag":[],"class_list":{"0":"post-1550","1":"product","2":"type-product","3":"status-publish","4":"has-post-thumbnail","6":"product_cat-antiadherentes-y-lubricantes-industrial","7":"product_cat-lubricantes-y-aceites","9":"first","10":"instock","11":"taxable","12":"shipping-taxable","13":"product-type-simple"},"_links":{"self":[{"href":"https:\/\/www.proinas.com\/en\/wp-json\/wp\/v2\/product\/1550","targetHints":{"allow":["GET"]}}],"collection":[{"href":"https:\/\/www.proinas.com\/en\/wp-json\/wp\/v2\/product"}],"about":[{"href":"https:\/\/www.proinas.com\/en\/wp-json\/wp\/v2\/types\/product"}],"wp:featuredmedia":[{"embeddable":true,"href":"https:\/\/www.proinas.com\/en\/wp-json\/wp\/v2\/media\/3347"}],"wp:attachment":[{"href":"https:\/\/www.proinas.com\/en\/wp-json\/wp\/v2\/media?parent=1550"}],"wp:term":[{"taxonomy":"product_brand","embeddable":true,"href":"https:\/\/www.proinas.com\/en\/wp-json\/wp\/v2\/product_brand?post=1550"},{"taxonomy":"product_cat","embeddable":true,"href":"https:\/\/www.proinas.com\/en\/wp-json\/wp\/v2\/product_cat?post=1550"},{"taxonomy":"product_tag","embeddable":true,"href":"https:\/\/www.proinas.com\/en\/wp-json\/wp\/v2\/product_tag?post=1550"}],"curies":[{"name":"wp","href":"https:\/\/api.w.org\/{rel}","templated":true}]}}