{"id":1553,"date":"2017-01-19T20:59:00","date_gmt":"2017-01-19T20:59:00","guid":{"rendered":"http:\/\/pronas.proinas.net\/producto\/oilcool\/"},"modified":"2022-04-07T22:17:35","modified_gmt":"2022-04-07T22:17:35","slug":"oil-cool","status":"publish","type":"product","link":"https:\/\/www.proinas.com\/en\/product\/oil-cool\/","title":{"rendered":"OIL COOL"},"content":{"rendered":"<p style=\"text-align: justify;\"><strong>Aceite soluble refrigerante de larga duraci\u00f3n para trabajo pesado.<\/strong><\/p>\n<ul>\n<li style=\"text-align: justify;\">OILCOOL es un aceite soluble preparado con bases lubricantes de alta pureza y un paquete de aditivos que le proporcionan excelente calidad para el maquinado de metales como: cortes con sierra, taladro, mandrilado, fresado, torneado, roscado, esmerilado, etc.<\/li>\n<li style=\"text-align: justify;\">Protege las m\u00e1quinas, herramientas y evita las vibraciones.<\/li>\n<li style=\"text-align: justify;\">Produce cortes m\u00e1s finos y suaves en todas las operaciones de roscado.<\/li>\n<li style=\"text-align: justify;\">No es corrosivo y contiene aditivos para evitar temprana descomposici\u00f3n.<\/li>\n<li style=\"text-align: justify;\">Permite cortes m\u00e1s fr\u00edos, r\u00e1pidos y exactos.<\/li>\n<li style=\"text-align: justify;\">Ocasiona menos distorsi\u00f3n por el calor y menos calentamiento de las herramientas.<\/li>\n<\/ul>\n<p style=\"text-align: center;\"><a href=\"http:\/\/proinas.net\/wp-content\/uploads\/2017\/01\/OIL_COOL_Ficha_Comercial.pdf\" target=\"_blank\" rel=\"noopener noreferrer\">FICHA COMERCIAL<\/a><\/p>","protected":false},"excerpt":{"rendered":"<p>Aceite soluble refrigerante de larga duraci\u00f3n para trabajo pesado. OILCOOL es un aceite soluble preparado con bases lubricantes de alta pureza y un paquete de aditivos que le proporcionan excelente calidad para el maquinado de metales como: cortes con sierra, taladro, mandrilado, fresado, torneado, roscado, esmerilado, etc. Protege las m\u00e1quinas, herramientas y evita las vibraciones. [&hellip;]<\/p>","protected":false},"featured_media":3347,"template":"","meta":[],"product_brand":[],"product_cat":[151,26],"product_tag":[],"class_list":{"0":"post-1553","1":"product","2":"type-product","3":"status-publish","4":"has-post-thumbnail","6":"product_cat-antiadherentes-y-lubricantes-industrial","7":"product_cat-lubricantes-y-aceites","9":"first","10":"instock","11":"taxable","12":"shipping-taxable","13":"product-type-simple"},"_links":{"self":[{"href":"https:\/\/www.proinas.com\/en\/wp-json\/wp\/v2\/product\/1553","targetHints":{"allow":["GET"]}}],"collection":[{"href":"https:\/\/www.proinas.com\/en\/wp-json\/wp\/v2\/product"}],"about":[{"href":"https:\/\/www.proinas.com\/en\/wp-json\/wp\/v2\/types\/product"}],"wp:featuredmedia":[{"embeddable":true,"href":"https:\/\/www.proinas.com\/en\/wp-json\/wp\/v2\/media\/3347"}],"wp:attachment":[{"href":"https:\/\/www.proinas.com\/en\/wp-json\/wp\/v2\/media?parent=1553"}],"wp:term":[{"taxonomy":"product_brand","embeddable":true,"href":"https:\/\/www.proinas.com\/en\/wp-json\/wp\/v2\/product_brand?post=1553"},{"taxonomy":"product_cat","embeddable":true,"href":"https:\/\/www.proinas.com\/en\/wp-json\/wp\/v2\/product_cat?post=1553"},{"taxonomy":"product_tag","embeddable":true,"href":"https:\/\/www.proinas.com\/en\/wp-json\/wp\/v2\/product_tag?post=1553"}],"curies":[{"name":"wp","href":"https:\/\/api.w.org\/{rel}","templated":true}]}}