{"id":1554,"date":"2017-01-19T21:00:26","date_gmt":"2017-01-19T21:00:26","guid":{"rendered":"http:\/\/pronas.proinas.net\/producto\/sant-core\/"},"modified":"2022-04-07T22:17:09","modified_gmt":"2022-04-07T22:17:09","slug":"sant-core","status":"publish","type":"product","link":"https:\/\/www.proinas.com\/en\/product\/sant-core\/","title":{"rendered":"SANT CORE"},"content":{"rendered":"<p style=\"text-align: justify;\"><strong>Lubricante para cadenas y cables de acero.<\/strong><\/p>\n<ul>\n<li style=\"text-align: justify;\">Reducci\u00f3n m\u00e1xima de la fricci\u00f3n por contener el aditivo especial MOLYSOL que provee efectiva protecci\u00f3n a su equipo.<\/li>\n<li style=\"text-align: justify;\">SANT CORE forma una pel\u00edcula delgada y seca al contacto con el aire que no atrae suciedad.<\/li>\n<li style=\"text-align: justify;\">Los inhibidores de corrosi\u00f3n y de herrumbre prolongan la vida de las cadenas y los cables de acero bajo todas las condiciones ambientales.<\/li>\n<li style=\"text-align: justify;\">Protege contra la fatiga y la tensi\u00f3n de los cables; de f\u00e1cil y r\u00e1pida aplicaci\u00f3n.<\/li>\n<li style=\"text-align: justify;\">Resiste la humedad extrema y el agua salada \u2013 Efectivo a temperaturas entre -50\u00baF a 150\u00baF (-46\u00baC a 66\u00baC).<\/li>\n<li style=\"text-align: justify;\">Use SANT CORE en gr\u00faas, remolcadores, dragas, ascensores, equipo automotriz, equipo marino, cables de transporte, equipo de perforaci\u00f3n, rampas de miner\u00eda, l\u00edneas en suspensi\u00f3n, elevadores de carga, construcci\u00f3n, etc.<\/li>\n<\/ul>\n<p style=\"text-align: center;\"><a href=\"http:\/\/proinas.net\/wp-content\/uploads\/2017\/01\/SANT_CORE_Ficha_Comercial-1.pdf\" target=\"_blank\" rel=\"noopener noreferrer\">FICHA COMERCIAL<\/a><\/p>","protected":false},"excerpt":{"rendered":"<p>Lubricante para cadenas y cables de acero. Reducci\u00f3n m\u00e1xima de la fricci\u00f3n por contener el aditivo especial MOLYSOL que provee efectiva protecci\u00f3n a su equipo. SANT CORE forma una pel\u00edcula delgada y seca al contacto con el aire que no atrae suciedad. Los inhibidores de corrosi\u00f3n y de herrumbre prolongan la vida de las cadenas [&hellip;]<\/p>","protected":false},"featured_media":3347,"template":"","meta":[],"product_brand":[],"product_cat":[151,26],"product_tag":[],"class_list":{"0":"post-1554","1":"product","2":"type-product","3":"status-publish","4":"has-post-thumbnail","6":"product_cat-antiadherentes-y-lubricantes-industrial","7":"product_cat-lubricantes-y-aceites","9":"first","10":"instock","11":"taxable","12":"shipping-taxable","13":"product-type-simple"},"_links":{"self":[{"href":"https:\/\/www.proinas.com\/en\/wp-json\/wp\/v2\/product\/1554","targetHints":{"allow":["GET"]}}],"collection":[{"href":"https:\/\/www.proinas.com\/en\/wp-json\/wp\/v2\/product"}],"about":[{"href":"https:\/\/www.proinas.com\/en\/wp-json\/wp\/v2\/types\/product"}],"wp:featuredmedia":[{"embeddable":true,"href":"https:\/\/www.proinas.com\/en\/wp-json\/wp\/v2\/media\/3347"}],"wp:attachment":[{"href":"https:\/\/www.proinas.com\/en\/wp-json\/wp\/v2\/media?parent=1554"}],"wp:term":[{"taxonomy":"product_brand","embeddable":true,"href":"https:\/\/www.proinas.com\/en\/wp-json\/wp\/v2\/product_brand?post=1554"},{"taxonomy":"product_cat","embeddable":true,"href":"https:\/\/www.proinas.com\/en\/wp-json\/wp\/v2\/product_cat?post=1554"},{"taxonomy":"product_tag","embeddable":true,"href":"https:\/\/www.proinas.com\/en\/wp-json\/wp\/v2\/product_tag?post=1554"}],"curies":[{"name":"wp","href":"https:\/\/api.w.org\/{rel}","templated":true}]}}