{"id":1555,"date":"2017-01-19T21:01:45","date_gmt":"2017-01-19T21:01:45","guid":{"rendered":"http:\/\/pronas.proinas.net\/producto\/food-grase\/"},"modified":"2022-04-07T22:16:03","modified_gmt":"2022-04-07T22:16:03","slug":"food-grase","status":"publish","type":"product","link":"https:\/\/www.proinas.com\/en\/product\/food-grase\/","title":{"rendered":"FOOD GRASE"},"content":{"rendered":"<p style=\"text-align: justify;\"><strong>Lubricante blanco de grado alimenticio para altas temperaturas.<\/strong><\/p>\n<ul>\n<li style=\"text-align: justify;\">FOOD GRASE puede usarse en muchas \u00e1reas excepto en engranajes de alta velocidad. Ahorre dinero comprando la grasa m\u00e1s compatible con el uso en \u00e1reas de proceso de alimentos.<\/li>\n<li style=\"text-align: justify;\">FOOD GRASE mantiene sus cualidades de lubricaci\u00f3n desde -24\u00ba C a 149\u00ba C en operaci\u00f3n constante; hasta 260\u00ba C en operaci\u00f3n intermitente.<\/li>\n<li style=\"text-align: justify;\">El lavado regular del equipo no remover\u00e1 el FOOD GRASE debido a su alta resistencia al agua.<\/li>\n<li style=\"text-align: justify;\">El tefl\u00f3n, en FOOD GRASE se integra en forma de part\u00edculas microsc\u00f3picas para producir superficies de uso casi perfectamente lisas.<\/li>\n<\/ul>\n<p style=\"text-align: center;\"><a href=\"https:\/\/www.proinas.com\/wp-content\/uploads\/2022\/03\/FOOD_GRASE_Ficha_Comercial-protegido.pdf\" target=\"_blank\" rel=\"noopener noreferrer\">FICHA COMERCIAL<\/a><\/p>\n<p style=\"text-align: center;\"><a href=\"https:\/\/www.proinas.com\/en\/contact-us\/\" target=\"_blank\" rel=\"noopener noreferrer\">FICHA T\u00c9CNICA<\/a><\/p>\n<p style=\"text-align: center;\"><a href=\"https:\/\/www.proinas.com\/en\/contact-us\/\" target=\"_blank\" rel=\"noopener noreferrer\">FICHA SEGURIDAD<\/a><\/p>","protected":false},"excerpt":{"rendered":"<p>Lubricante blanco de grado alimenticio para altas temperaturas. FOOD GRASE puede usarse en muchas \u00e1reas excepto en engranajes de alta velocidad. Ahorre dinero comprando la grasa m\u00e1s compatible con el uso en \u00e1reas de proceso de alimentos. FOOD GRASE mantiene sus cualidades de lubricaci\u00f3n desde -24\u00ba C a 149\u00ba C en operaci\u00f3n constante; hasta 260\u00ba [&hellip;]<\/p>","protected":false},"featured_media":3347,"template":"","meta":[],"product_brand":[],"product_cat":[138,169,26],"product_tag":[],"class_list":{"0":"post-1555","1":"product","2":"type-product","3":"status-publish","4":"has-post-thumbnail","6":"product_cat-aerosoles","7":"product_cat-antiadherentes-y-lubricantes-alimentos","8":"product_cat-lubricantes-y-aceites","10":"first","11":"instock","12":"taxable","13":"shipping-taxable","14":"product-type-simple"},"_links":{"self":[{"href":"https:\/\/www.proinas.com\/en\/wp-json\/wp\/v2\/product\/1555","targetHints":{"allow":["GET"]}}],"collection":[{"href":"https:\/\/www.proinas.com\/en\/wp-json\/wp\/v2\/product"}],"about":[{"href":"https:\/\/www.proinas.com\/en\/wp-json\/wp\/v2\/types\/product"}],"wp:featuredmedia":[{"embeddable":true,"href":"https:\/\/www.proinas.com\/en\/wp-json\/wp\/v2\/media\/3347"}],"wp:attachment":[{"href":"https:\/\/www.proinas.com\/en\/wp-json\/wp\/v2\/media?parent=1555"}],"wp:term":[{"taxonomy":"product_brand","embeddable":true,"href":"https:\/\/www.proinas.com\/en\/wp-json\/wp\/v2\/product_brand?post=1555"},{"taxonomy":"product_cat","embeddable":true,"href":"https:\/\/www.proinas.com\/en\/wp-json\/wp\/v2\/product_cat?post=1555"},{"taxonomy":"product_tag","embeddable":true,"href":"https:\/\/www.proinas.com\/en\/wp-json\/wp\/v2\/product_tag?post=1555"}],"curies":[{"name":"wp","href":"https:\/\/api.w.org\/{rel}","templated":true}]}}