{"id":1557,"date":"2017-01-19T21:03:05","date_gmt":"2017-01-19T21:03:05","guid":{"rendered":"http:\/\/pronas.proinas.net\/producto\/lubrisant\/"},"modified":"2022-04-07T22:15:34","modified_gmt":"2022-04-07T22:15:34","slug":"lubrisant","status":"publish","type":"product","link":"https:\/\/www.proinas.com\/en\/product\/lubrisant\/","title":{"rendered":"LUBRISANT"},"content":{"rendered":"<p style=\"text-align: justify;\"><strong>Grasa de bisulfato de molibdeno\u00a0para altas temperaturas.<\/strong><\/p>\n<ul>\n<li style=\"text-align: justify;\">LUBRISANT es un lubricante gris oscuro que contiene disulfuro de molibdeno, hecho para dar cumplimiento superior en altas temperaturas y presiones y tambi\u00e9n m\u00e1s resistente a los \u00e1cidos, oxidaci\u00f3n, barro, intemperie, agua, vapor y salitre.<\/li>\n<li style=\"text-align: justify;\">Protege equipo y veh\u00edculos en cualquier sitio bajo altas temperaturas de funcionamiento y cargas pesadas. Trabaja a temperaturas desde -23\u00ba C hasta 149\u00ba C durante operaci\u00f3n continua. Efectivo hasta 260\u00ba C en equipo que trabaja intermitentemente.<\/li>\n<li style=\"text-align: justify;\">Excepcional rendimiento a la intemperie.<\/li>\n<li style=\"text-align: justify;\">Contiene novedosos inhibidores de corrosi\u00f3n y de herrumbre que ayudan a prolongar la vida \u00fatil de las partes met\u00e1licas.<\/li>\n<\/ul>\n<p style=\"text-align: center;\"><a href=\"http:\/\/proinas.net\/wp-content\/uploads\/2017\/01\/LUBRISANT_Ficha_Comercial.pdf\" target=\"_blank\" rel=\"noopener noreferrer\">FICHA COMERCIAL<\/a><\/p>","protected":false},"excerpt":{"rendered":"<p>Grasa de bisulfato de molibdeno\u00a0para altas temperaturas. LUBRISANT es un lubricante gris oscuro que contiene disulfuro de molibdeno, hecho para dar cumplimiento superior en altas temperaturas y presiones y tambi\u00e9n m\u00e1s resistente a los \u00e1cidos, oxidaci\u00f3n, barro, intemperie, agua, vapor y salitre. Protege equipo y veh\u00edculos en cualquier sitio bajo altas temperaturas de funcionamiento y [&hellip;]<\/p>","protected":false},"featured_media":3347,"template":"","meta":[],"product_brand":[],"product_cat":[26],"product_tag":[],"class_list":{"0":"post-1557","1":"product","2":"type-product","3":"status-publish","4":"has-post-thumbnail","6":"product_cat-lubricantes-y-aceites","8":"first","9":"instock","10":"taxable","11":"shipping-taxable","12":"product-type-simple"},"_links":{"self":[{"href":"https:\/\/www.proinas.com\/en\/wp-json\/wp\/v2\/product\/1557","targetHints":{"allow":["GET"]}}],"collection":[{"href":"https:\/\/www.proinas.com\/en\/wp-json\/wp\/v2\/product"}],"about":[{"href":"https:\/\/www.proinas.com\/en\/wp-json\/wp\/v2\/types\/product"}],"wp:featuredmedia":[{"embeddable":true,"href":"https:\/\/www.proinas.com\/en\/wp-json\/wp\/v2\/media\/3347"}],"wp:attachment":[{"href":"https:\/\/www.proinas.com\/en\/wp-json\/wp\/v2\/media?parent=1557"}],"wp:term":[{"taxonomy":"product_brand","embeddable":true,"href":"https:\/\/www.proinas.com\/en\/wp-json\/wp\/v2\/product_brand?post=1557"},{"taxonomy":"product_cat","embeddable":true,"href":"https:\/\/www.proinas.com\/en\/wp-json\/wp\/v2\/product_cat?post=1557"},{"taxonomy":"product_tag","embeddable":true,"href":"https:\/\/www.proinas.com\/en\/wp-json\/wp\/v2\/product_tag?post=1557"}],"curies":[{"name":"wp","href":"https:\/\/api.w.org\/{rel}","templated":true}]}}