{"id":1558,"date":"2017-01-19T21:04:24","date_gmt":"2017-01-19T21:04:24","guid":{"rendered":"http:\/\/pronas.proinas.net\/producto\/molisant\/"},"modified":"2022-04-07T22:14:56","modified_gmt":"2022-04-07T22:14:56","slug":"molisant","status":"publish","type":"product","link":"https:\/\/www.proinas.com\/en\/product\/molisant\/","title":{"rendered":"MOLISANT"},"content":{"rendered":"<p style=\"text-align: justify;\"><strong>Lubricante en aerosol a base de Bisulfuro de Molibdeno.<\/strong><\/p>\n<ul>\n<li style=\"text-align: justify;\">Posee excelentes cualidades de lubricaci\u00f3n, penetraci\u00f3n y adhesi\u00f3n; es ideal para cualquier \u00e1rea donde se requiera un lubricante seco de larga duraci\u00f3n.<\/li>\n<li style=\"text-align: justify;\">Forma una capa fina y seca de color negro con propiedades de anti-fricci\u00f3n y anti-atascamiento que hace que las partes m\u00f3viles trabajen m\u00e1s f\u00e1cil y suavemente para reducir el desgaste.<\/li>\n<li style=\"text-align: justify;\">Lubrica en \u00e1reas donde los aceites y grasas gomosas no pueden ser utilizados.<\/li>\n<li style=\"text-align: justify;\">Ideal para aplicar en las copas y mordazas de los tornos.<\/li>\n<li style=\"text-align: justify;\">Soporta grandes cargas, presiones y altas temperaturas, efectivo hasta 399\u00ba C.<\/li>\n<li style=\"text-align: justify;\">Se adhiere f\u00e1cilmente a las superficies limpias<\/li>\n<\/ul>\n<p style=\"text-align: center;\"><a href=\"https:\/\/www.proinas.com\/wp-content\/uploads\/2022\/03\/MOLISANT_AEROSOL_Ficha_Comercial-protegido.pdf\" target=\"_blank\" rel=\"noopener noreferrer\">FICHA COMERCIAL<\/a><\/p>\n<p style=\"text-align: center;\"><a href=\"https:\/\/www.proinas.com\/en\/contact-us\/\" target=\"_blank\" rel=\"noopener noreferrer\">FICHA T\u00c9CNICA<\/a><\/p>\n<p style=\"text-align: center;\"><a href=\"https:\/\/www.proinas.com\/en\/contact-us\/\" target=\"_blank\" rel=\"noopener noreferrer\">FICHA SEGURIDAD<\/a><\/p>","protected":false},"excerpt":{"rendered":"<p>Lubricante en aerosol a base de Bisulfuro de Molibdeno. Posee excelentes cualidades de lubricaci\u00f3n, penetraci\u00f3n y adhesi\u00f3n; es ideal para cualquier \u00e1rea donde se requiera un lubricante seco de larga duraci\u00f3n. Forma una capa fina y seca de color negro con propiedades de anti-fricci\u00f3n y anti-atascamiento que hace que las partes m\u00f3viles trabajen m\u00e1s f\u00e1cil [&hellip;]<\/p>","protected":false},"featured_media":3347,"template":"","meta":[],"product_brand":[],"product_cat":[138,169,151,26],"product_tag":[],"class_list":{"0":"post-1558","1":"product","2":"type-product","3":"status-publish","4":"has-post-thumbnail","6":"product_cat-aerosoles","7":"product_cat-antiadherentes-y-lubricantes-alimentos","8":"product_cat-antiadherentes-y-lubricantes-industrial","9":"product_cat-lubricantes-y-aceites","11":"first","12":"outofstock","13":"taxable","14":"shipping-taxable","15":"product-type-simple"},"_links":{"self":[{"href":"https:\/\/www.proinas.com\/en\/wp-json\/wp\/v2\/product\/1558","targetHints":{"allow":["GET"]}}],"collection":[{"href":"https:\/\/www.proinas.com\/en\/wp-json\/wp\/v2\/product"}],"about":[{"href":"https:\/\/www.proinas.com\/en\/wp-json\/wp\/v2\/types\/product"}],"wp:featuredmedia":[{"embeddable":true,"href":"https:\/\/www.proinas.com\/en\/wp-json\/wp\/v2\/media\/3347"}],"wp:attachment":[{"href":"https:\/\/www.proinas.com\/en\/wp-json\/wp\/v2\/media?parent=1558"}],"wp:term":[{"taxonomy":"product_brand","embeddable":true,"href":"https:\/\/www.proinas.com\/en\/wp-json\/wp\/v2\/product_brand?post=1558"},{"taxonomy":"product_cat","embeddable":true,"href":"https:\/\/www.proinas.com\/en\/wp-json\/wp\/v2\/product_cat?post=1558"},{"taxonomy":"product_tag","embeddable":true,"href":"https:\/\/www.proinas.com\/en\/wp-json\/wp\/v2\/product_tag?post=1558"}],"curies":[{"name":"wp","href":"https:\/\/api.w.org\/{rel}","templated":true}]}}