{"id":1559,"date":"2017-01-19T21:22:15","date_gmt":"2017-01-19T21:22:15","guid":{"rendered":"http:\/\/pronas.proinas.net\/producto\/boiler-line\/"},"modified":"2022-04-07T22:12:44","modified_gmt":"2022-04-07T22:12:44","slug":"boiler-line","status":"publish","type":"product","link":"https:\/\/www.proinas.com\/en\/product\/boiler-line\/","title":{"rendered":"BOILER LINE"},"content":{"rendered":"<p style=\"text-align: justify;\"><strong>Desincrustante en L\u00ednea para agua de calderas.<\/strong><\/p>\n<ul>\n<li style=\"text-align: justify;\">Es un dispersante para calderas de vapor y desincrustante en l\u00ednea sin necesidad de parar el equipo.<\/li>\n<li style=\"text-align: justify;\">Especialmente formulado para prevenir la formaci\u00f3n de incrustaci\u00f3n y dep\u00f3sitos de carbonato de calcio sobre las superficies de transferencia de calor.<\/li>\n<li style=\"text-align: justify;\">BOILER LINE est\u00e1 dise\u00f1ado para usarse como un acondicionador de lodos y un dispersante de hierro.<\/li>\n<li style=\"text-align: justify;\">Cuando es usado en el mantenimiento de calderas, previene la formaci\u00f3n de s\u00f3lidos y provee una m\u00e1s eficiente transferencia de calor.<\/li>\n<\/ul>\n<p style=\"text-align: center;\"><a href=\"https:\/\/www.proinas.com\/en\/product\/boiler-line\/\" target=\"_blank\" rel=\"noopener noreferrer\">FICHA COMERCIAL<\/a><\/p>\n<p style=\"text-align: center;\"><a href=\"http:\/\/www.proinas.com\/en\/contact-us\/\">FICHA T\u00c9CNICA<\/a><\/p>\n<p style=\"text-align: center;\"><a href=\"http:\/\/www.proinas.com\/en\/contact-us\/\">FICHA SEGURIDAD<\/a><\/p>","protected":false},"excerpt":{"rendered":"<p>Desincrustante en L\u00ednea para agua de calderas. Es un dispersante para calderas de vapor y desincrustante en l\u00ednea sin necesidad de parar el equipo. Especialmente formulado para prevenir la formaci\u00f3n de incrustaci\u00f3n y dep\u00f3sitos de carbonato de calcio sobre las superficies de transferencia de calor. BOILER LINE est\u00e1 dise\u00f1ado para usarse como un acondicionador de [&hellip;]<\/p>","protected":false},"featured_media":3347,"template":"","meta":[],"product_brand":[],"product_cat":[177,156,30],"product_tag":[],"class_list":{"0":"post-1559","1":"product","2":"type-product","3":"status-publish","4":"has-post-thumbnail","6":"product_cat-biotratamientos-para-calderas-alimentos","7":"product_cat-biotratramiento-para-calderas-industrial","8":"product_cat-biotratamiento-para-calderas-y-sistemas-de-enfriamiento","10":"first","11":"instock","12":"taxable","13":"shipping-taxable","14":"product-type-simple"},"_links":{"self":[{"href":"https:\/\/www.proinas.com\/en\/wp-json\/wp\/v2\/product\/1559","targetHints":{"allow":["GET"]}}],"collection":[{"href":"https:\/\/www.proinas.com\/en\/wp-json\/wp\/v2\/product"}],"about":[{"href":"https:\/\/www.proinas.com\/en\/wp-json\/wp\/v2\/types\/product"}],"wp:featuredmedia":[{"embeddable":true,"href":"https:\/\/www.proinas.com\/en\/wp-json\/wp\/v2\/media\/3347"}],"wp:attachment":[{"href":"https:\/\/www.proinas.com\/en\/wp-json\/wp\/v2\/media?parent=1559"}],"wp:term":[{"taxonomy":"product_brand","embeddable":true,"href":"https:\/\/www.proinas.com\/en\/wp-json\/wp\/v2\/product_brand?post=1559"},{"taxonomy":"product_cat","embeddable":true,"href":"https:\/\/www.proinas.com\/en\/wp-json\/wp\/v2\/product_cat?post=1559"},{"taxonomy":"product_tag","embeddable":true,"href":"https:\/\/www.proinas.com\/en\/wp-json\/wp\/v2\/product_tag?post=1559"}],"curies":[{"name":"wp","href":"https:\/\/api.w.org\/{rel}","templated":true}]}}