{"id":1560,"date":"2017-01-19T21:24:15","date_gmt":"2017-01-19T21:24:15","guid":{"rendered":"http:\/\/pronas.proinas.net\/producto\/cooling-sant\/"},"modified":"2022-04-07T22:11:59","modified_gmt":"2022-04-07T22:11:59","slug":"cooling-sant","status":"publish","type":"product","link":"https:\/\/www.proinas.com\/en\/product\/cooling-sant\/","title":{"rendered":"COOLING SANT"},"content":{"rendered":"<p style=\"text-align: justify;\"><strong>Inhibidor de Corrosi\u00f3n y Refrigerante para Sistemas Cerrados<\/strong><\/p>\n<ul>\n<li style=\"text-align: justify;\">Excelente refrigerante de M\u00e1xima protecci\u00f3n contra la corrosi\u00f3n en cualquier sistema\u00a0cerrado, incluyendo los no herm\u00e9ticos o presurizados con aire.<\/li>\n<li style=\"text-align: justify;\">El\u00a0potencial corrosivo es especialmente alto en sistemas cerrados que\u00a0presentan contacto con aire A mayor cantidad de oxigeno disuelto,\u00a0mayor probabilidad de que se presente corrosi\u00f3n es por esto que\u00a0COOLING SANT fue especialmente formulado para dar protecci\u00f3n\u00a0contra la corrosi\u00f3n, incluso en sistemas expuestos al aire.<\/li>\n<\/ul>\n<p style=\"text-align: center;\"><a href=\"http:\/\/proinas.net\/wp-content\/uploads\/2017\/01\/COOLING_SANT_Ficha_Comercial.pdf\" target=\"_blank\" rel=\"noopener noreferrer\">FICHA COMERCIAL<\/a><\/p>\n<p style=\"text-align: center;\"><a href=\"http:\/\/www.proinas.com\/en\/contact-us\/\">FICHA T\u00c9CNICA<\/a><\/p>\n<p style=\"text-align: center;\"><a href=\"http:\/\/www.proinas.com\/en\/contact-us\/\">FICHA SEGURIDAD<\/a><\/p>","protected":false},"excerpt":{"rendered":"<p>Inhibidor de Corrosi\u00f3n y Refrigerante para Sistemas Cerrados Excelente refrigerante de M\u00e1xima protecci\u00f3n contra la corrosi\u00f3n en cualquier sistema\u00a0cerrado, incluyendo los no herm\u00e9ticos o presurizados con aire. El\u00a0potencial corrosivo es especialmente alto en sistemas cerrados que\u00a0presentan contacto con aire A mayor cantidad de oxigeno disuelto,\u00a0mayor probabilidad de que se presente corrosi\u00f3n es por esto que\u00a0COOLING [&hellip;]<\/p>","protected":false},"featured_media":3347,"template":"","meta":[],"product_brand":[],"product_cat":[157,166,30],"product_tag":[],"class_list":{"0":"post-1560","1":"product","2":"type-product","3":"status-publish","4":"has-post-thumbnail","6":"product_cat-biotratamientos-para-equipos-de-enfriamiento-industrial","7":"product_cat-biotratamientos-para-equipos-de-enfriamiento-institucional","8":"product_cat-biotratamiento-para-calderas-y-sistemas-de-enfriamiento","10":"first","11":"instock","12":"taxable","13":"shipping-taxable","14":"product-type-simple"},"_links":{"self":[{"href":"https:\/\/www.proinas.com\/en\/wp-json\/wp\/v2\/product\/1560","targetHints":{"allow":["GET"]}}],"collection":[{"href":"https:\/\/www.proinas.com\/en\/wp-json\/wp\/v2\/product"}],"about":[{"href":"https:\/\/www.proinas.com\/en\/wp-json\/wp\/v2\/types\/product"}],"wp:featuredmedia":[{"embeddable":true,"href":"https:\/\/www.proinas.com\/en\/wp-json\/wp\/v2\/media\/3347"}],"wp:attachment":[{"href":"https:\/\/www.proinas.com\/en\/wp-json\/wp\/v2\/media?parent=1560"}],"wp:term":[{"taxonomy":"product_brand","embeddable":true,"href":"https:\/\/www.proinas.com\/en\/wp-json\/wp\/v2\/product_brand?post=1560"},{"taxonomy":"product_cat","embeddable":true,"href":"https:\/\/www.proinas.com\/en\/wp-json\/wp\/v2\/product_cat?post=1560"},{"taxonomy":"product_tag","embeddable":true,"href":"https:\/\/www.proinas.com\/en\/wp-json\/wp\/v2\/product_tag?post=1560"}],"curies":[{"name":"wp","href":"https:\/\/api.w.org\/{rel}","templated":true}]}}