{"id":1561,"date":"2017-01-19T21:25:53","date_gmt":"2017-01-19T21:25:53","guid":{"rendered":"http:\/\/pronas.proinas.net\/producto\/defile\/"},"modified":"2023-09-21T16:12:10","modified_gmt":"2023-09-21T16:12:10","slug":"defile","status":"publish","type":"product","link":"https:\/\/www.proinas.com\/en\/product\/defile\/","title":{"rendered":"DEFILE"},"content":{"rendered":"<p style=\"text-align: justify;\"><strong>Aditivo para Combustible que Controla La Poluci\u00f3n<\/strong><\/p>\n<ul>\n<li style=\"text-align: justify;\">Neutraliza los efectos de las sales de vanadio para reducir la formaci\u00f3n de holl\u00edn y escorias.<\/li>\n<li style=\"text-align: justify;\">DEFILE permite tener mayor eficiencia cal\u00f3rica y mantiene m\u00e1s limpio el sistema con emisiones reducidas de humo cuando se usan aceites y crudos de menor costo, especialmente los de contenido residual de azufre y vanadio.<\/li>\n<li style=\"text-align: justify;\">DEFILE proporciona prolongada vida operacional al aceite y crudos quemados en el equipo y permite que permanezca en servicio por periodos mayores reduciendo la necesidad de paradas para mantenimiento y tiempo muerto por reemplazo de partes.<\/li>\n<\/ul>\n<p style=\"text-align: center;\"><a href=\"http:\/\/proinas.net\/wp-content\/uploads\/2017\/01\/DEFILE_Ficha_Comercial.pdf\" target=\"_blank\" rel=\"noopener noreferrer\">FICHA COMERCIAL<\/a><\/p>\n<p style=\"text-align: center;\"><a href=\"http:\/\/www.proinas.com\/en\/contact-us\/\">FICHA T\u00c9CNICA<\/a><\/p>\n<p style=\"text-align: center;\"><a href=\"http:\/\/www.proinas.com\/en\/contact-us\/\">FICHA SEGURIDAD<\/a><\/p>","protected":false},"excerpt":{"rendered":"<p>Aditivo para Combustible que Controla La Poluci\u00f3n Neutraliza los efectos de las sales de vanadio para reducir la formaci\u00f3n de holl\u00edn y escorias. DEFILE permite tener mayor eficiencia cal\u00f3rica y mantiene m\u00e1s limpio el sistema con emisiones reducidas de humo cuando se usan aceites y crudos de menor costo, especialmente los de contenido residual de [&hellip;]<\/p>","protected":false},"featured_media":3347,"template":"","meta":[],"product_brand":[],"product_cat":[177,156,30],"product_tag":[],"class_list":{"0":"post-1561","1":"product","2":"type-product","3":"status-publish","4":"has-post-thumbnail","6":"product_cat-biotratamientos-para-calderas-alimentos","7":"product_cat-biotratramiento-para-calderas-industrial","8":"product_cat-biotratamiento-para-calderas-y-sistemas-de-enfriamiento","10":"first","11":"instock","12":"taxable","13":"shipping-taxable","14":"product-type-simple"},"_links":{"self":[{"href":"https:\/\/www.proinas.com\/en\/wp-json\/wp\/v2\/product\/1561","targetHints":{"allow":["GET"]}}],"collection":[{"href":"https:\/\/www.proinas.com\/en\/wp-json\/wp\/v2\/product"}],"about":[{"href":"https:\/\/www.proinas.com\/en\/wp-json\/wp\/v2\/types\/product"}],"wp:featuredmedia":[{"embeddable":true,"href":"https:\/\/www.proinas.com\/en\/wp-json\/wp\/v2\/media\/3347"}],"wp:attachment":[{"href":"https:\/\/www.proinas.com\/en\/wp-json\/wp\/v2\/media?parent=1561"}],"wp:term":[{"taxonomy":"product_brand","embeddable":true,"href":"https:\/\/www.proinas.com\/en\/wp-json\/wp\/v2\/product_brand?post=1561"},{"taxonomy":"product_cat","embeddable":true,"href":"https:\/\/www.proinas.com\/en\/wp-json\/wp\/v2\/product_cat?post=1561"},{"taxonomy":"product_tag","embeddable":true,"href":"https:\/\/www.proinas.com\/en\/wp-json\/wp\/v2\/product_tag?post=1561"}],"curies":[{"name":"wp","href":"https:\/\/api.w.org\/{rel}","templated":true}]}}