{"id":1562,"date":"2017-01-19T21:27:09","date_gmt":"2017-01-19T21:27:09","guid":{"rendered":"http:\/\/pronas.proinas.net\/producto\/sant-2000\/"},"modified":"2022-04-07T22:10:51","modified_gmt":"2022-04-07T22:10:51","slug":"sant-2000","status":"publish","type":"product","link":"https:\/\/www.proinas.com\/en\/product\/sant-2000\/","title":{"rendered":"SANT 2000"},"content":{"rendered":"<p style=\"text-align: justify;\"><strong>Tratamiento para torres de enfriamiento.<\/strong><\/p>\n<ul>\n<li style=\"text-align: justify;\">Protege los sistemas de enfriamiento contra la corrosi\u00f3n, incrustaci\u00f3n y lodo sin elementos contaminantes.<\/li>\n<li style=\"text-align: justify;\">Ayuda a controlar dep\u00f3sitos minerales, sedimentos y la corrosi\u00f3n o picadura de las superficies met\u00e1licas.<\/li>\n<li style=\"text-align: justify;\">No contiene fosfatos, cromatos, zinc u otros qu\u00edmicos que causen problemas de poluci\u00f3n.<\/li>\n<li style=\"text-align: justify;\">Use SANT 2000 en hospitales, hoteles, complejos de apartamentos, edificios de oficinas y dem\u00e1s instalaciones.<\/li>\n<li style=\"text-align: justify;\">Practico para usar; el exceso del producto no da\u00f1a la caldera.<\/li>\n<li style=\"text-align: justify;\">Evita la incrustaci\u00f3n y la corrosi\u00f3n en estos sistemas.<\/li>\n<\/ul>\n<p style=\"text-align: center;\"><a href=\"http:\/\/proinas.net\/wp-content\/uploads\/2017\/01\/SANT_2000_Ficha_Comercial.pdf\" target=\"_blank\" rel=\"noopener noreferrer\">FICHA COMERCIAL<\/a><\/p>\n<p style=\"text-align: center;\"><a href=\"http:\/\/www.proinas.com\/en\/contact-us\/\">FICHA T\u00c9CNICA<\/a><\/p>\n<p style=\"text-align: center;\"><a href=\"http:\/\/www.proinas.com\/en\/contact-us\/\">FICHA SEGURIDAD<\/a><\/p>","protected":false},"excerpt":{"rendered":"<p>Tratamiento para torres de enfriamiento. Protege los sistemas de enfriamiento contra la corrosi\u00f3n, incrustaci\u00f3n y lodo sin elementos contaminantes. Ayuda a controlar dep\u00f3sitos minerales, sedimentos y la corrosi\u00f3n o picadura de las superficies met\u00e1licas. No contiene fosfatos, cromatos, zinc u otros qu\u00edmicos que causen problemas de poluci\u00f3n. Use SANT 2000 en hospitales, hoteles, complejos de [&hellip;]<\/p>","protected":false},"featured_media":3347,"template":"","meta":[],"product_brand":[],"product_cat":[157,166,30],"product_tag":[],"class_list":{"0":"post-1562","1":"product","2":"type-product","3":"status-publish","4":"has-post-thumbnail","6":"product_cat-biotratamientos-para-equipos-de-enfriamiento-industrial","7":"product_cat-biotratamientos-para-equipos-de-enfriamiento-institucional","8":"product_cat-biotratamiento-para-calderas-y-sistemas-de-enfriamiento","10":"first","11":"instock","12":"taxable","13":"shipping-taxable","14":"product-type-simple"},"_links":{"self":[{"href":"https:\/\/www.proinas.com\/en\/wp-json\/wp\/v2\/product\/1562","targetHints":{"allow":["GET"]}}],"collection":[{"href":"https:\/\/www.proinas.com\/en\/wp-json\/wp\/v2\/product"}],"about":[{"href":"https:\/\/www.proinas.com\/en\/wp-json\/wp\/v2\/types\/product"}],"wp:featuredmedia":[{"embeddable":true,"href":"https:\/\/www.proinas.com\/en\/wp-json\/wp\/v2\/media\/3347"}],"wp:attachment":[{"href":"https:\/\/www.proinas.com\/en\/wp-json\/wp\/v2\/media?parent=1562"}],"wp:term":[{"taxonomy":"product_brand","embeddable":true,"href":"https:\/\/www.proinas.com\/en\/wp-json\/wp\/v2\/product_brand?post=1562"},{"taxonomy":"product_cat","embeddable":true,"href":"https:\/\/www.proinas.com\/en\/wp-json\/wp\/v2\/product_cat?post=1562"},{"taxonomy":"product_tag","embeddable":true,"href":"https:\/\/www.proinas.com\/en\/wp-json\/wp\/v2\/product_tag?post=1562"}],"curies":[{"name":"wp","href":"https:\/\/api.w.org\/{rel}","templated":true}]}}