{"id":1564,"date":"2017-01-19T21:30:45","date_gmt":"2017-01-19T21:30:45","guid":{"rendered":"http:\/\/pronas.proinas.net\/producto\/sant-12\/"},"modified":"2022-04-07T22:09:21","modified_gmt":"2022-04-07T22:09:21","slug":"sant-12","status":"publish","type":"product","link":"https:\/\/www.proinas.com\/en\/product\/sant-12\/","title":{"rendered":"SANT 12"},"content":{"rendered":"<p style=\"text-align: justify;\"><strong>Tratamiento de Agua para Sistemas de Enfriamiento<\/strong><\/p>\n<ul>\n<li style=\"text-align: justify;\">Controla incrustaci\u00f3n, corrosi\u00f3n, algas, lodo y suciedad en el sistema de enfriamiento.<\/li>\n<li style=\"text-align: justify;\">Aumenta la eficiencia &#8211; ahorra dinero en energ\u00eda al aumentar el desempe\u00f1o del sistema.<\/li>\n<li style=\"text-align: justify;\">Mantiene el sistema econ\u00f3micamente limpio.<\/li>\n<li style=\"text-align: justify;\">Disminuye el costo del mantenimiento.<\/li>\n<li style=\"text-align: justify;\">Elimina algas y otros desarrollos biol\u00f3gicos.<\/li>\n<li style=\"text-align: justify;\">Formula sin cromatos para \u00e1reas sensitivas a la poluci\u00f3n.<\/li>\n<li style=\"text-align: justify;\">Ahorra dinero y reduce el inventario.<\/li>\n<li style=\"text-align: justify;\">El tratamiento elimina la necesidad de aditivos.<\/li>\n<li style=\"text-align: justify;\">Econ\u00f3mico &#8211; un gal\u00f3n trata 250 galones de agua re circulante.<\/li>\n<\/ul>\n<p style=\"text-align: center;\"><a href=\"https:\/\/www.proinas.com\/wp-content\/uploads\/2022\/03\/SANT_12_Ficha_Comercial-protegido.pdf\" target=\"_blank\" rel=\"noopener noreferrer\">FICHA COMERCIAL<\/a><\/p>\n<p style=\"text-align: center;\"><a href=\"http:\/\/www.proinas.com\/en\/contact-us\/\">FICHA T\u00c9CNICA<\/a><\/p>\n<p style=\"text-align: center;\"><a href=\"http:\/\/www.proinas.com\/en\/contact-us\/\">FICHA SEGURIDAD<\/a><\/p>","protected":false},"excerpt":{"rendered":"<p>Tratamiento de Agua para Sistemas de Enfriamiento Controla incrustaci\u00f3n, corrosi\u00f3n, algas, lodo y suciedad en el sistema de enfriamiento. Aumenta la eficiencia &#8211; ahorra dinero en energ\u00eda al aumentar el desempe\u00f1o del sistema. Mantiene el sistema econ\u00f3micamente limpio. Disminuye el costo del mantenimiento. Elimina algas y otros desarrollos biol\u00f3gicos. Formula sin cromatos para \u00e1reas sensitivas [&hellip;]<\/p>","protected":false},"featured_media":3347,"template":"","meta":[],"product_brand":[],"product_cat":[157,166,30],"product_tag":[],"class_list":{"0":"post-1564","1":"product","2":"type-product","3":"status-publish","4":"has-post-thumbnail","6":"product_cat-biotratamientos-para-equipos-de-enfriamiento-industrial","7":"product_cat-biotratamientos-para-equipos-de-enfriamiento-institucional","8":"product_cat-biotratamiento-para-calderas-y-sistemas-de-enfriamiento","10":"first","11":"instock","12":"taxable","13":"shipping-taxable","14":"product-type-simple"},"_links":{"self":[{"href":"https:\/\/www.proinas.com\/en\/wp-json\/wp\/v2\/product\/1564","targetHints":{"allow":["GET"]}}],"collection":[{"href":"https:\/\/www.proinas.com\/en\/wp-json\/wp\/v2\/product"}],"about":[{"href":"https:\/\/www.proinas.com\/en\/wp-json\/wp\/v2\/types\/product"}],"wp:featuredmedia":[{"embeddable":true,"href":"https:\/\/www.proinas.com\/en\/wp-json\/wp\/v2\/media\/3347"}],"wp:attachment":[{"href":"https:\/\/www.proinas.com\/en\/wp-json\/wp\/v2\/media?parent=1564"}],"wp:term":[{"taxonomy":"product_brand","embeddable":true,"href":"https:\/\/www.proinas.com\/en\/wp-json\/wp\/v2\/product_brand?post=1564"},{"taxonomy":"product_cat","embeddable":true,"href":"https:\/\/www.proinas.com\/en\/wp-json\/wp\/v2\/product_cat?post=1564"},{"taxonomy":"product_tag","embeddable":true,"href":"https:\/\/www.proinas.com\/en\/wp-json\/wp\/v2\/product_tag?post=1564"}],"curies":[{"name":"wp","href":"https:\/\/api.w.org\/{rel}","templated":true}]}}