{"id":1566,"date":"2017-01-19T21:37:04","date_gmt":"2017-01-19T21:37:04","guid":{"rendered":"http:\/\/pronas.proinas.net\/producto\/sant-61\/"},"modified":"2022-04-07T22:07:37","modified_gmt":"2022-04-07T22:07:37","slug":"sant-61","status":"publish","type":"product","link":"https:\/\/www.proinas.com\/en\/product\/sant-61\/","title":{"rendered":"SANT 61"},"content":{"rendered":"<p style=\"text-align: justify;\"><strong>F\u00f3rmula Especial para Tratamiento de Agua de Calderas en Procesos de Alimentos<\/strong><\/p>\n<ul>\n<li style=\"text-align: justify;\">Tratamiento sin cromatos formulado para sistemas cuyo vapor entra en contacto directo con alimentos, controlando la picadura superficial y la corrosi\u00f3n por dep\u00f3sitos.<\/li>\n<li style=\"text-align: justify;\">Ayuda en la prevenci\u00f3n de formaciones c\u00e1usticas mediante el control de la alcalinidad del agua.<\/li>\n<li style=\"text-align: justify;\">Evita la incrustaci\u00f3n y la corrosi\u00f3n en las l\u00edneas de conducci\u00f3n de vapor.<\/li>\n<li style=\"text-align: justify;\">Secuestra las mol\u00e9culas de ox\u00edgeno disueltas en el agua.<\/li>\n<li style=\"text-align: justify;\">Completamente soluble en agua.<\/li>\n<li style=\"text-align: justify;\">No contiene cromatos ni sustancias que contaminen las fuentes de agua.<\/li>\n<\/ul>\n<p style=\"text-align: center;\"><a href=\"http:\/\/proinas.net\/wp-content\/uploads\/2017\/01\/SANT_61_Ficha_Comercial.pdf\" target=\"_blank\" rel=\"noopener noreferrer\">FICHA COMERCIAL<\/a><\/p>\n<p style=\"text-align: center;\"><a href=\"http:\/\/www.proinas.com\/en\/contact-us\/\">FICHA T\u00c9CNICA<\/a><\/p>\n<p style=\"text-align: center;\"><a href=\"http:\/\/www.proinas.com\/en\/contact-us\/\">FICHA SEGURIDAD<\/a><\/p>","protected":false},"excerpt":{"rendered":"<p>F\u00f3rmula Especial para Tratamiento de Agua de Calderas en Procesos de Alimentos Tratamiento sin cromatos formulado para sistemas cuyo vapor entra en contacto directo con alimentos, controlando la picadura superficial y la corrosi\u00f3n por dep\u00f3sitos. Ayuda en la prevenci\u00f3n de formaciones c\u00e1usticas mediante el control de la alcalinidad del agua. Evita la incrustaci\u00f3n y la [&hellip;]<\/p>","protected":false},"featured_media":3347,"template":"","meta":[],"product_brand":[],"product_cat":[177,156,30],"product_tag":[],"class_list":{"0":"post-1566","1":"product","2":"type-product","3":"status-publish","4":"has-post-thumbnail","6":"product_cat-biotratamientos-para-calderas-alimentos","7":"product_cat-biotratramiento-para-calderas-industrial","8":"product_cat-biotratamiento-para-calderas-y-sistemas-de-enfriamiento","10":"first","11":"instock","12":"taxable","13":"shipping-taxable","14":"product-type-simple"},"_links":{"self":[{"href":"https:\/\/www.proinas.com\/en\/wp-json\/wp\/v2\/product\/1566","targetHints":{"allow":["GET"]}}],"collection":[{"href":"https:\/\/www.proinas.com\/en\/wp-json\/wp\/v2\/product"}],"about":[{"href":"https:\/\/www.proinas.com\/en\/wp-json\/wp\/v2\/types\/product"}],"wp:featuredmedia":[{"embeddable":true,"href":"https:\/\/www.proinas.com\/en\/wp-json\/wp\/v2\/media\/3347"}],"wp:attachment":[{"href":"https:\/\/www.proinas.com\/en\/wp-json\/wp\/v2\/media?parent=1566"}],"wp:term":[{"taxonomy":"product_brand","embeddable":true,"href":"https:\/\/www.proinas.com\/en\/wp-json\/wp\/v2\/product_brand?post=1566"},{"taxonomy":"product_cat","embeddable":true,"href":"https:\/\/www.proinas.com\/en\/wp-json\/wp\/v2\/product_cat?post=1566"},{"taxonomy":"product_tag","embeddable":true,"href":"https:\/\/www.proinas.com\/en\/wp-json\/wp\/v2\/product_tag?post=1566"}],"curies":[{"name":"wp","href":"https:\/\/api.w.org\/{rel}","templated":true}]}}