{"id":1809,"date":"2018-09-25T14:54:07","date_gmt":"2018-09-25T14:54:07","guid":{"rendered":"http:\/\/proinas.net\/producto\/hand-sant\/"},"modified":"2022-04-07T21:49:15","modified_gmt":"2022-04-07T21:49:15","slug":"hand-sant","status":"publish","type":"product","link":"https:\/\/www.proinas.com\/en\/product\/hand-sant\/","title":{"rendered":"HAND SANT"},"content":{"rendered":"<p style=\"text-align: justify;\"><strong>Jab\u00f3n Liquido Antibacterial Base Clorhexidina.<\/strong><\/p>\n<ul>\n<li style=\"text-align: justify;\">HAND\u00a0SANT CLORHEXIDINA est\u00e1 formulado con el\u00a0principio activo Clorhexidina al 2 3 que act\u00faa\u00a0inhibiendo el crecimiento de bacterias Gram\u00a0Positivas, Gram Negativas, Mohos y levaduras\u00a0Formulado con sustancias que evitan la resequedad\u00a0en la piel sin alterar y el pH de la piel.<\/li>\n<li style=\"text-align: justify;\">Por\u00a0sus cualidades desinfectantes HAND SANT\u00a0CLORHEXIDINA est\u00e1 dise\u00f1ado para uso cl\u00ednico,\u00a0donde el control de infecciones es una necesidad\u00a0constante, as\u00ed como la limpieza e higiene de las\u00a0manos en industrias procesadoras de alimentos, de\u00a0forma similar que en el sector institucional.<\/li>\n<\/ul>\n<p style=\"text-align: center;\"><a href=\"http:\/\/proinas.net\/wp-content\/uploads\/2018\/09\/HAND_SANT_Ficha_Comercial.pdf\" target=\"_blank\" rel=\"noopener noreferrer\">FICHA COMERCIAL<\/a><\/p>\n<p style=\"text-align: center;\"><a href=\"http:\/\/www.proinas.com\/en\/contact-us\/\">FICHA T\u00c9CNICA<\/a><\/p>\n<p style=\"text-align: center;\"><a href=\"http:\/\/www.proinas.com\/en\/contact-us\/\">FICHA SEGURIDAD<\/a><\/p>","protected":false},"excerpt":{"rendered":"<p>HAND SANT est\u00e1 formulado con un componente de propiedades antibacteriales (que act\u00faa inhibiendo el crecimiento de bacterias Gram. positivas y Gram. negativas a nivel de membrana celular), y que a su vez posee un efecto regulador de grasa cut\u00e1nea, ayuda a mantener la humedad natural y el pH de la piel, permitiendo su compatibilidad con el medio ambiente<\/p>","protected":false},"featured_media":3347,"template":"","meta":[],"product_brand":[],"product_cat":[20,172],"product_tag":[],"class_list":{"0":"post-1809","1":"product","2":"type-product","3":"status-publish","4":"has-post-thumbnail","6":"product_cat-jabones-liquidos","7":"product_cat-jabones-liquidos-alimentos","9":"first","10":"instock","11":"taxable","12":"shipping-taxable","13":"product-type-simple"},"_links":{"self":[{"href":"https:\/\/www.proinas.com\/en\/wp-json\/wp\/v2\/product\/1809","targetHints":{"allow":["GET"]}}],"collection":[{"href":"https:\/\/www.proinas.com\/en\/wp-json\/wp\/v2\/product"}],"about":[{"href":"https:\/\/www.proinas.com\/en\/wp-json\/wp\/v2\/types\/product"}],"wp:featuredmedia":[{"embeddable":true,"href":"https:\/\/www.proinas.com\/en\/wp-json\/wp\/v2\/media\/3347"}],"wp:attachment":[{"href":"https:\/\/www.proinas.com\/en\/wp-json\/wp\/v2\/media?parent=1809"}],"wp:term":[{"taxonomy":"product_brand","embeddable":true,"href":"https:\/\/www.proinas.com\/en\/wp-json\/wp\/v2\/product_brand?post=1809"},{"taxonomy":"product_cat","embeddable":true,"href":"https:\/\/www.proinas.com\/en\/wp-json\/wp\/v2\/product_cat?post=1809"},{"taxonomy":"product_tag","embeddable":true,"href":"https:\/\/www.proinas.com\/en\/wp-json\/wp\/v2\/product_tag?post=1809"}],"curies":[{"name":"wp","href":"https:\/\/api.w.org\/{rel}","templated":true}]}}