{"id":1840,"date":"2018-12-04T17:38:30","date_gmt":"2018-12-04T17:38:30","guid":{"rendered":"http:\/\/proinas.net\/producto\/hornosant\/"},"modified":"2022-04-07T21:48:45","modified_gmt":"2022-04-07T21:48:45","slug":"horno-sant","status":"publish","type":"product","link":"https:\/\/www.proinas.com\/en\/product\/horno-sant\/","title":{"rendered":"HORNO SANT"},"content":{"rendered":"<p style=\"text-align: justify;\"><strong>Limpiador desengrasante espumoso para hornos.<\/strong><\/p>\n<ul>\n<li style=\"text-align: justify;\">Es una soluci\u00f3n\u00a0altamente alcalina desengrasante \u00fatil para la limpieza de hornos y sistemas de cocci\u00f3n de embutidos.<\/li>\n<li style=\"text-align: justify;\">Limpia a profundidad; tiene emulsificantes de gran penetraci\u00f3n que extraen hasta las grasas y suciedades mas pegadas.<\/li>\n<li style=\"text-align: justify;\">No presenta olor.<\/li>\n<li style=\"text-align: justify;\">Se puede manejar en plantas de alimentos como salsamentar\u00edas y procesamiento de embutidos.<\/li>\n<\/ul>\n<p style=\"text-align: center;\"><a href=\"http:\/\/proinas.net\/wp-content\/uploads\/2018\/12\/HORNO_SANT_Ficha_Comercial.pdf\" target=\"_blank\" rel=\"noopener noreferrer\">FICHA COMERCIAL<\/a><\/p>\n<p style=\"text-align: center;\"><a href=\"http:\/\/www.proinas.com\/en\/contact-us\/\">FICHA T\u00c9CNICA<\/a><\/p>\n<p style=\"text-align: center;\"><a href=\"http:\/\/www.proinas.com\/en\/contact-us\/\">FICHA SEGURIDAD<\/a><\/p>","protected":false},"excerpt":{"rendered":"<p>Limpiador desengrasante espumoso para hornos. Es una soluci\u00f3n\u00a0altamente alcalina desengrasante \u00fatil para la limpieza de hornos y sistemas de cocci\u00f3n de embutidos. Limpia a profundidad; tiene emulsificantes de gran penetraci\u00f3n que extraen hasta las grasas y suciedades mas pegadas. No presenta olor. Se puede manejar en plantas de alimentos como salsamentar\u00edas y procesamiento de embutidos. [&hellip;]<\/p>","protected":false},"featured_media":3347,"template":"","meta":[],"product_brand":[],"product_cat":[134],"product_tag":[],"class_list":{"0":"post-1840","1":"product","2":"type-product","3":"status-publish","4":"has-post-thumbnail","6":"product_cat-biodesengrasantes-linea-para-alimentos","8":"first","9":"instock","10":"taxable","11":"shipping-taxable","12":"product-type-simple"},"_links":{"self":[{"href":"https:\/\/www.proinas.com\/en\/wp-json\/wp\/v2\/product\/1840","targetHints":{"allow":["GET"]}}],"collection":[{"href":"https:\/\/www.proinas.com\/en\/wp-json\/wp\/v2\/product"}],"about":[{"href":"https:\/\/www.proinas.com\/en\/wp-json\/wp\/v2\/types\/product"}],"wp:featuredmedia":[{"embeddable":true,"href":"https:\/\/www.proinas.com\/en\/wp-json\/wp\/v2\/media\/3347"}],"wp:attachment":[{"href":"https:\/\/www.proinas.com\/en\/wp-json\/wp\/v2\/media?parent=1840"}],"wp:term":[{"taxonomy":"product_brand","embeddable":true,"href":"https:\/\/www.proinas.com\/en\/wp-json\/wp\/v2\/product_brand?post=1840"},{"taxonomy":"product_cat","embeddable":true,"href":"https:\/\/www.proinas.com\/en\/wp-json\/wp\/v2\/product_cat?post=1840"},{"taxonomy":"product_tag","embeddable":true,"href":"https:\/\/www.proinas.com\/en\/wp-json\/wp\/v2\/product_tag?post=1840"}],"curies":[{"name":"wp","href":"https:\/\/api.w.org\/{rel}","templated":true}]}}