{"id":1848,"date":"2019-02-12T14:56:42","date_gmt":"2019-02-12T14:56:42","guid":{"rendered":"http:\/\/proinas.net\/producto\/desengrasante-wala\/"},"modified":"2022-04-07T21:48:16","modified_gmt":"2022-04-07T21:48:16","slug":"desengrasante-linea-wala","status":"publish","type":"product","link":"https:\/\/www.proinas.com\/en\/product\/desengrasante-linea-wala\/","title":{"rendered":"Biodesengrasante L\u00ednea Wal\u00e1"},"content":{"rendered":"<p style=\"text-align: justify;\"><b>Biodesengrasante para Estufas y Superficies<\/b><\/p>\n<p style=\"text-align: justify;\"><b>DESCRIPCI\u00d3N <\/b><b>GENERAL.<\/b><\/p>\n<ul>\n<li>Ecopack con 50 mililitros de Biodesengrasante Concentrado para la producci\u00f3n de 500 mililitros de producto apto para el uso.<\/li>\n<li>Elimina grasa en azulejos, gasodom\u00e9sticos, electrodom\u00e9sticos, parrillas y otras superficies. \u00daselo en ba\u00f1os, cocinas y veh\u00edculos.<\/li>\n<li>Formula desinfectante y biodegradable.<\/li>\n<\/ul>\n<p><b>APLICACIONES. <\/b>Recomendado para limpiar ba\u00f1os y cocinas, gasodom\u00e9sticos, parrillas, superficies de acero, motores, cer\u00e1mica, baldosas y otras superficies.<\/p>\n<p style=\"text-align: center;\"><a href=\"http:\/\/proinas.net\/wp-content\/uploads\/2019\/02\/DESENGRASANTE-DE-ESTUFAS-Y-SUPERFICIES-L\u00cdNEA-WAL\u00c1.pdf\" target=\"_blank\" rel=\"noopener noreferrer\">FICHA COMERCIAL<\/a><\/p>","protected":false},"excerpt":{"rendered":"<p>Biodesengrasante para Estufas y Superficies DESCRIPCI\u00d3N GENERAL. Ecopack con 50 mililitros de Biodesengrasante Concentrado para la producci\u00f3n de 500 mililitros de producto apto para el uso. Elimina grasa en azulejos, gasodom\u00e9sticos, electrodom\u00e9sticos, parrillas y otras superficies. \u00daselo en ba\u00f1os, cocinas y veh\u00edculos. Formula desinfectante y biodegradable. APLICACIONES. Recomendado para limpiar ba\u00f1os y cocinas, gasodom\u00e9sticos, parrillas, [&hellip;]<\/p>","protected":false},"featured_media":3347,"template":"","meta":[],"product_brand":[],"product_cat":[13,132],"product_tag":[],"class_list":{"0":"post-1848","1":"product","2":"type-product","3":"status-publish","4":"has-post-thumbnail","6":"product_cat-biodesengrasantes","7":"product_cat-linea-wala","9":"first","10":"instock","11":"taxable","12":"shipping-taxable","13":"product-type-simple"},"_links":{"self":[{"href":"https:\/\/www.proinas.com\/en\/wp-json\/wp\/v2\/product\/1848","targetHints":{"allow":["GET"]}}],"collection":[{"href":"https:\/\/www.proinas.com\/en\/wp-json\/wp\/v2\/product"}],"about":[{"href":"https:\/\/www.proinas.com\/en\/wp-json\/wp\/v2\/types\/product"}],"wp:featuredmedia":[{"embeddable":true,"href":"https:\/\/www.proinas.com\/en\/wp-json\/wp\/v2\/media\/3347"}],"wp:attachment":[{"href":"https:\/\/www.proinas.com\/en\/wp-json\/wp\/v2\/media?parent=1848"}],"wp:term":[{"taxonomy":"product_brand","embeddable":true,"href":"https:\/\/www.proinas.com\/en\/wp-json\/wp\/v2\/product_brand?post=1848"},{"taxonomy":"product_cat","embeddable":true,"href":"https:\/\/www.proinas.com\/en\/wp-json\/wp\/v2\/product_cat?post=1848"},{"taxonomy":"product_tag","embeddable":true,"href":"https:\/\/www.proinas.com\/en\/wp-json\/wp\/v2\/product_tag?post=1848"}],"curies":[{"name":"wp","href":"https:\/\/api.w.org\/{rel}","templated":true}]}}