{"id":1857,"date":"2019-02-12T15:38:32","date_gmt":"2019-02-12T15:38:32","guid":{"rendered":"http:\/\/proinas.net\/producto\/biodesinfectante-linea-wala\/"},"modified":"2022-04-07T21:47:43","modified_gmt":"2022-04-07T21:47:43","slug":"biodesinfectante-linea-wala","status":"publish","type":"product","link":"https:\/\/www.proinas.com\/en\/product\/biodesinfectante-linea-wala\/","title":{"rendered":"Biodesinfectante L\u00ednea Wal\u00e1"},"content":{"rendered":"<p style=\"text-align: justify;\"><b>Biodesinfectante para Ba\u00f1os y Cocinas<\/b><\/p>\n<p><b>DESCRIPCI\u00d3N <\/b><b>GENERAL.<\/b><\/p>\n<ul>\n<li>Ecopack con 50 mililitros de Biodesinfectante Concentrado para la producci\u00f3n de 500 mililitros de producto apto para el uso.<\/li>\n<li>Elimina microorganismos como Staphylococcus aureus, Escherichia coli, Salmonela spp, Aspergillus.<\/li>\n<li>Formula Biodegradable de alto espectro de desinfecci\u00f3n sin residuo de olores fuertes.<\/li>\n<\/ul>\n<p><b>APLICACIONES. <\/b>Recomendado para desinfectar el mes\u00f3n de la cocina, lavaplatos, sanitarios, lavamanos, ba\u00f1eras y dem\u00e1s superficies.<\/p>\n<p style=\"text-align: center;\"><a href=\"http:\/\/proinas.net\/wp-content\/uploads\/2019\/02\/DESINFECTANTE-DE-BA\u00d1OS-Y-COCINAS-L\u00cdNEA-WAL\u00c1.pdf\" target=\"_blank\" rel=\"noopener noreferrer\">FICHA COMERCIAL<\/a><\/p>","protected":false},"excerpt":{"rendered":"<p>Biodesinfectante para Ba\u00f1os y Cocinas DESCRIPCI\u00d3N GENERAL. Ecopack con 50 mililitros de Biodesinfectante Concentrado para la producci\u00f3n de 500 mililitros de producto apto para el uso. Elimina microorganismos como Staphylococcus aureus, Escherichia coli, Salmonela spp, Aspergillus. Formula Biodegradable de alto espectro de desinfecci\u00f3n sin residuo de olores fuertes. APLICACIONES. Recomendado para desinfectar el mes\u00f3n de [&hellip;]<\/p>","protected":false},"featured_media":3347,"template":"","meta":[],"product_brand":[],"product_cat":[16,132],"product_tag":[],"class_list":{"0":"post-1857","1":"product","2":"type-product","3":"status-publish","4":"has-post-thumbnail","6":"product_cat-biodesinfectantes-y-sanitizadores","7":"product_cat-linea-wala","9":"first","10":"instock","11":"taxable","12":"shipping-taxable","13":"product-type-simple"},"_links":{"self":[{"href":"https:\/\/www.proinas.com\/en\/wp-json\/wp\/v2\/product\/1857","targetHints":{"allow":["GET"]}}],"collection":[{"href":"https:\/\/www.proinas.com\/en\/wp-json\/wp\/v2\/product"}],"about":[{"href":"https:\/\/www.proinas.com\/en\/wp-json\/wp\/v2\/types\/product"}],"wp:featuredmedia":[{"embeddable":true,"href":"https:\/\/www.proinas.com\/en\/wp-json\/wp\/v2\/media\/3347"}],"wp:attachment":[{"href":"https:\/\/www.proinas.com\/en\/wp-json\/wp\/v2\/media?parent=1857"}],"wp:term":[{"taxonomy":"product_brand","embeddable":true,"href":"https:\/\/www.proinas.com\/en\/wp-json\/wp\/v2\/product_brand?post=1857"},{"taxonomy":"product_cat","embeddable":true,"href":"https:\/\/www.proinas.com\/en\/wp-json\/wp\/v2\/product_cat?post=1857"},{"taxonomy":"product_tag","embeddable":true,"href":"https:\/\/www.proinas.com\/en\/wp-json\/wp\/v2\/product_tag?post=1857"}],"curies":[{"name":"wp","href":"https:\/\/api.w.org\/{rel}","templated":true}]}}