{"id":1869,"date":"2019-02-12T15:48:26","date_gmt":"2019-02-12T15:48:26","guid":{"rendered":"http:\/\/proinas.net\/producto\/limpia-vidrios-linea-wala\/"},"modified":"2022-04-07T21:46:50","modified_gmt":"2022-04-07T21:46:50","slug":"limpia-vidrios-linea-wala","status":"publish","type":"product","link":"https:\/\/www.proinas.com\/en\/product\/limpia-vidrios-linea-wala\/","title":{"rendered":"Limpia Vidrios L\u00ednea Wal\u00e1"},"content":{"rendered":"<p style=\"text-align: justify;\"><b>Limpia Vidrios y Espejos<\/b><\/p>\n<p><b>DESCRIPCI\u00d3N <\/b><b>GENERAL.<\/b><\/p>\n<ul>\n<li>Ecopack con 50 mililitros de Limpiavidrios Concentrado para la producci\u00f3n de 500 mililitros de producto apto para el uso.<\/li>\n<li>Limpiador desengrasante de vidrios y espejos.<\/li>\n<li>Formula antiempa\u00f1ante de secado r\u00e1pido.<\/li>\n<li>Producto altamente biodegradable.<\/li>\n<\/ul>\n<p><b>APLICACIONES. <\/b>Recomendado para limpiar vidrios, espejos, ventanas, mesas y otras superficies de vidrio.<\/p>\n<p style=\"text-align: center;\"><a href=\"http:\/\/proinas.net\/wp-content\/uploads\/2019\/02\/LIMPIA-VIDRIOS-Y-ESPEJOS-L\u00cdNEA-WAL\u00c1.pdf\" target=\"_blank\" rel=\"noopener noreferrer\">FICHA COMERCIAL<\/a><\/p>","protected":false},"excerpt":{"rendered":"<p>Limpia Vidrios y Espejos DESCRIPCI\u00d3N GENERAL. Ecopack con 50 mililitros de Limpiavidrios Concentrado para la producci\u00f3n de 500 mililitros de producto apto para el uso. Limpiador desengrasante de vidrios y espejos. Formula antiempa\u00f1ante de secado r\u00e1pido. Producto altamente biodegradable. APLICACIONES. Recomendado para limpiar vidrios, espejos, ventanas, mesas y otras superficies de vidrio. FICHA COMERCIAL<\/p>","protected":false},"featured_media":3347,"template":"","meta":[],"product_brand":[],"product_cat":[23,132],"product_tag":[],"class_list":{"0":"post-1869","1":"product","2":"type-product","3":"status-publish","4":"has-post-thumbnail","6":"product_cat-limpiadores","7":"product_cat-linea-wala","9":"first","10":"instock","11":"taxable","12":"shipping-taxable","13":"product-type-simple"},"_links":{"self":[{"href":"https:\/\/www.proinas.com\/en\/wp-json\/wp\/v2\/product\/1869","targetHints":{"allow":["GET"]}}],"collection":[{"href":"https:\/\/www.proinas.com\/en\/wp-json\/wp\/v2\/product"}],"about":[{"href":"https:\/\/www.proinas.com\/en\/wp-json\/wp\/v2\/types\/product"}],"wp:featuredmedia":[{"embeddable":true,"href":"https:\/\/www.proinas.com\/en\/wp-json\/wp\/v2\/media\/3347"}],"wp:attachment":[{"href":"https:\/\/www.proinas.com\/en\/wp-json\/wp\/v2\/media?parent=1869"}],"wp:term":[{"taxonomy":"product_brand","embeddable":true,"href":"https:\/\/www.proinas.com\/en\/wp-json\/wp\/v2\/product_brand?post=1869"},{"taxonomy":"product_cat","embeddable":true,"href":"https:\/\/www.proinas.com\/en\/wp-json\/wp\/v2\/product_cat?post=1869"},{"taxonomy":"product_tag","embeddable":true,"href":"https:\/\/www.proinas.com\/en\/wp-json\/wp\/v2\/product_tag?post=1869"}],"curies":[{"name":"wp","href":"https:\/\/api.w.org\/{rel}","templated":true}]}}