{"id":1870,"date":"2019-02-12T15:53:22","date_gmt":"2019-02-12T15:53:22","guid":{"rendered":"http:\/\/proinas.net\/producto\/limpiador-de-brechas-linea-wala\/"},"modified":"2022-04-07T21:46:19","modified_gmt":"2022-04-07T21:46:19","slug":"limpiador-de-brechas-linea-wala","status":"publish","type":"product","link":"https:\/\/www.proinas.com\/en\/product\/limpiador-de-brechas-linea-wala\/","title":{"rendered":"Limpiador de Brechas L\u00ednea Wal\u00e1"},"content":{"rendered":"<p style=\"text-align: justify;\"><b>Limpiador de Brechas y Juntas<\/b><\/p>\n<p><b>DESCRIPCI\u00d3N <\/b><b>GENERAL.<\/b><\/p>\n<ul>\n<li>Ecopack con 50 mililitros de Limpiador Concentrado de Brechas y Juntas para la producci\u00f3n de 500 mililitros de producto apto para el uso.<\/li>\n<li>Limpiador de pH acido para la remoci\u00f3n de mugre, grasa y hongos en las uniones y\/o juntas de baldosas y cer\u00e1micas.<\/li>\n<li>Formula de efecto r\u00e1pido, altamente desinfectante y biodegradable.<\/li>\n<\/ul>\n<p><b>APLICACIONES. <\/b>Recomendado para remover y limpiar la suciedad de las uniones, juntas o brechas de pisos y paredes en loza o cer\u00e1mica.<\/p>\n<p style=\"text-align: center;\"><a href=\"http:\/\/proinas.net\/wp-content\/uploads\/2019\/02\/LIMPIADOR-DE-BRECHAS-Y-JUNTAS-L\u00cdNEA-WAL\u00c1-CL-protegido.pdf\" target=\"_blank\" rel=\"noopener noreferrer\">FICHA COMERCIAL<\/a><\/p>","protected":false},"excerpt":{"rendered":"<p>Limpiador de Brechas y Juntas DESCRIPCI\u00d3N GENERAL. Ecopack con 50 mililitros de Limpiador Concentrado de Brechas y Juntas para la producci\u00f3n de 500 mililitros de producto apto para el uso. Limpiador de pH acido para la remoci\u00f3n de mugre, grasa y hongos en las uniones y\/o juntas de baldosas y cer\u00e1micas. Formula de efecto r\u00e1pido, [&hellip;]<\/p>","protected":false},"featured_media":3347,"template":"","meta":[],"product_brand":[],"product_cat":[132,31],"product_tag":[],"class_list":{"0":"post-1870","1":"product","2":"type-product","3":"status-publish","4":"has-post-thumbnail","6":"product_cat-linea-wala","7":"product_cat-biotratamiento-para-pisos","9":"first","10":"instock","11":"taxable","12":"shipping-taxable","13":"product-type-simple"},"_links":{"self":[{"href":"https:\/\/www.proinas.com\/en\/wp-json\/wp\/v2\/product\/1870","targetHints":{"allow":["GET"]}}],"collection":[{"href":"https:\/\/www.proinas.com\/en\/wp-json\/wp\/v2\/product"}],"about":[{"href":"https:\/\/www.proinas.com\/en\/wp-json\/wp\/v2\/types\/product"}],"wp:featuredmedia":[{"embeddable":true,"href":"https:\/\/www.proinas.com\/en\/wp-json\/wp\/v2\/media\/3347"}],"wp:attachment":[{"href":"https:\/\/www.proinas.com\/en\/wp-json\/wp\/v2\/media?parent=1870"}],"wp:term":[{"taxonomy":"product_brand","embeddable":true,"href":"https:\/\/www.proinas.com\/en\/wp-json\/wp\/v2\/product_brand?post=1870"},{"taxonomy":"product_cat","embeddable":true,"href":"https:\/\/www.proinas.com\/en\/wp-json\/wp\/v2\/product_cat?post=1870"},{"taxonomy":"product_tag","embeddable":true,"href":"https:\/\/www.proinas.com\/en\/wp-json\/wp\/v2\/product_tag?post=1870"}],"curies":[{"name":"wp","href":"https:\/\/api.w.org\/{rel}","templated":true}]}}