{"id":1992,"date":"2019-06-19T14:08:07","date_gmt":"2019-06-19T14:08:07","guid":{"rendered":"http:\/\/proinas.net\/producto\/master-clean\/"},"modified":"2022-04-07T21:45:10","modified_gmt":"2022-04-07T21:45:10","slug":"master-clean","status":"publish","type":"product","link":"https:\/\/www.proinas.com\/en\/product\/master-clean\/","title":{"rendered":"MASTER CLEAN"},"content":{"rendered":"<p style=\"text-align: justify;\"><b>Desengrasante<\/b><strong>\u00a0alcalino concentrado biodegradable.<\/strong><\/p>\n<ul>\n<li style=\"text-align: justify;\">Limpiador alcalino hidrosoluble \u00fatil para\u00a0remover gran n\u00famero de tipos de grasas y\u00a0suciedades.<\/li>\n<li style=\"text-align: justify;\">No presenta olor. Grado alimenticio.<\/li>\n<li style=\"text-align: justify;\">No t\u00f3xico.<\/li>\n<li style=\"text-align: justify;\">De r\u00e1pida acci\u00f3n emulsificante.<\/li>\n<li style=\"text-align: justify;\">Generaci\u00f3n muy baja de espumosidad.<\/li>\n<\/ul>\n<p style=\"text-align: center;\"><a href=\"https:\/\/www.proinas.com\/wp-content\/uploads\/2022\/03\/MASTER_CLEAN_Ficha_Comercial-protegido.pdf\" target=\"_blank\" rel=\"noopener noreferrer\">FICHA COMERCIAL<\/a><\/p>\n<p style=\"text-align: center;\"><a href=\"http:\/\/www.proinas.com\/en\/contact-us\/\">FICHA T\u00c9CNICA<\/a><\/p>\n<p style=\"text-align: center;\"><a href=\"http:\/\/www.proinas.com\/en\/contact-us\/\">FICHA SEGURIDAD<\/a><\/p>","protected":false},"excerpt":{"rendered":"<p>Desengrasante\u00a0alcalino concentrado biodegradable. Limpiador alcalino hidrosoluble \u00fatil para\u00a0remover gran n\u00famero de tipos de grasas y\u00a0suciedades. No presenta olor. Grado alimenticio. No t\u00f3xico. De r\u00e1pida acci\u00f3n emulsificante. Generaci\u00f3n muy baja de espumosidad. FICHA COMERCIAL FICHA T\u00c9CNICA FICHA SEGURIDAD<\/p>","protected":false},"featured_media":3347,"template":"","meta":[],"product_brand":[],"product_cat":[171,134],"product_tag":[],"class_list":{"0":"post-1992","1":"product","2":"type-product","3":"status-publish","4":"has-post-thumbnail","6":"product_cat-biodesengrsante-de-grado-alimenticio-alimentos","7":"product_cat-biodesengrasantes-linea-para-alimentos","9":"first","10":"instock","11":"taxable","12":"shipping-taxable","13":"product-type-simple"},"_links":{"self":[{"href":"https:\/\/www.proinas.com\/en\/wp-json\/wp\/v2\/product\/1992","targetHints":{"allow":["GET"]}}],"collection":[{"href":"https:\/\/www.proinas.com\/en\/wp-json\/wp\/v2\/product"}],"about":[{"href":"https:\/\/www.proinas.com\/en\/wp-json\/wp\/v2\/types\/product"}],"wp:featuredmedia":[{"embeddable":true,"href":"https:\/\/www.proinas.com\/en\/wp-json\/wp\/v2\/media\/3347"}],"wp:attachment":[{"href":"https:\/\/www.proinas.com\/en\/wp-json\/wp\/v2\/media?parent=1992"}],"wp:term":[{"taxonomy":"product_brand","embeddable":true,"href":"https:\/\/www.proinas.com\/en\/wp-json\/wp\/v2\/product_brand?post=1992"},{"taxonomy":"product_cat","embeddable":true,"href":"https:\/\/www.proinas.com\/en\/wp-json\/wp\/v2\/product_cat?post=1992"},{"taxonomy":"product_tag","embeddable":true,"href":"https:\/\/www.proinas.com\/en\/wp-json\/wp\/v2\/product_tag?post=1992"}],"curies":[{"name":"wp","href":"https:\/\/api.w.org\/{rel}","templated":true}]}}