{"id":2034,"date":"2019-06-20T13:24:22","date_gmt":"2019-06-20T13:24:22","guid":{"rendered":"http:\/\/proinas.net\/producto\/potty-sant\/"},"modified":"2022-04-07T21:44:31","modified_gmt":"2022-04-07T21:44:31","slug":"potty-sant","status":"publish","type":"product","link":"https:\/\/www.proinas.com\/en\/product\/potty-sant\/","title":{"rendered":"POTTY SANT"},"content":{"rendered":"<p style=\"text-align: justify;\"><strong>Limpiador qu\u00edmico avanzado para orinales.<\/strong><\/p>\n<ul>\n<li style=\"text-align: justify;\">Remueve dep\u00f3sitos e incrustaciones de sales\u00a0calc\u00e1reas y sales de \u00e1cido \u00farico en orinales.<\/li>\n<li style=\"text-align: justify;\">\u00datil como producto limpiador para\u00a0mantenimiento preventivo y\/o correctivo.<\/li>\n<\/ul>\n<p style=\"text-align: center;\"><a href=\"https:\/\/www.proinas.com\/wp-content\/uploads\/2022\/03\/POTTY_SANT_Ficha_Comercial-protegido.pdf\" target=\"_blank\" rel=\"noopener noreferrer\">FICHA COMERCIAL<\/a><\/p>\n<p style=\"text-align: center;\"><a href=\"http:\/\/www.proinas.com\/en\/contact-us\/\">FICHA T\u00c9CNICA<\/a><\/p>\n<p style=\"text-align: center;\"><a href=\"http:\/\/www.proinas.com\/en\/contact-us\/\">FICHA SEGURIDAD<\/a><\/p>","protected":false},"excerpt":{"rendered":"<p>Limpiador qu\u00edmico avanzado para orinales. Remueve dep\u00f3sitos e incrustaciones de sales\u00a0calc\u00e1reas y sales de \u00e1cido \u00farico en orinales. \u00datil como producto limpiador para\u00a0mantenimiento preventivo y\/o correctivo. FICHA COMERCIAL FICHA T\u00c9CNICA FICHA SEGURIDAD<\/p>","protected":false},"featured_media":3347,"template":"","meta":[],"product_brand":[],"product_cat":[175,154,163,15],"product_tag":[],"class_list":{"0":"post-2034","1":"product","2":"type-product","3":"status-publish","4":"has-post-thumbnail","6":"product_cat-biodesincrustantes-alimentos","7":"product_cat-biodesincrustantes-industrial","8":"product_cat-biodesincrustantes-institucional","9":"product_cat-biodesincrustantes","11":"first","12":"instock","13":"taxable","14":"shipping-taxable","15":"product-type-simple"},"_links":{"self":[{"href":"https:\/\/www.proinas.com\/en\/wp-json\/wp\/v2\/product\/2034","targetHints":{"allow":["GET"]}}],"collection":[{"href":"https:\/\/www.proinas.com\/en\/wp-json\/wp\/v2\/product"}],"about":[{"href":"https:\/\/www.proinas.com\/en\/wp-json\/wp\/v2\/types\/product"}],"wp:featuredmedia":[{"embeddable":true,"href":"https:\/\/www.proinas.com\/en\/wp-json\/wp\/v2\/media\/3347"}],"wp:attachment":[{"href":"https:\/\/www.proinas.com\/en\/wp-json\/wp\/v2\/media?parent=2034"}],"wp:term":[{"taxonomy":"product_brand","embeddable":true,"href":"https:\/\/www.proinas.com\/en\/wp-json\/wp\/v2\/product_brand?post=2034"},{"taxonomy":"product_cat","embeddable":true,"href":"https:\/\/www.proinas.com\/en\/wp-json\/wp\/v2\/product_cat?post=2034"},{"taxonomy":"product_tag","embeddable":true,"href":"https:\/\/www.proinas.com\/en\/wp-json\/wp\/v2\/product_tag?post=2034"}],"curies":[{"name":"wp","href":"https:\/\/api.w.org\/{rel}","templated":true}]}}