{"id":2106,"date":"2019-07-08T15:07:33","date_gmt":"2019-07-08T15:07:33","guid":{"rendered":"http:\/\/www.proinas.com\/producto\/clean-cip-acid\/"},"modified":"2022-04-07T21:42:25","modified_gmt":"2022-04-07T21:42:25","slug":"clean-cip-acid","status":"publish","type":"product","link":"https:\/\/www.proinas.com\/en\/product\/clean-cip-acid\/","title":{"rendered":"CLEAN CIP ACID"},"content":{"rendered":"<p style=\"text-align: justify;\"><strong>Desengrasante \u00e1cido de espuma controlada y alta concentraci\u00f3n para sistemas de limpieza CIP.<\/strong><\/p>\n<ul>\n<li style=\"text-align: justify;\">Desarrollado para la remoci\u00f3n de residuos minerales de la leche y del agua en sistemas mec\u00e1nicos de orde\u00f1o y de refrigeraci\u00f3n de leche en circuito cerrado.<\/li>\n<li style=\"text-align: justify;\">Empleado para la limpieza de materiales y objetos que pueden estar en contacto con los alimentos, l\u00edquidos o productos para la alimentaci\u00f3n animal o humana.<\/li>\n<\/ul>\n<p style=\"text-align: center;\"><a href=\"https:\/\/www.proinas.com\/wp-content\/uploads\/2022\/03\/CLEAN_CIP_ACID_Ficha_Comercial-protegido.pdf\" target=\"_blank\" rel=\"noopener noreferrer\">FICHA COMERCIAL<\/a><\/p>\n<p style=\"text-align: center;\"><a href=\"http:\/\/www.proinas.com\/en\/contact-us\/\">FICHA T\u00c9CNICA<\/a><\/p>\n<p style=\"text-align: center;\"><a href=\"http:\/\/www.proinas.com\/en\/contact-us\/\">FICHA SEGURIDAD<\/a><\/p>","protected":false},"excerpt":{"rendered":"<p>Desengrasante \u00e1cido de espuma controlada y alta concentraci\u00f3n para sistemas de limpieza CIP. Desarrollado para la remoci\u00f3n de residuos minerales de la leche y del agua en sistemas mec\u00e1nicos de orde\u00f1o y de refrigeraci\u00f3n de leche en circuito cerrado. Empleado para la limpieza de materiales y objetos que pueden estar en contacto con los alimentos, [&hellip;]<\/p>","protected":false},"featured_media":3347,"template":"","meta":[],"product_brand":[],"product_cat":[171,134],"product_tag":[],"class_list":{"0":"post-2106","1":"product","2":"type-product","3":"status-publish","4":"has-post-thumbnail","6":"product_cat-biodesengrsante-de-grado-alimenticio-alimentos","7":"product_cat-biodesengrasantes-linea-para-alimentos","9":"first","10":"instock","11":"taxable","12":"shipping-taxable","13":"product-type-simple"},"_links":{"self":[{"href":"https:\/\/www.proinas.com\/en\/wp-json\/wp\/v2\/product\/2106","targetHints":{"allow":["GET"]}}],"collection":[{"href":"https:\/\/www.proinas.com\/en\/wp-json\/wp\/v2\/product"}],"about":[{"href":"https:\/\/www.proinas.com\/en\/wp-json\/wp\/v2\/types\/product"}],"wp:featuredmedia":[{"embeddable":true,"href":"https:\/\/www.proinas.com\/en\/wp-json\/wp\/v2\/media\/3347"}],"wp:attachment":[{"href":"https:\/\/www.proinas.com\/en\/wp-json\/wp\/v2\/media?parent=2106"}],"wp:term":[{"taxonomy":"product_brand","embeddable":true,"href":"https:\/\/www.proinas.com\/en\/wp-json\/wp\/v2\/product_brand?post=2106"},{"taxonomy":"product_cat","embeddable":true,"href":"https:\/\/www.proinas.com\/en\/wp-json\/wp\/v2\/product_cat?post=2106"},{"taxonomy":"product_tag","embeddable":true,"href":"https:\/\/www.proinas.com\/en\/wp-json\/wp\/v2\/product_tag?post=2106"}],"curies":[{"name":"wp","href":"https:\/\/api.w.org\/{rel}","templated":true}]}}