{"id":2125,"date":"2019-07-09T13:07:33","date_gmt":"2019-07-09T13:07:33","guid":{"rendered":"http:\/\/www.proinas.com\/producto\/super-clean-cip\/"},"modified":"2022-04-07T21:37:25","modified_gmt":"2022-04-07T21:37:25","slug":"super-clean-cip","status":"publish","type":"product","link":"https:\/\/www.proinas.com\/en\/product\/super-clean-cip\/","title":{"rendered":"SUPER CLEAN CIP"},"content":{"rendered":"<p style=\"text-align: justify;\"><strong>Desengrasante\u00a0alcalino\u00a0para sistemas de limpieza CIP.<\/strong><\/p>\n<ul>\n<li style=\"text-align: justify;\">Limpiador industrial soluble en agua fr\u00eda o caliente, diluye todo tipo de grasas y suciedades adheridas en sistemas de recirculaci\u00f3n.<\/li>\n<li style=\"text-align: justify;\">Permite eliminar de forma r\u00e1pida y efectiva el material org\u00e1nico presente en las instalaciones de orde\u00f1o.<\/li>\n<li style=\"text-align: justify;\">Empleado para la limpieza de materiales y objetos que pueden estar en contacto con los alimentos, l\u00edquidos o productos para la alimentaci\u00f3n animal o humana.<\/li>\n<\/ul>\n<p style=\"text-align: center;\"><a href=\"http:\/\/proinas.net\/wp-content\/uploads\/2019\/07\/SUPER_CLEAN_CIP_Ficha_Comercial.pdf\" target=\"_blank\" rel=\"noopener noreferrer\">FICHA COMERCIAL<\/a><\/p>\n<p style=\"text-align: center;\"><a href=\"http:\/\/www.proinas.com\/en\/contact-us\/\">FICHA T\u00c9CNICA<\/a><\/p>\n<p style=\"text-align: center;\"><a href=\"http:\/\/www.proinas.com\/en\/contact-us\/\">FICHA SEGURIDAD<\/a><\/p>","protected":false},"excerpt":{"rendered":"<p>Desengrasante\u00a0alcalino\u00a0para sistemas de limpieza CIP. Limpiador industrial soluble en agua fr\u00eda o caliente, diluye todo tipo de grasas y suciedades adheridas en sistemas de recirculaci\u00f3n. Permite eliminar de forma r\u00e1pida y efectiva el material org\u00e1nico presente en las instalaciones de orde\u00f1o. Empleado para la limpieza de materiales y objetos que pueden estar en contacto con [&hellip;]<\/p>","protected":false},"featured_media":3347,"template":"","meta":[],"product_brand":[],"product_cat":[171,134],"product_tag":[],"class_list":{"0":"post-2125","1":"product","2":"type-product","3":"status-publish","4":"has-post-thumbnail","6":"product_cat-biodesengrsante-de-grado-alimenticio-alimentos","7":"product_cat-biodesengrasantes-linea-para-alimentos","9":"first","10":"instock","11":"taxable","12":"shipping-taxable","13":"product-type-simple"},"_links":{"self":[{"href":"https:\/\/www.proinas.com\/en\/wp-json\/wp\/v2\/product\/2125","targetHints":{"allow":["GET"]}}],"collection":[{"href":"https:\/\/www.proinas.com\/en\/wp-json\/wp\/v2\/product"}],"about":[{"href":"https:\/\/www.proinas.com\/en\/wp-json\/wp\/v2\/types\/product"}],"wp:featuredmedia":[{"embeddable":true,"href":"https:\/\/www.proinas.com\/en\/wp-json\/wp\/v2\/media\/3347"}],"wp:attachment":[{"href":"https:\/\/www.proinas.com\/en\/wp-json\/wp\/v2\/media?parent=2125"}],"wp:term":[{"taxonomy":"product_brand","embeddable":true,"href":"https:\/\/www.proinas.com\/en\/wp-json\/wp\/v2\/product_brand?post=2125"},{"taxonomy":"product_cat","embeddable":true,"href":"https:\/\/www.proinas.com\/en\/wp-json\/wp\/v2\/product_cat?post=2125"},{"taxonomy":"product_tag","embeddable":true,"href":"https:\/\/www.proinas.com\/en\/wp-json\/wp\/v2\/product_tag?post=2125"}],"curies":[{"name":"wp","href":"https:\/\/api.w.org\/{rel}","templated":true}]}}