{"id":2134,"date":"2019-07-09T13:37:26","date_gmt":"2019-07-09T13:37:26","guid":{"rendered":"http:\/\/www.proinas.com\/producto\/kesef\/"},"modified":"2022-04-07T21:35:26","modified_gmt":"2022-04-07T21:35:26","slug":"kesef","status":"publish","type":"product","link":"https:\/\/www.proinas.com\/en\/product\/kesef\/","title":{"rendered":"KESEF"},"content":{"rendered":"<p style=\"text-align: justify;\"><strong>Desengrasante y\u00a0Emulsificante hidrosoluble.<\/strong><\/p>\n<ul>\n<li style=\"text-align: justify;\">Dise\u00f1ado para utilizar en empresas de alimentos, metalmec\u00e1nicas e industria en general, sin ning\u00fan riesgo para la salud y el medio ambiente.<\/li>\n<li style=\"text-align: justify;\">Efectivo en la limpieza de equipos en industrias de alimentos, piezas met\u00e1licas e industria en general.<\/li>\n<li style=\"text-align: justify;\">Puede usarse con seguridad en superficies de concreto, pl\u00e1stico, caucho, vinilos, metal, etc.<\/li>\n<\/ul>\n<p style=\"text-align: center;\"><a href=\"http:\/\/proinas.net\/wp-content\/uploads\/2019\/07\/KESEF_Ficha_Comercial.pdf\" target=\"_blank\" rel=\"noopener noreferrer\">FICHA COMERCIAL<\/a><\/p>\n<p style=\"text-align: center;\"><a href=\"http:\/\/www.proinas.com\/en\/contact-us\/\">FICHA T\u00c9CNICA<\/a><\/p>\n<p style=\"text-align: center;\"><a href=\"http:\/\/www.proinas.com\/en\/contact-us\/\">FICHA SEGURIDAD<\/a><\/p>","protected":false},"excerpt":{"rendered":"<p>Desengrasante y\u00a0Emulsificante hidrosoluble. Dise\u00f1ado para utilizar en empresas de alimentos, metalmec\u00e1nicas e industria en general, sin ning\u00fan riesgo para la salud y el medio ambiente. Efectivo en la limpieza de equipos en industrias de alimentos, piezas met\u00e1licas e industria en general. Puede usarse con seguridad en superficies de concreto, pl\u00e1stico, caucho, vinilos, metal, etc. FICHA [&hellip;]<\/p>","protected":false},"featured_media":3347,"template":"","meta":[],"product_brand":[],"product_cat":[13,121],"product_tag":[],"class_list":{"0":"post-2134","1":"product","2":"type-product","3":"status-publish","4":"has-post-thumbnail","6":"product_cat-biodesengrasantes","7":"product_cat-tienda","9":"first","10":"instock","11":"taxable","12":"shipping-taxable","13":"product-type-simple"},"_links":{"self":[{"href":"https:\/\/www.proinas.com\/en\/wp-json\/wp\/v2\/product\/2134","targetHints":{"allow":["GET"]}}],"collection":[{"href":"https:\/\/www.proinas.com\/en\/wp-json\/wp\/v2\/product"}],"about":[{"href":"https:\/\/www.proinas.com\/en\/wp-json\/wp\/v2\/types\/product"}],"wp:featuredmedia":[{"embeddable":true,"href":"https:\/\/www.proinas.com\/en\/wp-json\/wp\/v2\/media\/3347"}],"wp:attachment":[{"href":"https:\/\/www.proinas.com\/en\/wp-json\/wp\/v2\/media?parent=2134"}],"wp:term":[{"taxonomy":"product_brand","embeddable":true,"href":"https:\/\/www.proinas.com\/en\/wp-json\/wp\/v2\/product_brand?post=2134"},{"taxonomy":"product_cat","embeddable":true,"href":"https:\/\/www.proinas.com\/en\/wp-json\/wp\/v2\/product_cat?post=2134"},{"taxonomy":"product_tag","embeddable":true,"href":"https:\/\/www.proinas.com\/en\/wp-json\/wp\/v2\/product_tag?post=2134"}],"curies":[{"name":"wp","href":"https:\/\/api.w.org\/{rel}","templated":true}]}}