{"id":2148,"date":"2019-07-09T14:24:27","date_gmt":"2019-07-09T14:24:27","guid":{"rendered":"http:\/\/www.proinas.com\/producto\/refrigersant\/"},"modified":"2022-04-07T21:34:56","modified_gmt":"2022-04-07T21:34:56","slug":"refrigersant","status":"publish","type":"product","link":"https:\/\/www.proinas.com\/en\/product\/refrigersant\/","title":{"rendered":"REFRIGERSANT"},"content":{"rendered":"<p style=\"text-align: justify;\"><strong>Limpiador para serpentines no acido.<\/strong><\/p>\n<ul>\n<li><b>REFRIGERSANT <\/b>act\u00faa como un ataque frontal para problemas severos de limpieza de serpentines.<\/li>\n<li>Penetra y se adhiere a las superficies para m\u00e1xima efectividad.<\/li>\n<li>Para problemas de suciedad pesada en serpentines de los aires acondicionados.<\/li>\n<li>Acci\u00f3n r\u00e1pida espumante que desaloja la suciedad y da brillo.<\/li>\n<\/ul>\n<p style=\"text-align: center;\"><a href=\"http:\/\/proinas.net\/wp-content\/uploads\/2019\/07\/REFRIGERSANT-FICHA-COMERCIAL.pdf\" target=\"_blank\" rel=\"noopener noreferrer\">FICHA COMERCIAL<\/a><\/p>\n<p style=\"text-align: center;\"><a href=\"http:\/\/www.proinas.com\/en\/contact-us\/\">FICHA T\u00c9CNICA<\/a><\/p>\n<p style=\"text-align: center;\"><a href=\"http:\/\/www.proinas.com\/en\/contact-us\/\">FICHA SEGURIDAD<\/a><\/p>","protected":false},"excerpt":{"rendered":"<p>Limpiador para serpentines no acido. REFRIGERSANT act\u00faa como un ataque frontal para problemas severos de limpieza de serpentines. Penetra y se adhiere a las superficies para m\u00e1xima efectividad. Para problemas de suciedad pesada en serpentines de los aires acondicionados. Acci\u00f3n r\u00e1pida espumante que desaloja la suciedad y da brillo. FICHA COMERCIAL FICHA T\u00c9CNICA FICHA SEGURIDAD<\/p>","protected":false},"featured_media":3347,"template":"","meta":[],"product_brand":[],"product_cat":[175,154,163,15],"product_tag":[],"class_list":{"0":"post-2148","1":"product","2":"type-product","3":"status-publish","4":"has-post-thumbnail","6":"product_cat-biodesincrustantes-alimentos","7":"product_cat-biodesincrustantes-industrial","8":"product_cat-biodesincrustantes-institucional","9":"product_cat-biodesincrustantes","11":"first","12":"instock","13":"taxable","14":"shipping-taxable","15":"product-type-simple"},"_links":{"self":[{"href":"https:\/\/www.proinas.com\/en\/wp-json\/wp\/v2\/product\/2148","targetHints":{"allow":["GET"]}}],"collection":[{"href":"https:\/\/www.proinas.com\/en\/wp-json\/wp\/v2\/product"}],"about":[{"href":"https:\/\/www.proinas.com\/en\/wp-json\/wp\/v2\/types\/product"}],"wp:featuredmedia":[{"embeddable":true,"href":"https:\/\/www.proinas.com\/en\/wp-json\/wp\/v2\/media\/3347"}],"wp:attachment":[{"href":"https:\/\/www.proinas.com\/en\/wp-json\/wp\/v2\/media?parent=2148"}],"wp:term":[{"taxonomy":"product_brand","embeddable":true,"href":"https:\/\/www.proinas.com\/en\/wp-json\/wp\/v2\/product_brand?post=2148"},{"taxonomy":"product_cat","embeddable":true,"href":"https:\/\/www.proinas.com\/en\/wp-json\/wp\/v2\/product_cat?post=2148"},{"taxonomy":"product_tag","embeddable":true,"href":"https:\/\/www.proinas.com\/en\/wp-json\/wp\/v2\/product_tag?post=2148"}],"curies":[{"name":"wp","href":"https:\/\/api.w.org\/{rel}","templated":true}]}}