{"id":2188,"date":"2019-07-10T15:12:41","date_gmt":"2019-07-10T15:12:41","guid":{"rendered":"http:\/\/www.proinas.com\/producto\/cloridex\/"},"modified":"2023-09-21T16:12:10","modified_gmt":"2023-09-21T16:12:10","slug":"cloridex","status":"publish","type":"product","link":"https:\/\/www.proinas.com\/en\/product\/cloridex\/","title":{"rendered":"CLORIDEX"},"content":{"rendered":"<p style=\"text-align: justify;\"><strong>Desinfectante granulado para uso de pediluvios en seco<\/strong><\/p>\n<ul>\n<li style=\"text-align: justify;\">CLORIDEX es el resultado de un proceso\u00a0qu\u00edmico que mata e inactiva microorganismos<br \/>\npresentes en pediluvios secos en contacto con\u00a0calcio.<\/li>\n<li style=\"text-align: justify;\">Inhibe el crecimiento de microorganismos\u00a0pat\u00f3genos en fase vegetativa pues act\u00faa como<br \/>\nalgicida, no corrosivo y no t\u00f3xico.<\/li>\n<li style=\"text-align: justify;\">CLORIDEX es el desinfectante por\u00a0excelencia en la industria alimenticia ya que\u00a0est\u00e1 compuesta por elementos qu\u00edmicos que\u00a0aseguran alta efectividad a un bajo costo.<\/li>\n<\/ul>\n<p style=\"text-align: center;\"><a href=\"http:\/\/proinas.net\/wp-content\/uploads\/2019\/07\/CLORIDEX_Ficha_Comercial.pdf\" target=\"_blank\" rel=\"noopener noreferrer\">FICHA COMERCIAL<\/a><\/p>\n<p style=\"text-align: center;\"><a href=\"http:\/\/www.proinas.com\/en\/contact-us\/\">FICHA T\u00c9CNICA<\/a><\/p>\n<p style=\"text-align: center;\"><a href=\"http:\/\/www.proinas.com\/en\/contact-us\/\">FICHA SEGURIDAD<\/a><\/p>","protected":false},"excerpt":{"rendered":"<p>Desinfectante granulado para uso de pediluvios en seco CLORIDEX es el resultado de un proceso\u00a0qu\u00edmico que mata e inactiva microorganismos presentes en pediluvios secos en contacto con\u00a0calcio. Inhibe el crecimiento de microorganismos\u00a0pat\u00f3genos en fase vegetativa pues act\u00faa como algicida, no corrosivo y no t\u00f3xico. CLORIDEX es el desinfectante por\u00a0excelencia en la industria alimenticia ya que\u00a0est\u00e1 [&hellip;]<\/p>","protected":false},"featured_media":3347,"template":"","meta":[],"product_brand":[],"product_cat":[16],"product_tag":[],"class_list":{"0":"post-2188","1":"product","2":"type-product","3":"status-publish","4":"has-post-thumbnail","6":"product_cat-biodesinfectantes-y-sanitizadores","8":"first","9":"instock","10":"taxable","11":"shipping-taxable","12":"product-type-simple"},"_links":{"self":[{"href":"https:\/\/www.proinas.com\/en\/wp-json\/wp\/v2\/product\/2188","targetHints":{"allow":["GET"]}}],"collection":[{"href":"https:\/\/www.proinas.com\/en\/wp-json\/wp\/v2\/product"}],"about":[{"href":"https:\/\/www.proinas.com\/en\/wp-json\/wp\/v2\/types\/product"}],"wp:featuredmedia":[{"embeddable":true,"href":"https:\/\/www.proinas.com\/en\/wp-json\/wp\/v2\/media\/3347"}],"wp:attachment":[{"href":"https:\/\/www.proinas.com\/en\/wp-json\/wp\/v2\/media?parent=2188"}],"wp:term":[{"taxonomy":"product_brand","embeddable":true,"href":"https:\/\/www.proinas.com\/en\/wp-json\/wp\/v2\/product_brand?post=2188"},{"taxonomy":"product_cat","embeddable":true,"href":"https:\/\/www.proinas.com\/en\/wp-json\/wp\/v2\/product_cat?post=2188"},{"taxonomy":"product_tag","embeddable":true,"href":"https:\/\/www.proinas.com\/en\/wp-json\/wp\/v2\/product_tag?post=2188"}],"curies":[{"name":"wp","href":"https:\/\/api.w.org\/{rel}","templated":true}]}}